{"id":22,"date":"2017-05-25T23:20:29","date_gmt":"2017-05-25T21:20:29","guid":{"rendered":"https:\/\/www.basketclubs.be\/abctemploux\/?page_id=22"},"modified":"2017-05-25T23:20:29","modified_gmt":"2017-05-25T21:20:29","slug":"history","status":"publish","type":"page","link":"https:\/\/www.basketclubs.be\/abctemploux\/history\/","title":{"rendered":"Historique"},"content":{"rendered":"<p>Le 1 juillet 2016, lors de la premi\u00e8re AG de l&rsquo;ASBL, le nouveau club de Temploux \u2013 h\u00e9ritier du BC IATA Namur \u2013 fut officiellement cr\u00e9\u00e9, et la parution des statuts au moniteur a suivi le 27 juillet.<\/p>\n<p>H\u00e9ritier de l&rsquo;IATA &#8211; et fier de l&rsquo;\u00eatre \u2013 la reprise du matricule 1953 sous un nouveau nom s&rsquo;est faite essentiellement sous l&rsquo;impulsion de nos joueurs. C&rsquo;est en effet eux qui ont exprim\u00e9 leur volont\u00e9 de \u00ab\u00a0rester ensemble\u00a0\u00bb plut\u00f4t que de s&rsquo;\u00e9parpiller dans d&rsquo;autres clubs de la r\u00e9gion.<\/p>\n<p>Un nouveau comit\u00e9 s&rsquo;est mis en place, constitu\u00e9 de quelques anciens, et surtout renforc\u00e9 par deux joueurs de chacune de nos \u00e9quipes. Ce qui traduit notre volont\u00e9 de faire un club qui sera directement g\u00e9r\u00e9 par ses acteurs, dans la droite ligne de l&rsquo;esprit qui a toujours r\u00e9gn\u00e9 au sein de l&rsquo;IATA.<\/p>\n<p>Le mois d&rsquo;ao\u00fbt fut le t\u00e9moin de deux activit\u00e9s essentielles qui furent fondatrices de notre nouvelle banni\u00e8re:<\/p>\n<p>Un souper le 12 ao\u00fbt dans notre nouvelle salle de Temploux, avec une pr\u00e9sence record (70 personnes pour 44 joueurs) o\u00f9 nous avons avant tout rendu un sensible hommage \u00e0 Claude Descurieux, incarnation-m\u00eame du BC IATA \u00e0 l&rsquo;ext\u00e9rieur, mais aussi et surtout pr\u00e9sident et acteur discret et efficace de tant de t\u00e2ches de l&rsquo;ombre, pendant autant d&rsquo;ann\u00e9es, au service de ses jeunes. A Claude d\u00e9sormais, tel un g\u00e9n\u00e9ral en retraite ou un docteur \u00ab\u00a0Honoris Causa\u00a0\u00bb ayant marqu\u00e9 de son empreinte une cause d&rsquo;honneur ou d&rsquo; Humanit\u00e9 avec un grand H (les deux dans le cas particulier de Claude), nous avons offert le titre de \u00ab\u00a0Pr\u00e9sident d&rsquo;honneur\u00a0\u00bb de l&rsquo;ABC Temploux.<\/p>\n<p>Nous y avons aussi jet\u00e9 les bases de notre nouvelle image en d\u00e9cidant de notre nouveau logo, de nos nouvelles couleurs (nos nouveaux maillots sont en commande), &#8230; et comme toute association qui se respecte, de notre nouvelle mascotte (elle s&rsquo;appelle Fran\u00e7ienne Franton) !<\/p>\n<p>Le week-end suivant, nous avons \u00ab\u00a0tenu\u00a0\u00bb le stand de la prairie HENNAU au b\u00e9n\u00e9fice de la brocante de Temploux. Je ne peux que remercier tout le comit\u00e9 de la brocante, et en particulier son pr\u00e9sident Monsieur Luc Halleux pour le support qu&rsquo;ils nous ont apport\u00e9. C&rsquo;est donc avec un grand plaisir que l&rsquo;ensemble des membres du club s&rsquo;est mobilis\u00e9 sur le stand, et nous l&rsquo;esp\u00e9rons, \u00e0 la satisfaction de son comit\u00e9 !<\/p>\n<p>Avec ce souper, et avec notre \u00ab\u00a0aventure brocante\u00a0\u00bb, bien plus que le bilan financier que cela a pu g\u00e9n\u00e9rer pour le club, la plus grande valeur ajout\u00e9e de ces \u00e9v\u00e9nements fut directement pour nous, et celle-l\u00e0 ne se chiffre pas: avant nous avions\u00a0<em>trois \u00e9quipes<\/em>, certes soud\u00e9es, amis de longue date, et qui composaient un club. Mais depuis, une transformation s&rsquo;est op\u00e9r\u00e9e, naturellement, et en particulier au travers du m\u00e9lange des joueurs de nos diff\u00e9rentes \u00e9quipes dans le service sur le stand. Aujourd&rsquo;hui, nous formons d\u00e9sormais et avant tout\u00a0<em>un seul club<\/em>.<\/p>\n<p>Nous voil\u00e0 arriv\u00e9s au d\u00e9but du championnat et &#8211; c&rsquo;est certain &#8211; l&rsquo; ABC Temploux est bel et bien lanc\u00e9, en plein dans l&rsquo;esprit que nous voulions voir y r\u00e9gner. Des ambitions pour nos \u00e9quipes ? Certes, ils en ont, mais mon ambition en tant que pr\u00e9sident est avant tout que nous fassions a chaque occasion honneur \u00e0 la devise que nous nous sommes choisie&#8230;<\/p>\n<p>Alors, \u00e0 tous, je vous souhaite d&rsquo;ores et d\u00e9j\u00e0 bienvenue chez nous pour chacun de vos matchs \u00e0 Temploux durant cette saison, et quand vous viendrez, n&rsquo;oubliez pas de saluer Fran\u00e7ienne, et surtout, quelques soient vos ambitions pour la saison, rejoignez-nous dans notre devise<\/p>\n<p><em>\u00a0<\/em><em>\u00ab\u00a0ABC TEMPLOUX \u2013 FAITES VOUS PLAISIR !\u00a0\u00bb<\/em><\/p>\n<p>Longue vie \u00e0 l&rsquo;ABC Temploux,<\/p>\n<p>Vincent Lhoest,<\/p>\n<p>Pr\u00e9sident.<\/p>\n","protected":false},"excerpt":{"rendered":"<p>Le 1 juillet 2016, lors de la premi\u00e8re AG de l&rsquo;ASBL, le nouveau club de Temploux \u2013 h\u00e9ritier du BC IATA Namur \u2013 fut officiellement cr\u00e9\u00e9, et la parution des statuts au moniteur a suivi le 27 juillet. H\u00e9ritier de l&rsquo;IATA &#8211; et fier de l&rsquo;\u00eatre \u2013 la reprise du matricule 1953 sous un nouveau [&hellip;]<\/p>\n","protected":false},"author":128,"featured_media":0,"parent":0,"menu_order":0,"comment_status":"closed","ping_status":"closed","template":"page-templates\/page-history.php","meta":{"footnotes":""},"class_list":["post-22","page","type-page","status-publish","hentry"],"_links":{"self":[{"href":"https:\/\/www.basketclubs.be\/abctemploux\/wp-json\/wp\/v2\/pages\/22","targetHints":{"allow":["GET"]}}],"collection":[{"href":"https:\/\/www.basketclubs.be\/abctemploux\/wp-json\/wp\/v2\/pages"}],"about":[{"href":"https:\/\/www.basketclubs.be\/abctemploux\/wp-json\/wp\/v2\/types\/page"}],"author":[{"embeddable":true,"href":"https:\/\/www.basketclubs.be\/abctemploux\/wp-json\/wp\/v2\/users\/128"}],"replies":[{"embeddable":true,"href":"https:\/\/www.basketclubs.be\/abctemploux\/wp-json\/wp\/v2\/comments?post=22"}],"version-history":[{"count":2,"href":"https:\/\/www.basketclubs.be\/abctemploux\/wp-json\/wp\/v2\/pages\/22\/revisions"}],"predecessor-version":[{"id":58,"href":"https:\/\/www.basketclubs.be\/abctemploux\/wp-json\/wp\/v2\/pages\/22\/revisions\/58"}],"wp:attachment":[{"href":"https:\/\/www.basketclubs.be\/abctemploux\/wp-json\/wp\/v2\/media?parent=22"}],"curies":[{"name":"wp","href":"https:\/\/api.w.org\/{rel}","templated":true}]}}