{"id":37,"date":"2017-05-25T23:51:08","date_gmt":"2017-05-25T21:51:08","guid":{"rendered":"https:\/\/www.basketclubs.be\/abctemploux\/?page_id=37"},"modified":"2024-08-30T13:55:02","modified_gmt":"2024-08-30T11:55:02","slug":"documents","status":"publish","type":"page","link":"https:\/\/www.basketclubs.be\/abctemploux\/documents\/","title":{"rendered":"Documents utiles : certificat m\u00e9dical, accidents&#8230;"},"content":{"rendered":"<div class=\"single-entry-excerpt\">\n<p class=\"excerpt-info\">Lien vers le certificat m\u00e9dical AWBB \u00e0 imprimer et faire remplir \u00e0 partir du 1er Juillet 2018<\/p>\n<\/div>\n<div class=\"entry-content\">\n<p>N\u2019oubliez pas de faire remplir le certificat m\u00e9dical par votre m\u00e9decin \u00e0 partir du 1er Juillet. Lien vers le certificat m\u00e9dical AWBB \u00e0 imprimer :<\/p>\n<p>https:\/\/www.awbb.be\/wp-content\/uploads\/2024\/04\/CM24-25.pdf<\/p><\/div>\n<div>https:\/\/www.awbb.be\/wp-content\/uploads\/2024\/04\/CM2425A4.pdf<\/div>\n<div><\/div>\n<p>Voici le lien vers la d\u00e9claration d&rsquo;accident Ethias \u00e0 remplir et faire remplir par votre m\u00e9decin:<\/p>\n<p><a href=\"https:\/\/www.cpnamur.be\/wp-content\/uploads\/2020\/08\/D%C3%A9claration-daccident.pdf\">http:\/\/www.awbb.be\/wp-content\/uploads\/2018\/07\/D%C3%A9claration-daccident.pdf<\/a><\/p>\n","protected":false},"excerpt":{"rendered":"<p>Lien vers le certificat m\u00e9dical AWBB \u00e0 imprimer et faire remplir \u00e0 partir du 1er Juillet 2018 N\u2019oubliez pas de faire remplir le certificat m\u00e9dical par votre m\u00e9decin \u00e0 partir du 1er Juillet. Lien vers le certificat m\u00e9dical AWBB \u00e0 imprimer : https:\/\/www.awbb.be\/wp-content\/uploads\/2024\/04\/CM24-25.pdf https:\/\/www.awbb.be\/wp-content\/uploads\/2024\/04\/CM2425A4.pdf Voici le lien vers la d\u00e9claration d&rsquo;accident Ethias \u00e0 remplir et [&hellip;]<\/p>\n","protected":false},"author":128,"featured_media":0,"parent":0,"menu_order":0,"comment_status":"closed","ping_status":"closed","template":"page-templates\/page-documents.php","meta":{"footnotes":""},"class_list":["post-37","page","type-page","status-publish","hentry"],"_links":{"self":[{"href":"https:\/\/www.basketclubs.be\/abctemploux\/wp-json\/wp\/v2\/pages\/37","targetHints":{"allow":["GET"]}}],"collection":[{"href":"https:\/\/www.basketclubs.be\/abctemploux\/wp-json\/wp\/v2\/pages"}],"about":[{"href":"https:\/\/www.basketclubs.be\/abctemploux\/wp-json\/wp\/v2\/types\/page"}],"author":[{"embeddable":true,"href":"https:\/\/www.basketclubs.be\/abctemploux\/wp-json\/wp\/v2\/users\/128"}],"replies":[{"embeddable":true,"href":"https:\/\/www.basketclubs.be\/abctemploux\/wp-json\/wp\/v2\/comments?post=37"}],"version-history":[{"count":5,"href":"https:\/\/www.basketclubs.be\/abctemploux\/wp-json\/wp\/v2\/pages\/37\/revisions"}],"predecessor-version":[{"id":238,"href":"https:\/\/www.basketclubs.be\/abctemploux\/wp-json\/wp\/v2\/pages\/37\/revisions\/238"}],"wp:attachment":[{"href":"https:\/\/www.basketclubs.be\/abctemploux\/wp-json\/wp\/v2\/media?parent=37"}],"curies":[{"name":"wp","href":"https:\/\/api.w.org\/{rel}","templated":true}]}}