{"id":22,"date":"2022-03-24T11:41:08","date_gmt":"2022-03-24T10:41:08","guid":{"rendered":"https:\/\/www.basketclubs.be\/andennebasket\/?page_id=22"},"modified":"2022-03-24T16:26:04","modified_gmt":"2022-03-24T15:26:04","slug":"history","status":"publish","type":"page","link":"https:\/\/www.basketclubs.be\/andennebasket\/history\/","title":{"rendered":"Historique"},"content":{"rendered":"<p>Andenne Basket est n\u00e9 le 22\/3\/2014 de la fusion des clubs Bc First Andenne et Continental Andenne pour recr\u00e9er un grand club \u00e0 Andenne et unir les forces vives des 2 clubs.<\/p>\n<p>Andenne ville de basket a connu la D1 avec feu\u00a0 le BC Andenne L\u00e9onard sports qui disparut lors de la fusion avec le BC First.<\/p>\n<p>Le Continental connut lui aussi une fusion pr\u00e9alable avec l&rsquo;\u00e9lan Seilles.<\/p>\n<p>Autres clubs ayant exist\u00e9 \u00e0 une \u00e9poque \u00e0 Andenne : Le BC Sixters Bonneville, les OLd Chap&rsquo;s , Le BC\u00a0 Nam\u00eache et un club \u00e0 Andenelle.<\/p>\n<p>Le nouveau club a connu son heure de gloire en Mai 2019 quand son \u00e9quipe U21 devint pour la premi\u00e8re fois \u00e0 Andenne Championne de Belgique.<\/p>\n<p>Le BC Andenne connut ses heures de gloire en rejoignant la division 1 nationale avec une majorit\u00e9 de joueurs provenant d&rsquo;Andenne et les environs. Une fusion avec le Standard de Li\u00e8ge , puis une autre fusion avec Mariembourg (Mariandenne) prolong\u00e8rent l&rsquo;existence d&rsquo;Andenne au plus haut niveau.<\/p>\n<p>Nous comptons 3 internationaux belges form\u00e9s \u00e0 Andenne :<\/p>\n<p>Etienne Bodson<\/p>\n<p>Bernard Tirtiaux (59)<\/p>\n<p>Pierre Cornia (64)<\/p>\n<div id=\"ConnectiveDocSignExtentionInstalled\"><\/div>\n","protected":false},"excerpt":{"rendered":"<p>Andenne Basket est n\u00e9 le 22\/3\/2014 de la fusion des clubs Bc First Andenne et Continental Andenne pour recr\u00e9er un grand club \u00e0 Andenne et unir les forces vives des 2 clubs. Andenne ville de basket a connu la D1 avec feu\u00a0 le BC Andenne L\u00e9onard sports qui disparut lors de la fusion avec le [&hellip;]<\/p>\n","protected":false},"author":224,"featured_media":0,"parent":0,"menu_order":0,"comment_status":"closed","ping_status":"closed","template":"page-templates\/page-history.php","meta":{"footnotes":""},"class_list":["post-22","page","type-page","status-publish","hentry"],"_links":{"self":[{"href":"https:\/\/www.basketclubs.be\/andennebasket\/wp-json\/wp\/v2\/pages\/22","targetHints":{"allow":["GET"]}}],"collection":[{"href":"https:\/\/www.basketclubs.be\/andennebasket\/wp-json\/wp\/v2\/pages"}],"about":[{"href":"https:\/\/www.basketclubs.be\/andennebasket\/wp-json\/wp\/v2\/types\/page"}],"author":[{"embeddable":true,"href":"https:\/\/www.basketclubs.be\/andennebasket\/wp-json\/wp\/v2\/users\/224"}],"replies":[{"embeddable":true,"href":"https:\/\/www.basketclubs.be\/andennebasket\/wp-json\/wp\/v2\/comments?post=22"}],"version-history":[{"count":7,"href":"https:\/\/www.basketclubs.be\/andennebasket\/wp-json\/wp\/v2\/pages\/22\/revisions"}],"predecessor-version":[{"id":986,"href":"https:\/\/www.basketclubs.be\/andennebasket\/wp-json\/wp\/v2\/pages\/22\/revisions\/986"}],"wp:attachment":[{"href":"https:\/\/www.basketclubs.be\/andennebasket\/wp-json\/wp\/v2\/media?parent=22"}],"curies":[{"name":"wp","href":"https:\/\/api.w.org\/{rel}","templated":true}]}}