{"id":28,"date":"2022-03-24T17:27:33","date_gmt":"2022-03-24T16:27:33","guid":{"rendered":"https:\/\/www.basketclubs.be\/andennebasket\/?page_id=28"},"modified":"2025-03-25T00:08:28","modified_gmt":"2025-03-24T23:08:28","slug":"sport-centers","status":"publish","type":"page","link":"https:\/\/www.basketclubs.be\/andennebasket\/sport-centers\/","title":{"rendered":"Salles(s)"},"content":{"rendered":"<p>Toutes nos \u00e9quipes jouent, sauf avis contraire, \u00e0 l&rsquo;Andenne Arena.<\/p>\n<p>Seules les \u00e9quipes U7 &#8211; U8 et U10\u00a0 jouent au complexe sportif de Seilles.<\/p>\n<div id=\"ConnectiveDocSignExtentionInstalled\"><\/div>\n","protected":false},"excerpt":{"rendered":"<p>Toutes nos \u00e9quipes jouent, sauf avis contraire, \u00e0 l&rsquo;Andenne Arena. Seules les \u00e9quipes U7 &#8211; U8 et U10\u00a0 jouent au complexe sportif de Seilles.<\/p>\n","protected":false},"author":224,"featured_media":0,"parent":0,"menu_order":0,"comment_status":"closed","ping_status":"closed","template":"page-templates\/page-sport-centers.php","meta":{"footnotes":""},"class_list":["post-28","page","type-page","status-publish","hentry"],"_links":{"self":[{"href":"https:\/\/www.basketclubs.be\/andennebasket\/wp-json\/wp\/v2\/pages\/28","targetHints":{"allow":["GET"]}}],"collection":[{"href":"https:\/\/www.basketclubs.be\/andennebasket\/wp-json\/wp\/v2\/pages"}],"about":[{"href":"https:\/\/www.basketclubs.be\/andennebasket\/wp-json\/wp\/v2\/types\/page"}],"author":[{"embeddable":true,"href":"https:\/\/www.basketclubs.be\/andennebasket\/wp-json\/wp\/v2\/users\/224"}],"replies":[{"embeddable":true,"href":"https:\/\/www.basketclubs.be\/andennebasket\/wp-json\/wp\/v2\/comments?post=28"}],"version-history":[{"count":14,"href":"https:\/\/www.basketclubs.be\/andennebasket\/wp-json\/wp\/v2\/pages\/28\/revisions"}],"predecessor-version":[{"id":1331,"href":"https:\/\/www.basketclubs.be\/andennebasket\/wp-json\/wp\/v2\/pages\/28\/revisions\/1331"}],"wp:attachment":[{"href":"https:\/\/www.basketclubs.be\/andennebasket\/wp-json\/wp\/v2\/media?parent=28"}],"curies":[{"name":"wp","href":"https:\/\/api.w.org\/{rel}","templated":true}]}}