{"id":39,"date":"2024-03-29T11:51:53","date_gmt":"2024-03-29T10:51:53","guid":{"rendered":"https:\/\/www.basketclubs.be\/andennebasket\/?page_id=39"},"modified":"2024-03-29T14:00:04","modified_gmt":"2024-03-29T13:00:04","slug":"store","status":"publish","type":"page","link":"https:\/\/www.basketclubs.be\/andennebasket\/store\/","title":{"rendered":"Boutique"},"content":{"rendered":"<div class=\"\" dir=\"auto\">\n<div id=\":rgl:\" class=\"x1iorvi4 x1pi30zi x1l90r2v x1swvt13\">\n<div class=\"x78zum5 xdt5ytf xz62fqu x16ldp7u\">\n<div dir=\"auto\">\n<div class=\"\" dir=\"auto\">\n<div id=\":rhk:\" class=\"x1iorvi4 x1pi30zi x1l90r2v x1swvt13\">\n<div class=\"x78zum5 xdt5ytf xz62fqu x16ldp7u\">\n<div class=\"xu06os2 x1ok221b\">\n<div class=\"xdj266r x11i5rnm xat24cr x1mh8g0r x1vvkbs x126k92a\">\n<div dir=\"auto\">BOUTIQUE en ligne du club.<\/div>\n<div dir=\"auto\">&#8212;&#8212;&#8212;&#8212;&#8212;&#8212;&#8212;&#8212;&#8212;&#8212;-<\/div>\n<\/div>\n<div class=\"x11i5rnm xat24cr x1mh8g0r x1vvkbs xtlvy1s x126k92a\">\n<div dir=\"auto\">Enfin, notre boutique du club est op\u00e9rationnelle , portez les couleurs de votre club, vous pouvez directement faire votre commande sur le site.<\/div>\n<\/div>\n<div class=\"x11i5rnm xat24cr x1mh8g0r x1vvkbs xtlvy1s x126k92a\">\n<div dir=\"auto\">&#8211; Livraison \u00e0 domicile &#8211; d\u00e9lai de 5 jours pour achats standards.<\/div>\n<div dir=\"auto\">&#8211; Livraison \u00e0 domicile &#8211; d\u00e9lai de 10 jours pour achats personnalis\u00e9s.<\/div>\n<\/div>\n<div class=\"x11i5rnm xat24cr x1mh8g0r x1vvkbs xtlvy1s x126k92a\">\n<div dir=\"auto\">ci-dessous le lien :<\/div>\n<div dir=\"auto\"><a class=\"x1i10hfl xjbqb8w x1ejq31n xd10rxx x1sy0etr x17r0tee x972fbf xcfux6l x1qhh985 xm0m39n x9f619 x1ypdohk xt0psk2 xe8uvvx xdj266r x11i5rnm xat24cr x1mh8g0r xexx8yu x4uap5 x18d9i69 xkhd6sd x16tdsg8 x1hl2dhg xggy1nq x1a2a7pz xt0b8zv x1fey0fg\" role=\"link\" href=\"https:\/\/l.facebook.com\/l.php?u=https%3A%2F%2Facsbelgium.myodoo.com%2Fshop%2Fcategory%2Fandenne-basket-26%3Ffbclid%3DIwAR0Fy9IfgQEF64t_N5_pfUGBkdRASy6wAAWmhlOUgajIwrjgEmhBVPYGHKI_aem_AZo77zXuUd0HbXG38rC8p0Z-VXIKyT4Jfp-uMraZFfznncKzXXw7xPMR4_Vgk-nJ1gcmQQOs57n4NNOF2Z3kgkbw&amp;h=AT34j2uBw5L9cOR1fOpczCJjnjWXDDr2VaDSe2Ll2CQDCam-MbsbKt1nJ-1oKAAj2ecMImGUiV5OGLnQTB2jJt6MtD1m92EnMFkInCf-v_aqcs6lNWmNAXTVPFgEciq8jS8FnbD20FJMSJL0tw&amp;__tn__=-UK-R&amp;c[0]=AT1eyCDac3ZdlcuK3gNMzK98BI-uloflXRSdgKt15A6eQ4xbJ4Szf9J58QV8HVJ4yFD2NbPIADgYPq3img2PF02KXvIeaoEEC8n8Yd-d6av-1P1FfV1mOKsFQMuxWVqr0F74Lq-R8WO2D4Q2rWHlmHiC1fMz0ErBxgIHbuluEpy3PW-Yiw\" target=\"_blank\" rel=\"nofollow noopener noreferrer\">https:\/\/acsbelgium.myodoo.com\/&#8230;\/category\/andenne-basket-26<\/a><\/div>\n<\/div>\n<div class=\"x11i5rnm xat24cr x1mh8g0r x1vvkbs xtlvy1s x126k92a\">\n<div dir=\"auto\">Cette boutique pourra \u00e9voluer dans le futur suivants nos besoins.<\/div>\n<\/div>\n<\/div>\n<\/div>\n<\/div>\n<\/div>\n<div id=\":rhl:\" class=\"x1n2onr6\">\n<div class=\"x1n2onr6\">\n<div class=\"xmjcpbm x1n2onr6 x1ja2u2z\">\n<div class=\"x1nb4dca x1q0q8m5 xso031l x1exxf4d x13fuv20 x178xt8z x78zum5 x1q0g3np x1n2onr6\">\n<div class=\"x1y71gwh xu3j5b3 xm81vs4 x2lah0s xrqonrr x1n2onr6 xoylwha\">\n<div class=\"xqtp20y x1n2onr6 xh8yej3 x6ikm8r x10wlt62\">\n<div class=\"x1qjc9v5 x1q0q8m5 x1qhh985 xu3j5b3 xcfux6l x26u7qi xm0m39n x13fuv20 x972fbf x1ey2m1c x9f619 x78zum5 xds687c xdt5ytf x1iyjqo2 xs83m0k x1qughib xat24cr x11i5rnm x1mh8g0r xdj266r x2lwn1j xeuugli x18d9i69 x4uap5 xkhd6sd xexx8yu x10l6tqk x17qophe x13vifvy x1ja2u2z\">\n<div>\n<div class=\"xqtp20y x1n2onr6 xh8yej3 x6ikm8r x10wlt62\">\n<div class=\"x1qjc9v5 x1q0q8m5 x1qhh985 xu3j5b3 xcfux6l x26u7qi xm0m39n x13fuv20 x972fbf x1ey2m1c x9f619 x78zum5 xds687c xdt5ytf x1iyjqo2 xs83m0k x1qughib xat24cr x11i5rnm x1mh8g0r xdj266r x2lwn1j xeuugli x18d9i69 x4uap5 xkhd6sd xexx8yu x10l6tqk x17qophe x13vifvy x1ja2u2z\"><img loading=\"lazy\" decoding=\"async\" class=\"xz74otr x5yr21d x10l6tqk x17qophe x13vifvy xh8yej3\" src=\"https:\/\/external.flgg1-1.fna.fbcdn.net\/emg1\/v\/t13\/1838858546836189161?url=http%3A%2F%2Facsbelgium.myodoo.com%2Fweb%2Fimage%2Fwebsite%2F1%2Flogo%3Funique%3D1fed244&amp;fb_obo=1&amp;utld=myodoo.com&amp;stp=c0.5000x0.5000f_dst-jpg_flffffff_p105x105_q75&amp;ccb=13-1&amp;oh=06_AbGLMnbAphNAUJPNK-rCLGAG5Djcw90yYTcdYpDJv4RGSg&amp;oe=660864E2&amp;_nc_sid=7a31ef\" alt=\"Andenne Basket | ACS Belgium\" width=\"105\" height=\"105\" \/><\/div>\n<\/div>\n<\/div>\n<\/div>\n<\/div>\n<\/div>\n<div id=\":ri0:\" class=\"x6s0dn4 x78zum5 x1iyjqo2 xw2csxc x1odjw0f xz9dl7a x1pi30zi xsag5q8 x1swvt13\">\n<div class=\"x78zum5 xdt5ytf xz62fqu x16ldp7u\">\n<div class=\"xu06os2 x1ok221b\">\n<div class=\"xtvhhri\">acsbelgium.myodoo.com<\/div>\n<\/div>\n<div class=\"xu06os2 x1ok221b\">\n<div>Andenne Basket | ACS Belgium<\/div>\n<\/div>\n<div class=\"xu06os2 x1ok221b\"><span class=\"x193iq5w xeuugli x13faqbe x1vvkbs x1xmvt09 x1lliihq x1s928wv xhkezso x1gmr53x x1cpjm7i x1fgarty x1943h6x xudqn12 x3x7a5m x6prxxf xvq8zen xo1l8bm xi81zsa x1yc453h\" dir=\"auto\"><span class=\"x1lliihq x6ikm8r x10wlt62 x1n2onr6\">Notre entreprise ACS Belgium a \u00e9t\u00e9 cr\u00e9\u00e9e en 2013 afin de r\u00e9pondre \u00e0 une demande de plus en plus grande pour des textiles sportifs et promotionnels aupr\u00e8s des athl\u00e8tes, des clubs, des associations et des diff\u00e9rentes entreprises de la r\u00e9gion et du pays.<\/span><\/span><\/div>\n<\/div>\n<\/div>\n<\/div>\n<\/div>\n<\/div>\n<\/div>\n<\/div>\n<\/div>\n<\/div>\n<\/div>\n<div id=\"ConnectiveDocSignExtentionInstalled\"><\/div>\n","protected":false},"excerpt":{"rendered":"<p>BOUTIQUE en ligne du club. &#8212;&#8212;&#8212;&#8212;&#8212;&#8212;&#8212;&#8212;&#8212;&#8212;- Enfin, notre boutique du club est op\u00e9rationnelle , portez les couleurs de votre club, vous pouvez directement faire votre commande sur le site. &#8211; Livraison \u00e0 domicile &#8211; d\u00e9lai de 5 jours pour achats standards. &#8211; Livraison \u00e0 domicile &#8211; d\u00e9lai de 10 jours pour achats personnalis\u00e9s. ci-dessous le [&hellip;]<\/p>\n","protected":false},"author":224,"featured_media":0,"parent":0,"menu_order":0,"comment_status":"closed","ping_status":"closed","template":"","meta":{"footnotes":""},"class_list":["post-39","page","type-page","status-publish","hentry"],"_links":{"self":[{"href":"https:\/\/www.basketclubs.be\/andennebasket\/wp-json\/wp\/v2\/pages\/39","targetHints":{"allow":["GET"]}}],"collection":[{"href":"https:\/\/www.basketclubs.be\/andennebasket\/wp-json\/wp\/v2\/pages"}],"about":[{"href":"https:\/\/www.basketclubs.be\/andennebasket\/wp-json\/wp\/v2\/types\/page"}],"author":[{"embeddable":true,"href":"https:\/\/www.basketclubs.be\/andennebasket\/wp-json\/wp\/v2\/users\/224"}],"replies":[{"embeddable":true,"href":"https:\/\/www.basketclubs.be\/andennebasket\/wp-json\/wp\/v2\/comments?post=39"}],"version-history":[{"count":35,"href":"https:\/\/www.basketclubs.be\/andennebasket\/wp-json\/wp\/v2\/pages\/39\/revisions"}],"predecessor-version":[{"id":1220,"href":"https:\/\/www.basketclubs.be\/andennebasket\/wp-json\/wp\/v2\/pages\/39\/revisions\/1220"}],"wp:attachment":[{"href":"https:\/\/www.basketclubs.be\/andennebasket\/wp-json\/wp\/v2\/media?parent=39"}],"curies":[{"name":"wp","href":"https:\/\/api.w.org\/{rel}","templated":true}]}}