{"id":55,"date":"2024-03-29T10:15:22","date_gmt":"2024-03-29T09:15:22","guid":{"rendered":"https:\/\/www.basketclubs.be\/andennebasket\/?page_id=55"},"modified":"2024-03-29T14:38:16","modified_gmt":"2024-03-29T13:38:16","slug":"sponsors","status":"publish","type":"page","link":"https:\/\/www.basketclubs.be\/andennebasket\/sponsors\/","title":{"rendered":"Sponsors"},"content":{"rendered":"<p style=\"text-align: center\">Vous souhaitez devenir un sponsor, nous vous invitons \u00e0 t\u00e9l\u00e9charger le dossier de sponsoring en cliquant sur le logo ci-dessous.<\/p>\n<p><a href=\"https:\/\/www.basketclubs.be\/andennebasket\/wp-content\/uploads\/sites\/153\/2023\/02\/Dossier-sponsoring-vers-2022-2023.pdf\"><img loading=\"lazy\" decoding=\"async\" class=\"aligncenter wp-image-813 size-thumbnail\" src=\"https:\/\/www.basketclubs.be\/andennebasket\/wp-content\/uploads\/sites\/153\/2020\/02\/LOGO-FOND-BLANCSITE-150x150.png\" alt=\"\" width=\"150\" height=\"150\" \/><\/a><\/p>\n<hr \/>\n<h2 style=\"text-align: center\"><strong>Merci \u00e0 nos sponsors, n&rsquo;oubliez-pas de les soutenir eux aussi !!\u00a0<\/strong><\/h2>\n<div id=\"ConnectiveDocSignExtentionInstalled\"><\/div>\n","protected":false},"excerpt":{"rendered":"<p>Vous souhaitez devenir un sponsor, nous vous invitons \u00e0 t\u00e9l\u00e9charger le dossier de sponsoring en cliquant sur le logo ci-dessous. Merci \u00e0 nos sponsors, n&rsquo;oubliez-pas de les soutenir eux aussi !!\u00a0<\/p>\n","protected":false},"author":224,"featured_media":0,"parent":0,"menu_order":0,"comment_status":"closed","ping_status":"closed","template":"page-templates\/page-sponsors.php","meta":{"footnotes":""},"class_list":["post-55","page","type-page","status-publish","hentry"],"_links":{"self":[{"href":"https:\/\/www.basketclubs.be\/andennebasket\/wp-json\/wp\/v2\/pages\/55","targetHints":{"allow":["GET"]}}],"collection":[{"href":"https:\/\/www.basketclubs.be\/andennebasket\/wp-json\/wp\/v2\/pages"}],"about":[{"href":"https:\/\/www.basketclubs.be\/andennebasket\/wp-json\/wp\/v2\/types\/page"}],"author":[{"embeddable":true,"href":"https:\/\/www.basketclubs.be\/andennebasket\/wp-json\/wp\/v2\/users\/224"}],"replies":[{"embeddable":true,"href":"https:\/\/www.basketclubs.be\/andennebasket\/wp-json\/wp\/v2\/comments?post=55"}],"version-history":[{"count":74,"href":"https:\/\/www.basketclubs.be\/andennebasket\/wp-json\/wp\/v2\/pages\/55\/revisions"}],"predecessor-version":[{"id":1235,"href":"https:\/\/www.basketclubs.be\/andennebasket\/wp-json\/wp\/v2\/pages\/55\/revisions\/1235"}],"wp:attachment":[{"href":"https:\/\/www.basketclubs.be\/andennebasket\/wp-json\/wp\/v2\/media?parent=55"}],"curies":[{"name":"wp","href":"https:\/\/api.w.org\/{rel}","templated":true}]}}