{"id":22,"date":"2017-11-18T13:41:12","date_gmt":"2017-11-18T12:41:12","guid":{"rendered":"https:\/\/www.basketclubs.be\/aubelbc\/?page_id=22"},"modified":"2018-08-20T10:50:15","modified_gmt":"2018-08-20T08:50:15","slug":"history-2","status":"publish","type":"page","link":"https:\/\/www.basketclubs.be\/aubelbc\/history-2\/","title":{"rendered":"Historique"},"content":{"rendered":"<p>C\u2019est au mois d\u2019ao\u00fbt <strong>1967<\/strong> que f\u00fbt officiellement port\u00e9 sur les fonts baptismaux le Basket-Club d\u2019Aubel.<\/p>\n<p>Depuis la saison 2017-2018, notre club est devenu Royal.<\/p>\n<p>Nous sommes donc \u00e0 pr\u00e9sent le Royal Aubel Basket Club.<\/p>\n","protected":false},"excerpt":{"rendered":"<p>C\u2019est au mois d\u2019ao\u00fbt 1967 que f\u00fbt officiellement port\u00e9 sur les fonts baptismaux le Basket-Club d\u2019Aubel. Depuis la saison 2017-2018, notre club est devenu Royal. Nous sommes donc \u00e0 pr\u00e9sent le Royal Aubel Basket Club.<\/p>\n","protected":false},"author":130,"featured_media":0,"parent":0,"menu_order":0,"comment_status":"closed","ping_status":"closed","template":"page-templates\/page-history.php","meta":{"footnotes":""},"class_list":["post-22","page","type-page","status-publish","hentry"],"_links":{"self":[{"href":"https:\/\/www.basketclubs.be\/aubelbc\/wp-json\/wp\/v2\/pages\/22","targetHints":{"allow":["GET"]}}],"collection":[{"href":"https:\/\/www.basketclubs.be\/aubelbc\/wp-json\/wp\/v2\/pages"}],"about":[{"href":"https:\/\/www.basketclubs.be\/aubelbc\/wp-json\/wp\/v2\/types\/page"}],"author":[{"embeddable":true,"href":"https:\/\/www.basketclubs.be\/aubelbc\/wp-json\/wp\/v2\/users\/130"}],"replies":[{"embeddable":true,"href":"https:\/\/www.basketclubs.be\/aubelbc\/wp-json\/wp\/v2\/comments?post=22"}],"version-history":[{"count":3,"href":"https:\/\/www.basketclubs.be\/aubelbc\/wp-json\/wp\/v2\/pages\/22\/revisions"}],"predecessor-version":[{"id":401,"href":"https:\/\/www.basketclubs.be\/aubelbc\/wp-json\/wp\/v2\/pages\/22\/revisions\/401"}],"wp:attachment":[{"href":"https:\/\/www.basketclubs.be\/aubelbc\/wp-json\/wp\/v2\/media?parent=22"}],"curies":[{"name":"wp","href":"https:\/\/api.w.org\/{rel}","templated":true}]}}