{"id":29,"date":"2017-08-11T17:58:21","date_gmt":"2017-08-11T15:58:21","guid":{"rendered":"https:\/\/www.basketclubs.be\/aubelbc\/?page_id=29"},"modified":"2021-09-14T10:43:05","modified_gmt":"2021-09-14T08:43:05","slug":"the-club-1","status":"publish","type":"page","link":"https:\/\/www.basketclubs.be\/aubelbc\/the-club-1\/","title":{"rendered":"Agenda 2021-2022"},"content":{"rendered":"<blockquote><p>A vos agendas !<\/p><\/blockquote>\n<p><strong>Date \u00e0 convenir :<\/strong>\u00a0Action de ventes pour le club<\/p>\n<p><strong>Dimanche 12 d\u00e9cembre :<\/strong> Saint-Nicolas.<\/p>\n<p><strong>Samedi 23 avril :<\/strong> Soir\u00e9e du club.<\/p>\n<p><strong>Mi-juin :<\/strong> P\u00e9tanque et barbecue du club.<\/p>\n<p>&nbsp;<\/p>\n<p>&nbsp;<\/p>\n","protected":false},"excerpt":{"rendered":"<p>A vos agendas ! Date \u00e0 convenir :\u00a0Action de ventes pour le club Dimanche 12 d\u00e9cembre : Saint-Nicolas. Samedi 23 avril : Soir\u00e9e du club. Mi-juin : P\u00e9tanque et barbecue du club. &nbsp; &nbsp;<\/p>\n","protected":false},"author":130,"featured_media":0,"parent":0,"menu_order":0,"comment_status":"closed","ping_status":"closed","template":"page-templates\/page-free.php","meta":{"footnotes":""},"class_list":["post-29","page","type-page","status-publish","hentry"],"_links":{"self":[{"href":"https:\/\/www.basketclubs.be\/aubelbc\/wp-json\/wp\/v2\/pages\/29","targetHints":{"allow":["GET"]}}],"collection":[{"href":"https:\/\/www.basketclubs.be\/aubelbc\/wp-json\/wp\/v2\/pages"}],"about":[{"href":"https:\/\/www.basketclubs.be\/aubelbc\/wp-json\/wp\/v2\/types\/page"}],"author":[{"embeddable":true,"href":"https:\/\/www.basketclubs.be\/aubelbc\/wp-json\/wp\/v2\/users\/130"}],"replies":[{"embeddable":true,"href":"https:\/\/www.basketclubs.be\/aubelbc\/wp-json\/wp\/v2\/comments?post=29"}],"version-history":[{"count":14,"href":"https:\/\/www.basketclubs.be\/aubelbc\/wp-json\/wp\/v2\/pages\/29\/revisions"}],"predecessor-version":[{"id":608,"href":"https:\/\/www.basketclubs.be\/aubelbc\/wp-json\/wp\/v2\/pages\/29\/revisions\/608"}],"wp:attachment":[{"href":"https:\/\/www.basketclubs.be\/aubelbc\/wp-json\/wp\/v2\/media?parent=29"}],"curies":[{"name":"wp","href":"https:\/\/api.w.org\/{rel}","templated":true}]}}