{"id":3,"date":"2015-05-02T12:05:57","date_gmt":"2015-05-02T10:05:57","guid":{"rendered":"https:\/\/www.basketclubs.be\/basketressaix\/?page_id=3"},"modified":"2017-06-06T23:38:53","modified_gmt":"2017-06-06T21:38:53","slug":"history","status":"publish","type":"page","link":"https:\/\/www.basketclubs.be\/basketressaix\/history\/","title":{"rendered":"Historique"},"content":{"rendered":"<p>A l\u2019initiative de Messieurs Paul LADRET et Pierre BILLARD, le club de Ressaix a vu le jour\u00a0\u00a0pour la saison 1949 &#8211; 1950. A cette \u00e9poque, le terrain \u00e9tait en terre battue et les panneaux fabriqu\u00e9s par ces pionniers du B.C. RESSAIX. Le confort n\u2019existait pas, mais le c\u0153ur \u00e9tait pr\u00e9sent pour mener \u00e0 bien le club.<\/p>\n<p><a href=\"https:\/\/www.basketclubs.be\/basketressaix\/wp-content\/uploads\/sites\/25\/2015\/04\/fisrtteam.jpg\" data-rel=\"lightbox-image-0\" data-rl_title=\"\" data-rl_caption=\"\" title=\"\"><img loading=\"lazy\" decoding=\"async\" class=\"alignnone size-full wp-image-88\" src=\"https:\/\/www.basketclubs.be\/basketressaix\/wp-content\/uploads\/sites\/25\/2015\/04\/fisrtteam.jpg\" alt=\"fisrtteam\" width=\"265\" height=\"204\" \/>Premi\u00e8re \u00e9quipe du B.C.Ressaix<\/a><\/p>\n<p>\u00ab\u00a0Ce qui nous permet de croire en l\u2019avenir car lorsque la motivation est l\u00e0, tout est r\u00e9alisable\u00a0!\u00a0\u00bb<\/p>\n<p>Par la suite, lors du championnat 1956 \u2013 57, une \u00e9quipe dames a \u00e9t\u00e9 cr\u00e9\u00e9e et a perdur\u00e9 plus de 3 ann\u00e9es. Tout cela a \u00e9galement \u00e9t\u00e9 possible gr\u00e2ce \u00e0 des personnes d\u00e9vou\u00e9es qui souhaitaient promouvoir ce sport. Mais il est vrai, qu\u2019en ce temps-l\u00e0, il n\u2019y avait pas de probl\u00e8me d\u2019argent ou d\u2019infrastructure\u00a0!<\/p>\n<p><img loading=\"lazy\" decoding=\"async\" class=\"alignnone size-full wp-image-89\" src=\"https:\/\/www.basketclubs.be\/basketressaix\/wp-content\/uploads\/sites\/25\/2015\/04\/fisrtteamF.jpg\" alt=\"fisrtteamF\" width=\"271\" height=\"192\" \/>Equipe f\u00e9minine du B.C.Ressaix<\/p>\n<p>Quelques autres \u00e9v\u00e9nements ont aussi marqu\u00e9 l\u2019histoire de notre club\u00a0:<\/p>\n<p>&#8211; En 1970, recouvrement du terrain d\u2019un tarmac. Ce qui permit de pouvoir cr\u00e9er une \u00e9quipe de jeunes dont certains \u0153uvrent encore au sein du club.<\/p>\n<p>&#8211; En 1984, d\u00e9m\u00e9nagement vers un nouveau complexe qui fut cr\u00e9\u00e9 gr\u00e2ce \u00e0 un ancien joueur amoureux du basket et \u00e0 son associ\u00e9 qui s\u2019\u00e9taient promis de construire une salle. Ce qui fut promis, fut r\u00e9alis\u00e9\u00a0!\u00a0\u00a0Nous \u00e9tions alors les seuls privil\u00e9gi\u00e9s \u00e0 pouvoir \u00e9voluer en salle car l\u2019entit\u00e9 de BINCHE n\u2019en poss\u00e9dait pas encore.<\/p>\n<p>&#8211; Les ann\u00e9es 1990 ont ainsi permis \u00e0 notre \u00e9quipe seniors de monter en \u00e9lite provinciale, la division I, avec d\u00e8s lors un maintien \u00e0 ce niveau durant 8 ann\u00e9es cons\u00e9cutives.<\/p>\n<p>&#8211; Durant les premi\u00e8res ann\u00e9es 2000, suite au manque de d\u00e9veloppement d\u2019une \u00ab\u00a0politique des jeunes\u00a0\u00bb coh\u00e9rente, le club s\u2019est trouv\u00e9 en manque d\u2019effectif du cru. Ce qui entra\u00eena une descente \u00e0 deux reprises.<\/p>\n<p>&#8211; Depuis 2005, un nouvel essor a \u00e9t\u00e9 donn\u00e9 au club avec l\u2019arriv\u00e9e de tous nos jeunes et la mise en place d\u2019un comit\u00e9 plus \u00e9toff\u00e9.<\/p>\n<p>Tout comme les fondateurs, le comit\u00e9 actuel est motiv\u00e9 et croit en l\u2019avenir du club. Il a d\u00e9cid\u00e9 de ne pas br\u00fbler les \u00e9tapes. Cependant, notre \u00e9quipe fanion masculine vient d\u2019acc\u00e9der au sommet des divisions provinciales en terminant championne au terme de la saison 2011-2012.<\/p>\n<p>Saison 2016-2017 : La P1 est finaliste de la coupe du Hainaut et est sacr\u00e9e championne lors de la derni\u00e8re journ\u00e9e.  Elle acc\u00e8de \u00e0 la R2.  La P3 rejoint la P2. <\/p>\n","protected":false},"excerpt":{"rendered":"<p>A l\u2019initiative de Messieurs Paul LADRET et Pierre BILLARD, le club de Ressaix a vu le jour\u00a0\u00a0pour la saison 1949 &#8211; 1950. A cette \u00e9poque, le terrain \u00e9tait en terre battue et les panneaux fabriqu\u00e9s par ces pionniers du B.C. RESSAIX. Le confort n\u2019existait pas, mais le c\u0153ur \u00e9tait pr\u00e9sent pour mener \u00e0 bien le [&hellip;]<\/p>\n","protected":false},"author":26,"featured_media":0,"parent":0,"menu_order":0,"comment_status":"closed","ping_status":"closed","template":"page-templates\/page-history.php","meta":{"footnotes":""},"class_list":["post-3","page","type-page","status-publish","hentry"],"_links":{"self":[{"href":"https:\/\/www.basketclubs.be\/basketressaix\/wp-json\/wp\/v2\/pages\/3","targetHints":{"allow":["GET"]}}],"collection":[{"href":"https:\/\/www.basketclubs.be\/basketressaix\/wp-json\/wp\/v2\/pages"}],"about":[{"href":"https:\/\/www.basketclubs.be\/basketressaix\/wp-json\/wp\/v2\/types\/page"}],"author":[{"embeddable":true,"href":"https:\/\/www.basketclubs.be\/basketressaix\/wp-json\/wp\/v2\/users\/26"}],"replies":[{"embeddable":true,"href":"https:\/\/www.basketclubs.be\/basketressaix\/wp-json\/wp\/v2\/comments?post=3"}],"version-history":[{"count":4,"href":"https:\/\/www.basketclubs.be\/basketressaix\/wp-json\/wp\/v2\/pages\/3\/revisions"}],"predecessor-version":[{"id":2109,"href":"https:\/\/www.basketclubs.be\/basketressaix\/wp-json\/wp\/v2\/pages\/3\/revisions\/2109"}],"wp:attachment":[{"href":"https:\/\/www.basketclubs.be\/basketressaix\/wp-json\/wp\/v2\/media?parent=3"}],"curies":[{"name":"wp","href":"https:\/\/api.w.org\/{rel}","templated":true}]}}