{"id":22,"date":"2022-05-06T10:05:55","date_gmt":"2022-05-06T08:05:55","guid":{"rendered":"https:\/\/www.basketclubs.be\/bccentregaume\/?page_id=22"},"modified":"2025-09-11T22:35:24","modified_gmt":"2025-09-11T20:35:24","slug":"history","status":"publish","type":"page","link":"https:\/\/www.basketclubs.be\/bccentregaume\/history\/","title":{"rendered":"Historique"},"content":{"rendered":"<p>\u00c0 l\u2019initiative des 3 pr\u00e9sidents (Fran\u00e7ois Mar\u00e9chal, Eric Lambotte et C\u00e9dric Thiry) des clubs de Rulles Fratin et Tintigny, l\u2019envie et la n\u00e9cessit\u00e9 de s\u2019associer d\u00e9bute en 2015.<br \/>\nRapidement, un nouveau comit\u00e9 sp\u00e9cifique Basket Club Centre Gaume compos\u00e9 des 3<br \/>\npr\u00e9sidents et d\u2019autres membres des 3 clubs voit le jour.<br \/>\nL\u2019\u00e9lection d\u2019un pr\u00e9sident (JF Thomas), d\u2019un secr\u00e9taire (Christophe Halloy) et d\u2019une tr\u00e9sori\u00e8re (Cathy Koenig) est act\u00e9 et le BCCG lanc\u00e9.<br \/>\nL\u2019objectif principal du BCCG : la FORMATION de nos \u00e9quipes jeunes grands panneaux.<br \/>\nUnir nos 3 \u00ab petits clubs de village \u00bb devrait permettre d\u2019inscrire des \u00e9quipes dans les<br \/>\ndiff\u00e9rentes cat\u00e9gories et de ne pas avoir de \u00ab trou \u00bb souvent synonyme d\u2019arr\u00eat ou de d\u00e9part<br \/>\nde nos joueurs\/joueuses.<br \/>\nChaque joueur\/joueuse devrait pouvoir trouver \u00ab chaussure \u00e0 son pied \u00bb et \u00e9voluer dans une \u00e9quipe qui correspond \u00e0 son niveau, \u00e0 ses motivations.<br \/>\nCela devrait \u00e9galement nous permettre d\u2019inscrire des \u00e9quipes dans chaque cat\u00e9gorie<br \/>\ngar\u00e7ons et filles et ce en provinciale mais aussi l\u2019espoir de pouvoir \u00e9galement en inscrire en<br \/>\ncat\u00e9gorie r\u00e9gionale et ainsi \u00ab rivaliser \u00bb avec les plus gros clubs (Neufch\u00e2teau, Arlon et autres).<br \/>\nLe projet a un sens : il faut tout mettre sur pied. Si cela semble simple, dans la pratique tout est \u00e0 mettre en place comme si nous d\u00e9veloppions un nouveau club avec en plus, la gestion des diff\u00e9rences des 3 clubs\u2026<\/p>\n<p>Le pari est lanc\u00e9 et d\u00e8s la 1 \u00e8re saison nous inscrivons 13 \u00e9quipes dont 6 en r\u00e9gionales.<br \/>\nPer\u00e7us comme les petits poucets du fin fond de la Province du Luxembourg par les autres<br \/>\nprovinces mais aussi incompris des autres clubs de la Province mais aussi du CP Luxembourg, nous allons leur donner tord.<br \/>\nEt les r\u00e9sultats suivent d\u00e8s la 1 \u00e8re saison et ce que ce soit en provincial mais aussi r\u00e9gional.<br \/>\nLe pari est r\u00e9ussi.<br \/>\nDepuis notre cr\u00e9ation, nous avons syst\u00e9matiquement inscrit au minimum 12 \u00e9quipes jeunes et la plupart du temps, nous avons donc pu proposer \u00e0 nos joueurs\/joueuses un projet adapt\u00e9.<br \/>\nAu fil des saisons, les titres et les coupes s\u2019accumulent.<br \/>\nAu fil des saisons, les autres provinces nous connaissent, nous respectent voir nous<br \/>\ncraignent. Les autres clubs de la province nous envient et le CP Luxembourg reconna\u00eet le<br \/>\nbien fond\u00e9 de notre projet.<\/p>\n<p>Au fil des saisons, nous essayons de constituer une \u00ab team coach \u00bb coh\u00e9rente et<br \/>\ncomp\u00e9tente.<br \/>\nAu fil des saisons, nous essayons de d\u00e9velopper une \u00ab identit\u00e9 \u00bb Centre Gaume forte et unie<br \/>\nsur et en dehors du terrain.<br \/>\nIl reste bien \u00e9videmment une multitude de points \u00e0 am\u00e9liorer.<br \/>\nDe nouveaux probl\u00e8mes arrivent comme notamment assurer la continuit\u00e9 et donc le<br \/>\npassage de tous nos jeunes joueurs\/joueuses vers les \u00e9quipes senior des 3 clubs qui sont<br \/>\nmaintenant bien compl\u00e8tes.<br \/>\nMais nous pouvons et devons \u00eatre fiers de l\u2019\u00e9volution et de la richesse de notre association.<br \/>\nNous devons continuer de mettre notre \u00e9nergie dans ce but.<br \/>\nPermettre \u00e0 nos jeunes de trouver dans la pratique de notre sport un \u00e9panouissement via les diff\u00e9rentes valeurs positives qu\u2019une \u00e9quipe de basket v\u00e9hicule.<\/p>\n","protected":false},"excerpt":{"rendered":"<p>\u00c0 l\u2019initiative des 3 pr\u00e9sidents (Fran\u00e7ois Mar\u00e9chal, Eric Lambotte et C\u00e9dric Thiry) des clubs de Rulles Fratin et Tintigny, l\u2019envie et la n\u00e9cessit\u00e9 de s\u2019associer d\u00e9bute en 2015. Rapidement, un nouveau comit\u00e9 sp\u00e9cifique Basket Club Centre Gaume compos\u00e9 des 3 pr\u00e9sidents et d\u2019autres membres des 3 clubs voit le jour. L\u2019\u00e9lection d\u2019un pr\u00e9sident (JF Thomas), [&hellip;]<\/p>\n","protected":false},"author":240,"featured_media":0,"parent":0,"menu_order":0,"comment_status":"closed","ping_status":"closed","template":"page-templates\/page-history.php","meta":{"footnotes":""},"class_list":["post-22","page","type-page","status-publish","hentry"],"_links":{"self":[{"href":"https:\/\/www.basketclubs.be\/bccentregaume\/wp-json\/wp\/v2\/pages\/22","targetHints":{"allow":["GET"]}}],"collection":[{"href":"https:\/\/www.basketclubs.be\/bccentregaume\/wp-json\/wp\/v2\/pages"}],"about":[{"href":"https:\/\/www.basketclubs.be\/bccentregaume\/wp-json\/wp\/v2\/types\/page"}],"author":[{"embeddable":true,"href":"https:\/\/www.basketclubs.be\/bccentregaume\/wp-json\/wp\/v2\/users\/240"}],"replies":[{"embeddable":true,"href":"https:\/\/www.basketclubs.be\/bccentregaume\/wp-json\/wp\/v2\/comments?post=22"}],"version-history":[{"count":5,"href":"https:\/\/www.basketclubs.be\/bccentregaume\/wp-json\/wp\/v2\/pages\/22\/revisions"}],"predecessor-version":[{"id":305,"href":"https:\/\/www.basketclubs.be\/bccentregaume\/wp-json\/wp\/v2\/pages\/22\/revisions\/305"}],"wp:attachment":[{"href":"https:\/\/www.basketclubs.be\/bccentregaume\/wp-json\/wp\/v2\/media?parent=22"}],"curies":[{"name":"wp","href":"https:\/\/api.w.org\/{rel}","templated":true}]}}