{"id":3,"date":"2016-02-03T12:39:44","date_gmt":"2016-02-03T10:39:44","guid":{"rendered":"https:\/\/www.basketclubs.be\/bccerfontaine\/?page_id=3"},"modified":"2020-05-08T16:17:24","modified_gmt":"2020-05-08T14:17:24","slug":"history","status":"publish","type":"page","link":"https:\/\/www.basketclubs.be\/bccerfontaine\/history\/","title":{"rendered":"Historique"},"content":{"rendered":"<table width=\"800\">\n<tbody>\n<tr>\n<td>\n<p>\u00a0\u00a0\u00a0\u00a0 Le BC CERFONTAINE est un groupement de sportifs de la localit\u00e9 et des environs, de tous niveaux de performance, heureux de partager et de propager leur passion pour le basket-ball &#8230;<\/p>\n<p>Notre premier souci est l\u2019\u00e9panouissement des jeunes&#8230; et des moins jeunes. Dans les comp\u00e9titions comme lors des s\u00e9ances d\u2019entra\u00eenement. Il est essentiel que nos membres aiment se retrouver dans une ambiance conviviale mais toujours empreinte du d\u00e9sir et de la volont\u00e9 de se battre contre l\u2019adversaire ou tout simplement contre soi-m\u00eame.<\/p>\n<p>Le club a \u00e9t\u00e9 cr\u00e9\u00e9 voici 23 ans et compte, au fil du temps, un nombre toujours croissant d\u2019affili\u00e9s. Nous atteignons aujourd\u2019hui la centaine de basketteurs et basketteuses qui font la fiert\u00e9 du club et du village !<\/p>\n<p>Avec un comit\u00e9 compos\u00e9 de b\u00e9n\u00e9voles enthousiastes, dynamiques, s\u00e9rieux et ambitieux, et gr\u00e2ce \u00e0 des entra\u00eeneurs comp\u00e9tents et motiv\u00e9s, nous esp\u00e9rons offrir \u00e0 tous les amateurs de la r\u00e9gion la possibilit\u00e9 de pratiquer leur sport favori dans des conditions id\u00e9ales. Nul doute que l\u2019ambiance sympathique qui fleure au sein du club drainera, demain encore, davantage de participants et de spectateurs.<\/td>\n<\/tr>\n<\/tbody>\n<\/table>\n<p>&nbsp;<\/p>\n","protected":false},"excerpt":{"rendered":"<p>\u00a0\u00a0\u00a0\u00a0 Le BC CERFONTAINE est un groupement de sportifs de la localit\u00e9 et des environs, de tous niveaux de performance, heureux de partager et de propager leur passion pour le basket-ball &#8230; Notre premier souci est l\u2019\u00e9panouissement des jeunes&#8230; et des moins jeunes. Dans les comp\u00e9titions comme lors des s\u00e9ances d\u2019entra\u00eenement. Il est essentiel que [&hellip;]<\/p>\n","protected":false},"author":28,"featured_media":0,"parent":0,"menu_order":0,"comment_status":"closed","ping_status":"closed","template":"page-templates\/page-history.php","meta":{"footnotes":""},"class_list":["post-3","page","type-page","status-publish","hentry"],"_links":{"self":[{"href":"https:\/\/www.basketclubs.be\/bccerfontaine\/wp-json\/wp\/v2\/pages\/3","targetHints":{"allow":["GET"]}}],"collection":[{"href":"https:\/\/www.basketclubs.be\/bccerfontaine\/wp-json\/wp\/v2\/pages"}],"about":[{"href":"https:\/\/www.basketclubs.be\/bccerfontaine\/wp-json\/wp\/v2\/types\/page"}],"author":[{"embeddable":true,"href":"https:\/\/www.basketclubs.be\/bccerfontaine\/wp-json\/wp\/v2\/users\/28"}],"replies":[{"embeddable":true,"href":"https:\/\/www.basketclubs.be\/bccerfontaine\/wp-json\/wp\/v2\/comments?post=3"}],"version-history":[{"count":3,"href":"https:\/\/www.basketclubs.be\/bccerfontaine\/wp-json\/wp\/v2\/pages\/3\/revisions"}],"predecessor-version":[{"id":964,"href":"https:\/\/www.basketclubs.be\/bccerfontaine\/wp-json\/wp\/v2\/pages\/3\/revisions\/964"}],"wp:attachment":[{"href":"https:\/\/www.basketclubs.be\/bccerfontaine\/wp-json\/wp\/v2\/media?parent=3"}],"curies":[{"name":"wp","href":"https:\/\/api.w.org\/{rel}","templated":true}]}}