{"id":9,"date":"2016-02-03T12:40:33","date_gmt":"2016-02-03T10:40:33","guid":{"rendered":"https:\/\/www.basketclubs.be\/bccerfontaine\/?page_id=9"},"modified":"2024-09-02T20:36:32","modified_gmt":"2024-09-02T18:36:32","slug":"the-club-1","status":"publish","type":"page","link":"https:\/\/www.basketclubs.be\/bccerfontaine\/the-club-1\/","title":{"rendered":"Objectifs"},"content":{"rendered":"<p>La politique du BC Cerfontaine a toujours \u00e9t\u00e9 ax\u00e9e sur l\u2019\u00e9panouissement \u00e0 travers le sport. Au sein du club, la pratique du basket doit donc permettre \u00e0 <span class=\"style1\">tous<\/span> de pouvoir s\u2019exprimer, grandir, s\u2019int\u00e9grer, participer, partager\u2026 tout en respectant une discipline favorisant l\u2019organisation de groupe.<\/p>\n<p>L\u2019objectif majeur du club est de former et de faire \u00e9voluer ses joueurs\/joueuses au maximum de leur potentiel. Pour ce faire, il est important que lors des matchs, tous les joueurs aient du temps de jeu et qu\u2019ils aient la possibilit\u00e9 de s\u2019entrainer r\u00e9guli\u00e8rement tout au long de la saison.<\/p>\n<p>Ces s\u00e9ances d\u2019entrainement sont donc l\u00e0 pour \u00e9voluer et pr\u00e9parer nos joueurs-joueuses pour exploiter au mieux leur potentiel lors des matchs (apprentissage du collectif, coh\u00e9sion de l\u2019\u00e9quipe, \u00e9ventuelles tactiques\u2026).<\/p>\n<p>De plus, pour permettre une accessibilit\u00e9 optimale, le BC Cerfontaine s\u2019est engag\u00e9, depuis sa cr\u00e9ation, \u00e0 fixer un montant d\u2019affiliation annuelle le plus bas qu\u2019il lui soit permis \u00e0 savoir :<\/p>\n<div>&#8211; 100 \u20ac pour les babies<br \/>\n&#8211; 140 \u20ac pour les \u00e9quipes jeunes<br \/>\n&#8211; 160 \u20ac pour les \u00e9quipes premi\u00e8res<\/div>\n","protected":false},"excerpt":{"rendered":"<p>La politique du BC Cerfontaine a toujours \u00e9t\u00e9 ax\u00e9e sur l\u2019\u00e9panouissement \u00e0 travers le sport. Au sein du club, la pratique du basket doit donc permettre \u00e0 tous de pouvoir s\u2019exprimer, grandir, s\u2019int\u00e9grer, participer, partager\u2026 tout en respectant une discipline favorisant l\u2019organisation de groupe. L\u2019objectif majeur du club est de former et de faire \u00e9voluer [&hellip;]<\/p>\n","protected":false},"author":28,"featured_media":0,"parent":0,"menu_order":0,"comment_status":"closed","ping_status":"closed","template":"page-templates\/page-free.php","meta":{"footnotes":""},"class_list":["post-9","page","type-page","status-publish","hentry"],"_links":{"self":[{"href":"https:\/\/www.basketclubs.be\/bccerfontaine\/wp-json\/wp\/v2\/pages\/9","targetHints":{"allow":["GET"]}}],"collection":[{"href":"https:\/\/www.basketclubs.be\/bccerfontaine\/wp-json\/wp\/v2\/pages"}],"about":[{"href":"https:\/\/www.basketclubs.be\/bccerfontaine\/wp-json\/wp\/v2\/types\/page"}],"author":[{"embeddable":true,"href":"https:\/\/www.basketclubs.be\/bccerfontaine\/wp-json\/wp\/v2\/users\/28"}],"replies":[{"embeddable":true,"href":"https:\/\/www.basketclubs.be\/bccerfontaine\/wp-json\/wp\/v2\/comments?post=9"}],"version-history":[{"count":2,"href":"https:\/\/www.basketclubs.be\/bccerfontaine\/wp-json\/wp\/v2\/pages\/9\/revisions"}],"predecessor-version":[{"id":1554,"href":"https:\/\/www.basketclubs.be\/bccerfontaine\/wp-json\/wp\/v2\/pages\/9\/revisions\/1554"}],"wp:attachment":[{"href":"https:\/\/www.basketclubs.be\/bccerfontaine\/wp-json\/wp\/v2\/media?parent=9"}],"curies":[{"name":"wp","href":"https:\/\/api.w.org\/{rel}","templated":true}]}}