{"id":27,"date":"2018-01-31T08:13:26","date_gmt":"2018-01-31T07:13:26","guid":{"rendered":"https:\/\/www.basketclubs.be\/bcchalet\/?page_id=27"},"modified":"2025-09-23T17:44:52","modified_gmt":"2025-09-23T15:44:52","slug":"practices","status":"publish","type":"page","link":"https:\/\/www.basketclubs.be\/bcchalet\/practices\/","title":{"rendered":"Entra\u00eenements"},"content":{"rendered":"<h2><strong>Seniors Hommes R2<\/strong><\/h2>\n<p><strong>Coach :<\/strong><br \/>\nM\u00e9lanie Beckers<\/p>\n<p><strong>Entra\u00eenements :<\/strong><strong><u><br \/>\n<\/u><\/strong>Lundi 18h30 \u00e0 20h00<\/p>\n<p>Mercredi de 19h30 \u00e0 21h00<\/p>\n<p>&nbsp;<\/p>\n<h2><strong>Seniors Hommes P3 B<\/strong><\/h2>\n<p><strong>Coach :<\/strong><br \/>\nRonan Vansteersthem<\/p>\n<p><strong>Entra\u00eenements :<\/strong><strong><u><br \/>\n<\/u><\/strong>Mardi de 20h30 \u00e0 22h00<\/p>\n<h2><strong>Seniors Hommes P3 D<\/strong><\/h2>\n<p><strong>Coach :<\/strong><br \/>\nDonovan Mention<\/p>\n<p><strong>Entra\u00eenements :<\/strong><strong><u><br \/>\n<\/u><\/strong>Mercredi de 21h00 \u00e0 22h30<\/p>\n<h2>Seniors Dames P2<\/h2>\n<p><strong>Coach :<\/strong><br \/>\nDamien\u00a0Van der Meiren \u2013 0479\/32 43 73<\/p>\n<p><strong>Entra\u00eenements :<\/strong><strong><u><br \/>\n<\/u><\/strong>Lundi et jeudi de 20h30 \u00e0 22h00<\/p>\n<p>&nbsp;<\/p>\n<h2>Baby Basket, U8, U12<\/h2>\n<p><strong>Coach :<\/strong><br \/>\nLoic\u00a0 Van der Meiren<\/p>\n<p>Kelly Vansteersthem<\/p>\n<p><strong>Entra\u00eenements :<\/strong><strong><u><br \/>\n<\/u><\/strong>Mercredi de 16h00 \u00e0 17h00<\/p>\n<p>Samedi de 10h30 \u00e0 11h30<\/p>\n","protected":false},"excerpt":{"rendered":"<p>Seniors Hommes R2 Coach : M\u00e9lanie Beckers Entra\u00eenements : Lundi 18h30 \u00e0 20h00 Mercredi de 19h30 \u00e0 21h00 &nbsp; Seniors Hommes P3 B Coach : Ronan Vansteersthem Entra\u00eenements : Mardi de 20h30 \u00e0 22h00 Seniors Hommes P3 D Coach : Donovan Mention Entra\u00eenements : Mercredi de 21h00 \u00e0 22h30 Seniors Dames P2 Coach : Damien\u00a0Van [&hellip;]<\/p>\n","protected":false},"author":184,"featured_media":0,"parent":0,"menu_order":0,"comment_status":"closed","ping_status":"closed","template":"page-templates\/page-practices.php","meta":{"footnotes":""},"class_list":["post-27","page","type-page","status-publish","hentry"],"_links":{"self":[{"href":"https:\/\/www.basketclubs.be\/bcchalet\/wp-json\/wp\/v2\/pages\/27","targetHints":{"allow":["GET"]}}],"collection":[{"href":"https:\/\/www.basketclubs.be\/bcchalet\/wp-json\/wp\/v2\/pages"}],"about":[{"href":"https:\/\/www.basketclubs.be\/bcchalet\/wp-json\/wp\/v2\/types\/page"}],"author":[{"embeddable":true,"href":"https:\/\/www.basketclubs.be\/bcchalet\/wp-json\/wp\/v2\/users\/184"}],"replies":[{"embeddable":true,"href":"https:\/\/www.basketclubs.be\/bcchalet\/wp-json\/wp\/v2\/comments?post=27"}],"version-history":[{"count":22,"href":"https:\/\/www.basketclubs.be\/bcchalet\/wp-json\/wp\/v2\/pages\/27\/revisions"}],"predecessor-version":[{"id":512,"href":"https:\/\/www.basketclubs.be\/bcchalet\/wp-json\/wp\/v2\/pages\/27\/revisions\/512"}],"wp:attachment":[{"href":"https:\/\/www.basketclubs.be\/bcchalet\/wp-json\/wp\/v2\/media?parent=27"}],"curies":[{"name":"wp","href":"https:\/\/api.w.org\/{rel}","templated":true}]}}