{"id":44,"date":"2018-12-04T18:07:41","date_gmt":"2018-12-04T17:07:41","guid":{"rendered":"https:\/\/www.basketclubs.be\/bcchalet\/?page_id=44"},"modified":"2024-08-15T15:28:42","modified_gmt":"2024-08-15T13:28:42","slug":"sponsors","status":"publish","type":"page","link":"https:\/\/www.basketclubs.be\/bcchalet\/sponsors\/","title":{"rendered":"Sponsors"},"content":{"rendered":"<p>Nous sommes toujours \u00e0 la recherche de soutiens pour le club !<\/p>\n<p>N&rsquo;h\u00e9sitez pas \u00e0 contacter\u00a0le pr\u00e9sident du club\u00a0<span style=\"font-weight: 400\">Ronan Vansteersthem au 0499 24 21 60 ou \u00e0 \u00e9crire un mail au bcchaletwsp@gmail.com<\/span><\/p>\n","protected":false},"excerpt":{"rendered":"<p>Nous sommes toujours \u00e0 la recherche de soutiens pour le club ! N&rsquo;h\u00e9sitez pas \u00e0 contacter\u00a0le pr\u00e9sident du club\u00a0Ronan Vansteersthem au 0499 24 21 60 ou \u00e0 \u00e9crire un mail au bcchaletwsp@gmail.com<\/p>\n","protected":false},"author":184,"featured_media":0,"parent":0,"menu_order":0,"comment_status":"closed","ping_status":"closed","template":"page-templates\/page-sponsors.php","meta":{"footnotes":""},"class_list":["post-44","page","type-page","status-publish","hentry"],"_links":{"self":[{"href":"https:\/\/www.basketclubs.be\/bcchalet\/wp-json\/wp\/v2\/pages\/44","targetHints":{"allow":["GET"]}}],"collection":[{"href":"https:\/\/www.basketclubs.be\/bcchalet\/wp-json\/wp\/v2\/pages"}],"about":[{"href":"https:\/\/www.basketclubs.be\/bcchalet\/wp-json\/wp\/v2\/types\/page"}],"author":[{"embeddable":true,"href":"https:\/\/www.basketclubs.be\/bcchalet\/wp-json\/wp\/v2\/users\/184"}],"replies":[{"embeddable":true,"href":"https:\/\/www.basketclubs.be\/bcchalet\/wp-json\/wp\/v2\/comments?post=44"}],"version-history":[{"count":9,"href":"https:\/\/www.basketclubs.be\/bcchalet\/wp-json\/wp\/v2\/pages\/44\/revisions"}],"predecessor-version":[{"id":195,"href":"https:\/\/www.basketclubs.be\/bcchalet\/wp-json\/wp\/v2\/pages\/44\/revisions\/195"}],"wp:attachment":[{"href":"https:\/\/www.basketclubs.be\/bcchalet\/wp-json\/wp\/v2\/media?parent=44"}],"curies":[{"name":"wp","href":"https:\/\/api.w.org\/{rel}","templated":true}]}}