{"id":16,"date":"2022-12-21T16:25:23","date_gmt":"2022-12-21T15:25:23","guid":{"rendered":"https:\/\/www.basketclubs.be\/bcecaussinnes\/?page_id=16"},"modified":"2022-12-21T16:25:23","modified_gmt":"2022-12-21T15:25:23","slug":"infos-1","status":"publish","type":"page","link":"https:\/\/www.basketclubs.be\/bcecaussinnes\/infos-1\/","title":{"rendered":"Les r\u00e8gles du basket, le chrono et la feuille de match."},"content":{"rendered":"<p>Les r\u00e8gles compl\u00e8tes du basketball (Lien AWBB) :<\/p>\n<p><a href=\"https:\/\/www.awbb.be\/code-de-jeu-interpretations-et-mecanique-darbitrage\/\">Code de jeu, interpr\u00e9tations et m\u00e9canique d&rsquo;arbitrage | AWBB<\/a><\/p>\n<p>Tout savoir sur la feuille de match \u00e9lectronique (\u00e0 partir des U14) :<\/p>\n<p><a href=\"https:\/\/www.awbb.be\/feuille-de-match-electronique\/\">Feuille \u00e9lectronique | AWBB<\/a><\/p>\n<p>&nbsp;<\/p>\n","protected":false},"excerpt":{"rendered":"<p>Les r\u00e8gles compl\u00e8tes du basketball (Lien AWBB) : Code de jeu, interpr\u00e9tations et m\u00e9canique d&rsquo;arbitrage | AWBB Tout savoir sur la feuille de match \u00e9lectronique (\u00e0 partir des U14) : Feuille \u00e9lectronique | AWBB &nbsp;<\/p>\n","protected":false},"author":69,"featured_media":0,"parent":0,"menu_order":0,"comment_status":"closed","ping_status":"closed","template":"page-templates\/page-free.php","meta":{"footnotes":""},"class_list":["post-16","page","type-page","status-publish","hentry"],"_links":{"self":[{"href":"https:\/\/www.basketclubs.be\/bcecaussinnes\/wp-json\/wp\/v2\/pages\/16","targetHints":{"allow":["GET"]}}],"collection":[{"href":"https:\/\/www.basketclubs.be\/bcecaussinnes\/wp-json\/wp\/v2\/pages"}],"about":[{"href":"https:\/\/www.basketclubs.be\/bcecaussinnes\/wp-json\/wp\/v2\/types\/page"}],"author":[{"embeddable":true,"href":"https:\/\/www.basketclubs.be\/bcecaussinnes\/wp-json\/wp\/v2\/users\/69"}],"replies":[{"embeddable":true,"href":"https:\/\/www.basketclubs.be\/bcecaussinnes\/wp-json\/wp\/v2\/comments?post=16"}],"version-history":[{"count":3,"href":"https:\/\/www.basketclubs.be\/bcecaussinnes\/wp-json\/wp\/v2\/pages\/16\/revisions"}],"predecessor-version":[{"id":768,"href":"https:\/\/www.basketclubs.be\/bcecaussinnes\/wp-json\/wp\/v2\/pages\/16\/revisions\/768"}],"wp:attachment":[{"href":"https:\/\/www.basketclubs.be\/bcecaussinnes\/wp-json\/wp\/v2\/media?parent=16"}],"curies":[{"name":"wp","href":"https:\/\/api.w.org\/{rel}","templated":true}]}}