{"id":17,"date":"2024-09-07T07:04:42","date_gmt":"2024-09-07T05:04:42","guid":{"rendered":"https:\/\/www.basketclubs.be\/bcecaussinnes\/?page_id=17"},"modified":"2024-09-07T07:04:42","modified_gmt":"2024-09-07T05:04:42","slug":"infos-2","status":"publish","type":"page","link":"https:\/\/www.basketclubs.be\/bcecaussinnes\/infos-2\/","title":{"rendered":"Devenir arbitre"},"content":{"rendered":"<div>L&rsquo;AWBB vient d&rsquo;ouvrir les inscriptions pour les cours d&rsquo;arbitrage provincial. Nouveaut\u00e9 cette ann\u00e9e, la partie th\u00e9orique a lieu uniquement en e-learning. La partie pratique aura lieu le 26 octobre dans le Hainaut.<\/div>\n<div><\/div>\n<div>Les inscriptions ont lieu directement sur le site :\u00a0<a role=\"link\" href=\"https:\/\/myawbb.be\/posts\/arbitre?fbclid=IwZXh0bgNhZW0CMTAAAR2_m8GrFNhbDv2k5EZh2SsvHr8qAJO6LEcLfQKOtwBWvbC6jijw-MztcrE_aem_RBR4ti4ZsPeeejk8Ftp7tw\" target=\"_blank\" rel=\"nofollow noopener noreferrer\">https:\/\/myawbb.be\/posts\/arbitre<\/a>.<\/div>\n<div><\/div>\n<div>Comme vous le savez, le Hainaut manque d&rsquo;arbitres. Il est primordial pour que le basket \u00e9volue d&rsquo;avoir davantage d&rsquo;arbitres dans notre province. Pouvez-vous transmettre l&rsquo;information \u00e0 vos membres ? Vous trouverez ci-joint l&rsquo;affiche des cours.<\/div>\n<div><\/div>\n<div>Toutes les informations sont sur le site de MyAWBB<\/div>\n","protected":false},"excerpt":{"rendered":"<p>L&rsquo;AWBB vient d&rsquo;ouvrir les inscriptions pour les cours d&rsquo;arbitrage provincial. Nouveaut\u00e9 cette ann\u00e9e, la partie th\u00e9orique a lieu uniquement en e-learning. La partie pratique aura lieu le 26 octobre dans le Hainaut. Les inscriptions ont lieu directement sur le site :\u00a0https:\/\/myawbb.be\/posts\/arbitre. Comme vous le savez, le Hainaut manque d&rsquo;arbitres. Il est primordial pour que le [&hellip;]<\/p>\n","protected":false},"author":69,"featured_media":0,"parent":0,"menu_order":0,"comment_status":"closed","ping_status":"closed","template":"page-templates\/page-free.php","meta":{"footnotes":""},"class_list":["post-17","page","type-page","status-publish","hentry"],"_links":{"self":[{"href":"https:\/\/www.basketclubs.be\/bcecaussinnes\/wp-json\/wp\/v2\/pages\/17","targetHints":{"allow":["GET"]}}],"collection":[{"href":"https:\/\/www.basketclubs.be\/bcecaussinnes\/wp-json\/wp\/v2\/pages"}],"about":[{"href":"https:\/\/www.basketclubs.be\/bcecaussinnes\/wp-json\/wp\/v2\/types\/page"}],"author":[{"embeddable":true,"href":"https:\/\/www.basketclubs.be\/bcecaussinnes\/wp-json\/wp\/v2\/users\/69"}],"replies":[{"embeddable":true,"href":"https:\/\/www.basketclubs.be\/bcecaussinnes\/wp-json\/wp\/v2\/comments?post=17"}],"version-history":[{"count":1,"href":"https:\/\/www.basketclubs.be\/bcecaussinnes\/wp-json\/wp\/v2\/pages\/17\/revisions"}],"predecessor-version":[{"id":795,"href":"https:\/\/www.basketclubs.be\/bcecaussinnes\/wp-json\/wp\/v2\/pages\/17\/revisions\/795"}],"wp:attachment":[{"href":"https:\/\/www.basketclubs.be\/bcecaussinnes\/wp-json\/wp\/v2\/media?parent=17"}],"curies":[{"name":"wp","href":"https:\/\/api.w.org\/{rel}","templated":true}]}}