{"id":22,"date":"2023-12-02T12:32:06","date_gmt":"2023-12-02T11:32:06","guid":{"rendered":"https:\/\/www.basketclubs.be\/bcfrairephilippeville\/?page_id=22"},"modified":"2025-08-22T17:47:01","modified_gmt":"2025-08-22T15:47:01","slug":"history","status":"publish","type":"page","link":"https:\/\/www.basketclubs.be\/bcfrairephilippeville\/history\/","title":{"rendered":"Historique"},"content":{"rendered":"<p style=\"font-weight: 400\"><strong>Un peu d&rsquo;histoire&#8230;<\/strong><\/p>\n<p style=\"font-weight: 400\">En 1976, le club de basket de Fraire est cr\u00e9\u00e9 et prend le matricule 1861. Georges Lorent prend la place de pr\u00e9sident, Bernard Vanderstocken sera secr\u00e9taire et son p\u00e8re, Robert, tr\u00e9sorier.<\/p>\n<p style=\"font-weight: 400\">L&rsquo;\u00e9quipe de PIII \u00e9volue sur la place de Fraire et son local est situ\u00e9 chez \u00ab\u00a0Georgette\u00a0\u00bb, qui tenait un caf\u00e9 (l\u00e0 o\u00f9 se trouve actuellement une boucherie). Les infrastructures sont assez rudimentaires: petite cahute en bois pour la table de marque, les joueurs se lavent dans des bassines!!!<\/p>\n<p style=\"font-weight: 400\">Par la suite, Louis Florins remplace Georges Lorent \u00e0 la pr\u00e9sidence. Even G\u00e9rard lui succ\u00e9dera \u00e0 son tour avant que Ren\u00e9 Bollaerts, en 1981, ne reprenne la rel\u00e8ve.<\/p>\n<p style=\"font-weight: 400\">En 1982, la 1\u00e8re \u00e9quipe de jeunes est mise sur pied: les \u00ab\u00a0Poussines\u00a0\u00bb avec, entre autres, Julie Scaillet, Marie-Line Marche, Nancy Set-Marie ,\u2026<\/p>\n<p style=\"font-weight: 400\">Le club d\u00e9m\u00e9nage alors du centre du village: il se dirige vers la Maroquette o\u00f9 les joueurs \u00e9voluent sur le terrain appartenant \u00e0 Monsieur Delfosse et le caf\u00e9 de ce dernier sert de vestiaire.<\/p>\n<p style=\"font-weight: 400\">Sous l&rsquo;impulsion de Ren\u00e9 Bollaerts, les Hommes, entrain\u00e9s par Piedro Fievet, vont acc\u00e9der \u00e0 la PI en 1990 avec une s\u00e9rie impressionante de victoires sans d\u00e9faites (45). Malheureusement, cette p\u00e9riode faste est de courte dur\u00e9e, faute de moyens financiers. En effet, pour pouvoir \u00e9voluer dans la cour des &lsquo;grands&rsquo;, certains joueurs sont r\u00e9mun\u00e9r\u00e9s. Le club ne pouvait plus jouer en ext\u00e9rieur et doit d\u00e9m\u00e9nager vers de meilleures infrastructures: le Hall Omnisports du Spaymont. Tous ces changements ont un co\u00fbt et le club ne parvient pas \u00e0 les assumer\u2026 L&rsquo;\u00e9quipe des Hommes redescend en PII et ensuite en PIII.<\/p>\n<p style=\"font-weight: 400\">Dans les ann\u00e9es &rsquo;90, Freddy Folie devient pr\u00e9sident, Jean Thomas secr\u00e9taire et Jean Saye, tr\u00e9sorier : celui-ci parviendra \u00e0 remettre le club \u00e0 flot.<\/p>\n<p style=\"font-weight: 400\">De nouvelles \u00e9quipes &lsquo;jeunes&rsquo; sont cr\u00e9\u00e9es: Jean-Louis Mahy et Jean Thomas se chargent de leur formation, toujours sous la houlette de Serge Maucourant<\/p>\n<p style=\"font-weight: 400\">En 2001, de nouveaux changements s&rsquo;effectuent au sein du comit\u00e9: Francis Carbonnelle (pr\u00e9sident), Marie-Ange Devoldere (secr\u00e9taire) et Sandra Huyghe (tr\u00e9sori\u00e8re). A cette \u00e9poque, le comit\u00e9 tente de redresser les finances du club. La t\u00e2che est ardue et le pr\u00e9sident d\u00e9missionne. Il sera remplac\u00e9 par Carmella\u2026, ensuite Josiane Mahy. Marilyne Polom\u00e9 et Eric Van Puyvelde assureront par la suite le r\u00f4le de tr\u00e9sorier.<\/p>\n<p style=\"font-weight: 400\">Le club traverse une p\u00e9riode difficile; mais l&rsquo;\u00e9quipe Dames (qui \u00e9volua en PI et ensuite en PII; avec notamment Julie Scaillet, Fanny Laby, Sophie Michat, H\u00e9l\u00e8ne Tourneux,\u2026) veut assurer la p\u00e9rennit\u00e9 du club. D\u2019o\u00f9 de nouvelles modifications dans le comit\u00e9: Jean-Yves Massart devient pr\u00e9sident; Dimitri Decolnet, tr\u00e9sorier, Jean-Pierre Bourtembourg, secr\u00e9taire. Par la suite, la tr\u00e9sorerie a \u00e9t\u00e9 g\u00e9r\u00e9e par Mich\u00e8le Moussoux et le secr\u00e9tariat par Marie-Ange Devoldere.<\/p>\n<p style=\"font-weight: 400\">En 2005, Eddy De Jaeghere prend le r\u00f4le de pr\u00e9sident, Marie-Ange Devoldere redevient secr\u00e9taire et Val\u00e9rie Dubois est tr\u00e9sori\u00e8re (elle sera remplac\u00e9e par St\u00e9phanie Maroquin)<\/p>\n<p style=\"font-weight: 400\">En juillet 2012 le club devient l&rsquo;A.S.B.L BC Fraire<\/p>\n<p style=\"font-weight: 400\">En 2013, le comit\u00e9 est repr\u00e9sent\u00e9 par Eddy De Jaeghere (Pr\u00e9sident), Carole Scaillet (Secr\u00e9taire), Vincent Bourtembourg (Tr\u00e9sorier), Marie-Ange Devoldere (Vice-Pr\u00e9sidente) et Benoit Marquet (directeur technique).<\/p>\n<p style=\"font-weight: 400\">Un staff \u00e9toff\u00e9 d\u2019entra\u00eeneurs comp\u00e9tent (8) encadre de nombreuses \u00e9quipes de jeunes \u00e0 l\u2019avenir prometteur.<\/p>\n<p style=\"font-weight: 400\">En avril 2016, le BC Fraire fusionne avec le club des Bulls de Philippeville. Cette union am\u00e8ne une nouvelle dynamique avec pr\u00e8s de 20 \u00e9quipes en championnat.<\/p>\n<p style=\"font-weight: 400\">On note aussi pas mal de changements au sein du Comit\u00e9 apr\u00e8s l&rsquo;A.G. de mai 2017, puisque le club est d\u00e9sormais pr\u00e9sid\u00e9 par trois personnes: Manu Bouvy (administratif), David Denil (sportif) et Georges Pilloy (festivit\u00e9s, intendance).<\/p>\n<p style=\"font-weight: 400\">En 2019, le Comit\u00e9 est quelque peu modifi\u00e9. Il comprend d\u00e9sormais 6 membres effectifs: David Denil, Manu Bouvy, Beno\u00eet Marquet, Denis Scaillet, St\u00e9phanye Pierrard et J\u00e9r\u00f4me Clercq.<\/p>\n<p style=\"font-weight: 400\">Depuis lors, Pierre Devuyst, Pascal Pluvinage et Samuel Escalier ont \u00e9galement rejoint le groupe.<\/p>\n<p style=\"font-weight: 400\">En 2021, le club se transforme, avec la cr\u00e9ation du Centre de Formation autour d&rsquo;un nouveau DT de Maxi-basket, en la personne de Jean Gehu. Bernard Dubois continue son travail formidable en Mini-basket, en \u00e9troite collaboration avec le CP Namur.<\/p>\n<p style=\"font-weight: 400\">Cela a pay\u00e9 imm\u00e9diatement avec plusieurs \u00e9quipes championnes, et notamment l&rsquo;acc\u00e8s des \u00e9quipes premi\u00e8res hommes et dames \u00e0 la P1 namuroise.<\/p>\n<p style=\"font-weight: 400\">Le B.C. Fraire-Philippeville a un bel avenir devant lui !<\/p>\n<p>En 2025, le BC Fraire \u00e9volue et le comit\u00e9 change pour faire peau neuve. Nous accueillons Georges Pilloy comme pr\u00e9sident, Aur\u00e9lie Verenne comme co-pr\u00e9sidente, Julie Crispoux comme tr\u00e9sori\u00e8re et Loic Pirmolin comme secretaire \ud83d\ude09<\/p>\n<p>Au niveau des directeurs techniques nous pouvons continuer notre route en maxi basket avec Nicolas Demande et Amaury Jadin. Le mini basket lui sera sous la coupe de la direction technique de Greg Yanga.<\/p>\n<p>D\u00e9sormais le B.C Fraire Philippeville peut compter une \u00e9quipe homme en R2 pour cette nouvelle saison 2025-2026 sous les conseils avis\u00e9s du coach Michael Marques. N&rsquo;hesitez pas \u00e0 nous suivre \ud83d\ude09<\/p>\n","protected":false},"excerpt":{"rendered":"<p>Un peu d&rsquo;histoire&#8230; En 1976, le club de basket de Fraire est cr\u00e9\u00e9 et prend le matricule 1861. Georges Lorent prend la place de pr\u00e9sident, Bernard Vanderstocken sera secr\u00e9taire et son p\u00e8re, Robert, tr\u00e9sorier. L&rsquo;\u00e9quipe de PIII \u00e9volue sur la place de Fraire et son local est situ\u00e9 chez \u00ab\u00a0Georgette\u00a0\u00bb, qui tenait un caf\u00e9 (l\u00e0 [&hellip;]<\/p>\n","protected":false},"author":457,"featured_media":0,"parent":0,"menu_order":0,"comment_status":"closed","ping_status":"closed","template":"page-templates\/page-history.php","meta":{"footnotes":""},"class_list":["post-22","page","type-page","status-publish","hentry"],"_links":{"self":[{"href":"https:\/\/www.basketclubs.be\/bcfrairephilippeville\/wp-json\/wp\/v2\/pages\/22","targetHints":{"allow":["GET"]}}],"collection":[{"href":"https:\/\/www.basketclubs.be\/bcfrairephilippeville\/wp-json\/wp\/v2\/pages"}],"about":[{"href":"https:\/\/www.basketclubs.be\/bcfrairephilippeville\/wp-json\/wp\/v2\/types\/page"}],"author":[{"embeddable":true,"href":"https:\/\/www.basketclubs.be\/bcfrairephilippeville\/wp-json\/wp\/v2\/users\/457"}],"replies":[{"embeddable":true,"href":"https:\/\/www.basketclubs.be\/bcfrairephilippeville\/wp-json\/wp\/v2\/comments?post=22"}],"version-history":[{"count":6,"href":"https:\/\/www.basketclubs.be\/bcfrairephilippeville\/wp-json\/wp\/v2\/pages\/22\/revisions"}],"predecessor-version":[{"id":439,"href":"https:\/\/www.basketclubs.be\/bcfrairephilippeville\/wp-json\/wp\/v2\/pages\/22\/revisions\/439"}],"wp:attachment":[{"href":"https:\/\/www.basketclubs.be\/bcfrairephilippeville\/wp-json\/wp\/v2\/media?parent=22"}],"curies":[{"name":"wp","href":"https:\/\/api.w.org\/{rel}","templated":true}]}}