{"id":24,"date":"2023-12-07T17:03:17","date_gmt":"2023-12-07T16:03:17","guid":{"rendered":"https:\/\/www.basketclubs.be\/bcfrairephilippeville\/?page_id=24"},"modified":"2025-07-30T13:41:45","modified_gmt":"2025-07-30T11:41:45","slug":"committee","status":"publish","type":"page","link":"https:\/\/www.basketclubs.be\/bcfrairephilippeville\/committee\/","title":{"rendered":"Comit\u00e9"},"content":{"rendered":"<p>Nous sommes heureux de vous pr\u00e9senter le nouveau comit\u00e9 qui accompagnera vos jeunes \u2014 et vous, nos membres adultes \u2014 tout au long de la saison \u00e0 venir !<\/p>\n<p>Pour refl\u00e9ter notre volont\u00e9 d\u2019\u00e9quilibre et de collaboration, nous avons mis en place une co-pr\u00e9sidence homme-femme, confi\u00e9e \u00e0 Georges Pilloy, qui sera \u00e9galement en charge du secteur sportif et de la gestion, et Aur\u00e9lie Verenne, responsable aussi de la communication et de la fili\u00e8re f\u00e9minine.<\/p>\n<p>Voici le reste de l\u2019\u00e9quipe :<\/p>\n<p>\u2022 Julie Crispoux : tr\u00e9sori\u00e8re<\/p>\n<p>\u2022 Lo\u00efc Pirmolin : secr\u00e9taire<\/p>\n<p>\u2022 Ludovic Martin : stages et \u00e9quipements<\/p>\n<p>\u2022 \u00c9douard Guiot : assurances et mini basket<\/p>\n<p>\u2022 Fabian Bouserie : festifs<\/p>\n<p>Ce nouveau comit\u00e9 est motiv\u00e9, engag\u00e9, et pr\u00eat \u00e0 continuer de faire vivre le club avec \u00e9nergie, proximit\u00e9 et bonne humeur !<\/p>\n","protected":false},"excerpt":{"rendered":"<p>Nous sommes heureux de vous pr\u00e9senter le nouveau comit\u00e9 qui accompagnera vos jeunes \u2014 et vous, nos membres adultes \u2014 tout au long de la saison \u00e0 venir ! Pour refl\u00e9ter notre volont\u00e9 d\u2019\u00e9quilibre et de collaboration, nous avons mis en place une co-pr\u00e9sidence homme-femme, confi\u00e9e \u00e0 Georges Pilloy, qui sera \u00e9galement en charge du [&hellip;]<\/p>\n","protected":false},"author":457,"featured_media":0,"parent":0,"menu_order":0,"comment_status":"closed","ping_status":"closed","template":"page-templates\/page-committee.php","meta":{"footnotes":""},"class_list":["post-24","page","type-page","status-publish","hentry"],"_links":{"self":[{"href":"https:\/\/www.basketclubs.be\/bcfrairephilippeville\/wp-json\/wp\/v2\/pages\/24","targetHints":{"allow":["GET"]}}],"collection":[{"href":"https:\/\/www.basketclubs.be\/bcfrairephilippeville\/wp-json\/wp\/v2\/pages"}],"about":[{"href":"https:\/\/www.basketclubs.be\/bcfrairephilippeville\/wp-json\/wp\/v2\/types\/page"}],"author":[{"embeddable":true,"href":"https:\/\/www.basketclubs.be\/bcfrairephilippeville\/wp-json\/wp\/v2\/users\/457"}],"replies":[{"embeddable":true,"href":"https:\/\/www.basketclubs.be\/bcfrairephilippeville\/wp-json\/wp\/v2\/comments?post=24"}],"version-history":[{"count":12,"href":"https:\/\/www.basketclubs.be\/bcfrairephilippeville\/wp-json\/wp\/v2\/pages\/24\/revisions"}],"predecessor-version":[{"id":402,"href":"https:\/\/www.basketclubs.be\/bcfrairephilippeville\/wp-json\/wp\/v2\/pages\/24\/revisions\/402"}],"wp:attachment":[{"href":"https:\/\/www.basketclubs.be\/bcfrairephilippeville\/wp-json\/wp\/v2\/media?parent=24"}],"curies":[{"name":"wp","href":"https:\/\/api.w.org\/{rel}","templated":true}]}}