{"id":25,"date":"2023-12-22T20:02:13","date_gmt":"2023-12-22T19:02:13","guid":{"rendered":"https:\/\/www.basketclubs.be\/bcfrairephilippeville\/?page_id=25"},"modified":"2025-07-30T13:13:56","modified_gmt":"2025-07-30T11:13:56","slug":"coaches","status":"publish","type":"page","link":"https:\/\/www.basketclubs.be\/bcfrairephilippeville\/coaches\/","title":{"rendered":"Equipe \u00e9ducative du BC Fraire-Philippeville"},"content":{"rendered":"<p>BC Fraire-Philippeville : Une saison pleine d\u2019ambitions ! <span class=\"html-span xexx8yu xyri2b x18d9i69 x1c1uobl x1hl2dhg x16tdsg8 x1vvkbs x3nfvp2 x1j61x8r x1fcty0u xdj266r xat24cr xm2jcoa x1mpyi22 xxymvpz xlup9mm x1kky2od\"><img loading=\"lazy\" decoding=\"async\" class=\"xz74otr x15mokao x1ga7v0g x16uus16 xbiv7yw\" src=\"https:\/\/static.xx.fbcdn.net\/images\/emoji.php\/v9\/tb8\/1\/16\/1f3c0.png\" alt=\"\ud83c\udfc0\" width=\"16\" height=\"16\" \/><\/span><\/p>\n<div class=\"x14z9mp xat24cr x1lziwak x1vvkbs xtlvy1s x126k92a\">\n<div dir=\"auto\">Cette saison s\u2019annonce prometteuse pour le BC Fraire-Philippeville ! Nos trois directeurs techniques, v\u00e9ritables moteurs du club, partagent leur vision et leurs objectifs pour les mois \u00e0 venir :<\/div>\n<\/div>\n<div class=\"x14z9mp xat24cr x1lziwak x1vvkbs xtlvy1s x126k92a\">\n<div dir=\"auto\"><span class=\"html-span xexx8yu xyri2b x18d9i69 x1c1uobl x1hl2dhg x16tdsg8 x1vvkbs x3nfvp2 x1j61x8r x1fcty0u xdj266r xat24cr xm2jcoa x1mpyi22 xxymvpz xlup9mm x1kky2od\"><img loading=\"lazy\" decoding=\"async\" class=\"xz74otr x15mokao x1ga7v0g x16uus16 xbiv7yw\" src=\"https:\/\/static.xx.fbcdn.net\/images\/emoji.php\/v9\/tf3\/1\/16\/1f539.png\" alt=\"\ud83d\udd39\" width=\"16\" height=\"16\" \/><\/span> Direction technique Maxi Basket<\/div>\n<\/div>\n<div class=\"x14z9mp xat24cr x1lziwak x1vvkbs xtlvy1s x126k92a\">\n<div dir=\"auto\">Nicolas Demande &amp; Amaury Jadin<\/div>\n<\/div>\n<div class=\"x14z9mp xat24cr x1lziwak x1vvkbs xtlvy1s x126k92a\">\n<div dir=\"auto\">\u00ab\u00a0Notre projet sportif, s\u2019apparente \u00e0 l\u2019apprentissage du jazz plut\u00f4t qu\u2019\u00e0 l\u2019apprentissage classique du conservatoire. Au travers d\u2019un basket conceptuel, on cherche \u00e0 d\u00e9velopper des comp\u00e9tences de prise de d\u00e9cisions pour d\u00e9velopper des comp\u00e9tences techniques et non l\u2019inverse. Au BCFP, on peut \u00eatre CR\u00c9ATIF ET IMPROVISER \u00e0 l\u2019int\u00e9rieur de cadres communs (concepts). Comme dans une jam session, chaque joueur apprend \u00e0 \u00e9couter, \u00e0 oser, \u00e0 s\u2019exprimer.<\/div>\n<div dir=\"auto\">L\u2019objectif ? D\u00e9velopper la confiance en soi, encourager la prise d\u2019initiatives et nourrir la cr\u00e9ativit\u00e9. Je souhaite que nos joueurs(euses) ne soit pas que des ex\u00e9cutants\u2026 Mais qu\u2019ils (elles) osent imaginer le jeu.<\/div>\n<div dir=\"auto\">Afin d&rsquo;atteindre au mieux cet objectif, nous souhaitons que chaque joueuse et joueur puisse s&rsquo;identifier au club et \u00e0 un groupe plus large que simplement une \u00e9quipe, qu&rsquo;elle soit A ou B\u00a0\u00bb<\/div>\n<\/div>\n<div class=\"x14z9mp xat24cr x1lziwak x1vvkbs xtlvy1s x126k92a\">\n<div dir=\"auto\"><span class=\"html-span xexx8yu xyri2b x18d9i69 x1c1uobl x1hl2dhg x16tdsg8 x1vvkbs x3nfvp2 x1j61x8r x1fcty0u xdj266r xat24cr xm2jcoa x1mpyi22 xxymvpz xlup9mm x1kky2od\"><img loading=\"lazy\" decoding=\"async\" class=\"xz74otr x15mokao x1ga7v0g x16uus16 xbiv7yw\" src=\"https:\/\/static.xx.fbcdn.net\/images\/emoji.php\/v9\/tf3\/1\/16\/1f539.png\" alt=\"\ud83d\udd39\" width=\"16\" height=\"16\" \/><\/span> Direction technique Mini Basket<\/div>\n<\/div>\n<div class=\"x14z9mp xat24cr x1lziwak x1vvkbs xtlvy1s x126k92a\">\n<div dir=\"auto\">Greg Yanga<\/div>\n<\/div>\n<div class=\"x14z9mp xat24cr x1lziwak x1vvkbs xtlvy1s x126k92a\">\n<div dir=\"auto\">\u00a0\u00bb Je commencerai par remercier le comit\u00e9 qui m&rsquo;a accord\u00e9 sa confiance en acceptant de me nommer directeur technique mini basket. J&rsquo;ai vraiment h\u00e2te d&rsquo;\u00eatre la saison prochaine et de relever ce nouveau d\u00e9fi, si je me suis volontairement propos\u00e9 pour relever ce challenge, c&rsquo;est parce que aujourd&rsquo;hui j&rsquo;ai l&rsquo;intime conviction que le mini basket est la base de la pyramide. Avec les nombreux moyens qui seront mis \u00e0 ma disposition par le comit\u00e9, je compte faire un maximum afin d&rsquo;apporter des fondations solides sur lesquels nos mini oursons pourront s&rsquo;appuyer durant tous leur long processus de formation et d&rsquo;apprentissage, ce jusqu&rsquo;\u00e0 ce qu&rsquo;il deviennent les grands ours qui je l&rsquo;esp\u00e8re repr\u00e9senteront fi\u00e8rement les couleurs du BCFP dans les cat\u00e9gories adultes.\u00a0\u00bb<\/div>\n<\/div>\n<div class=\"x14z9mp xat24cr x1lziwak x1vvkbs xtlvy1s x126k92a\">\n<div dir=\"auto\">Nous avons h\u00e2te de voir nos ambitions se concr\u00e9tiser et de partager chaque victoire avec vous. Ensemble, faisons vibrer le BC Fraire-Philippeville ! <span class=\"html-span xexx8yu xyri2b x18d9i69 x1c1uobl x1hl2dhg x16tdsg8 x1vvkbs x3nfvp2 x1j61x8r x1fcty0u xdj266r xat24cr xm2jcoa x1mpyi22 xxymvpz xlup9mm x1kky2od\"><img loading=\"lazy\" decoding=\"async\" class=\"xz74otr x15mokao x1ga7v0g x16uus16 xbiv7yw\" src=\"https:\/\/static.xx.fbcdn.net\/images\/emoji.php\/v9\/tc6\/1\/16\/1f680.png\" alt=\"\ud83d\ude80\" width=\"16\" height=\"16\" \/><\/span><span class=\"html-span xexx8yu xyri2b x18d9i69 x1c1uobl x1hl2dhg x16tdsg8 x1vvkbs x3nfvp2 x1j61x8r x1fcty0u xdj266r xat24cr xm2jcoa x1mpyi22 xxymvpz xlup9mm x1kky2od\"><img loading=\"lazy\" decoding=\"async\" class=\"xz74otr x15mokao x1ga7v0g x16uus16 xbiv7yw\" src=\"https:\/\/static.xx.fbcdn.net\/images\/emoji.php\/v9\/tb8\/1\/16\/1f3c0.png\" alt=\"\ud83c\udfc0\" width=\"16\" height=\"16\" \/><\/span><\/div>\n<\/div>\n<div class=\"x14z9mp xat24cr x1lziwak x1vvkbs xtlvy1s x126k92a\">\n<div dir=\"auto\"><span class=\"html-span xdj266r x14z9mp xat24cr x1lziwak xexx8yu xyri2b x18d9i69 x1c1uobl x1hl2dhg x16tdsg8 x1vvkbs\"><a class=\"x1i10hfl xjbqb8w x1ejq31n x18oe1m7 x1sy0etr xstzfhl x972fbf x10w94by x1qhh985 x14e42zd x9f619 x1ypdohk xt0psk2 xe8uvvx xdj266r x14z9mp xat24cr x1lziwak xexx8yu xyri2b x18d9i69 x1c1uobl x16tdsg8 x1hl2dhg xggy1nq x1a2a7pz xkrqix3 x1sur9pj x1fey0fg x1s688f\" role=\"link\" href=\"https:\/\/www.facebook.com\/hashtag\/bcfrairephilippeville?__eep__=6&amp;__cft__[0]=AZWsDzSqEBIwLKffwZXfYef08DEZU7Eb3ac3l5_5EzYX-wdTN3XY49DXliO7za6JEMUm6R_T26UEDzqpZGWCVJKC2-gKonIaGzhAgp15VDk2cGJjyyrPV22dcBSLjQPaB6vGYB_fnh41oDUjjgGsPjipE1iiCwHfaMX1smOSsbSR9O24SAyDAYp2XUfNbXrS_A4&amp;__tn__=*NK-R\">#BCFrairePhilippeville<\/a><\/span> <span class=\"html-span xdj266r x14z9mp xat24cr x1lziwak xexx8yu xyri2b x18d9i69 x1c1uobl x1hl2dhg x16tdsg8 x1vvkbs\"><a class=\"x1i10hfl xjbqb8w x1ejq31n x18oe1m7 x1sy0etr xstzfhl x972fbf x10w94by x1qhh985 x14e42zd x9f619 x1ypdohk xt0psk2 xe8uvvx xdj266r x14z9mp xat24cr x1lziwak xexx8yu xyri2b x18d9i69 x1c1uobl x16tdsg8 x1hl2dhg xggy1nq x1a2a7pz xkrqix3 x1sur9pj x1fey0fg x1s688f\" role=\"link\" href=\"https:\/\/www.facebook.com\/hashtag\/basketball?__eep__=6&amp;__cft__[0]=AZWsDzSqEBIwLKffwZXfYef08DEZU7Eb3ac3l5_5EzYX-wdTN3XY49DXliO7za6JEMUm6R_T26UEDzqpZGWCVJKC2-gKonIaGzhAgp15VDk2cGJjyyrPV22dcBSLjQPaB6vGYB_fnh41oDUjjgGsPjipE1iiCwHfaMX1smOSsbSR9O24SAyDAYp2XUfNbXrS_A4&amp;__tn__=*NK-R\">#Basketball<\/a><\/span> <span class=\"html-span xdj266r x14z9mp xat24cr x1lziwak xexx8yu xyri2b x18d9i69 x1c1uobl x1hl2dhg x16tdsg8 x1vvkbs\"><a class=\"x1i10hfl xjbqb8w x1ejq31n x18oe1m7 x1sy0etr xstzfhl x972fbf x10w94by x1qhh985 x14e42zd x9f619 x1ypdohk xt0psk2 xe8uvvx xdj266r x14z9mp xat24cr x1lziwak xexx8yu xyri2b x18d9i69 x1c1uobl x16tdsg8 x1hl2dhg xggy1nq x1a2a7pz xkrqix3 x1sur9pj x1fey0fg x1s688f\" role=\"link\" href=\"https:\/\/www.facebook.com\/hashtag\/nouvellesaison?__eep__=6&amp;__cft__[0]=AZWsDzSqEBIwLKffwZXfYef08DEZU7Eb3ac3l5_5EzYX-wdTN3XY49DXliO7za6JEMUm6R_T26UEDzqpZGWCVJKC2-gKonIaGzhAgp15VDk2cGJjyyrPV22dcBSLjQPaB6vGYB_fnh41oDUjjgGsPjipE1iiCwHfaMX1smOSsbSR9O24SAyDAYp2XUfNbXrS_A4&amp;__tn__=*NK-R\">#NouvelleSaison<\/a><\/span><\/div>\n<\/div>\n","protected":false},"excerpt":{"rendered":"<p>BC Fraire-Philippeville : Une saison pleine d\u2019ambitions ! Cette saison s\u2019annonce prometteuse pour le BC Fraire-Philippeville ! Nos trois directeurs techniques, v\u00e9ritables moteurs du club, partagent leur vision et leurs objectifs pour les mois \u00e0 venir : Direction technique Maxi Basket Nicolas Demande &amp; Amaury Jadin \u00ab\u00a0Notre projet sportif, s\u2019apparente \u00e0 l\u2019apprentissage du jazz plut\u00f4t [&hellip;]<\/p>\n","protected":false},"author":457,"featured_media":0,"parent":0,"menu_order":0,"comment_status":"closed","ping_status":"closed","template":"","meta":{"footnotes":""},"class_list":["post-25","page","type-page","status-publish","hentry"],"_links":{"self":[{"href":"https:\/\/www.basketclubs.be\/bcfrairephilippeville\/wp-json\/wp\/v2\/pages\/25","targetHints":{"allow":["GET"]}}],"collection":[{"href":"https:\/\/www.basketclubs.be\/bcfrairephilippeville\/wp-json\/wp\/v2\/pages"}],"about":[{"href":"https:\/\/www.basketclubs.be\/bcfrairephilippeville\/wp-json\/wp\/v2\/types\/page"}],"author":[{"embeddable":true,"href":"https:\/\/www.basketclubs.be\/bcfrairephilippeville\/wp-json\/wp\/v2\/users\/457"}],"replies":[{"embeddable":true,"href":"https:\/\/www.basketclubs.be\/bcfrairephilippeville\/wp-json\/wp\/v2\/comments?post=25"}],"version-history":[{"count":8,"href":"https:\/\/www.basketclubs.be\/bcfrairephilippeville\/wp-json\/wp\/v2\/pages\/25\/revisions"}],"predecessor-version":[{"id":392,"href":"https:\/\/www.basketclubs.be\/bcfrairephilippeville\/wp-json\/wp\/v2\/pages\/25\/revisions\/392"}],"wp:attachment":[{"href":"https:\/\/www.basketclubs.be\/bcfrairephilippeville\/wp-json\/wp\/v2\/media?parent=25"}],"curies":[{"name":"wp","href":"https:\/\/api.w.org\/{rel}","templated":true}]}}