{"id":33,"date":"2015-09-23T21:23:17","date_gmt":"2015-09-23T19:23:17","guid":{"rendered":"https:\/\/www.basketclubs.be\/bcgenappe\/?page_id=33"},"modified":"2015-09-23T21:23:17","modified_gmt":"2015-09-23T19:23:17","slug":"join","status":"publish","type":"page","link":"https:\/\/www.basketclubs.be\/bcgenappe\/join\/","title":{"rendered":"S&rsquo;inscrire"},"content":{"rendered":"<p style=\"text-align: justify\">A tous les joueurs et membres, en cette fin du mois de septembre, nous demandons \u00e0 ce que la cotisation soit pay\u00e9e.\u00a0Le nouveau N\u00b0 de compte du club est :<\/p>\n<p style=\"text-align: justify\"><strong>BE12 3631 4471 9592\u00a0<\/strong><strong>\u00a0 \u00a0 \u00a0 \u00a0 \u00a0 \u00a0 \u00a0 \u00a0 \u00a0 \u00a0 \u00a0 \u00a0 \u00a0 \u00a0 \u00a0 \u00a0 \u00a0 \u00a0 \u00a0 <\/strong><\/p>\n<p style=\"text-align: justify\"><strong>au nom du BCGenappe, rue F.Tubiermont\u00a0 1470 Genappe<\/strong><\/p>\n<table width=\"100%\">\n<tbody>\n<tr>\n<td width=\"498\"><em>CATEGORIES<\/em><\/td>\n<td width=\"390\"><em>MONTANTS<\/em><\/td>\n<\/tr>\n<tr>\n<td width=\"498\"><strong>P1 et P2 Hommes (2 entrainements)<\/strong><\/td>\n<td width=\"390\"><strong>220 EUR<\/strong><\/td>\n<\/tr>\n<tr>\n<td width=\"498\"><strong>P1 Dames (1 entrainement)<\/strong><\/td>\n<td width=\"390\"><strong>160 Eur<\/strong><\/td>\n<\/tr>\n<tr>\n<td width=\"498\"><strong>Benjamins (2 entrainements)<\/strong><\/td>\n<td width=\"390\"><strong>180 EUR<\/strong><\/td>\n<\/tr>\n<\/tbody>\n<\/table>\n<p style=\"text-align: justify\"><em>N\u2019h\u00e9sitez pas \u00e0 vous tourner vers les organismes d\u2019aide \u00e0 la participation \u00e0 une activit\u00e9 sportive. La plupart des soci\u00e9t\u00e9s d\u2019assurance-mutuelle peuvent aider \u00e0 la pratique d\u2019un sport (l\u2019ann\u00e9e derni\u00e8re les mutuelles remboursaient \u00e0 concurrence de +\/- 30 Eur).<\/em><\/p>\n","protected":false},"excerpt":{"rendered":"<p>A tous les joueurs et membres, en cette fin du mois de septembre, nous demandons \u00e0 ce que la cotisation soit pay\u00e9e.\u00a0Le nouveau N\u00b0 de compte du club est : BE12 3631 4471 9592\u00a0\u00a0 \u00a0 \u00a0 \u00a0 \u00a0 \u00a0 \u00a0 \u00a0 \u00a0 \u00a0 \u00a0 \u00a0 \u00a0 \u00a0 \u00a0 \u00a0 \u00a0 \u00a0 \u00a0 au nom du [&hellip;]<\/p>\n","protected":false},"author":1,"featured_media":0,"parent":0,"menu_order":0,"comment_status":"closed","ping_status":"closed","template":"page-templates\/page-join.php","meta":{"footnotes":""},"class_list":["post-33","page","type-page","status-publish","hentry"],"_links":{"self":[{"href":"https:\/\/www.basketclubs.be\/bcgenappe\/wp-json\/wp\/v2\/pages\/33","targetHints":{"allow":["GET"]}}],"collection":[{"href":"https:\/\/www.basketclubs.be\/bcgenappe\/wp-json\/wp\/v2\/pages"}],"about":[{"href":"https:\/\/www.basketclubs.be\/bcgenappe\/wp-json\/wp\/v2\/types\/page"}],"author":[{"embeddable":true,"href":"https:\/\/www.basketclubs.be\/bcgenappe\/wp-json\/wp\/v2\/users\/1"}],"replies":[{"embeddable":true,"href":"https:\/\/www.basketclubs.be\/bcgenappe\/wp-json\/wp\/v2\/comments?post=33"}],"version-history":[{"count":3,"href":"https:\/\/www.basketclubs.be\/bcgenappe\/wp-json\/wp\/v2\/pages\/33\/revisions"}],"predecessor-version":[{"id":453,"href":"https:\/\/www.basketclubs.be\/bcgenappe\/wp-json\/wp\/v2\/pages\/33\/revisions\/453"}],"wp:attachment":[{"href":"https:\/\/www.basketclubs.be\/bcgenappe\/wp-json\/wp\/v2\/media?parent=33"}],"curies":[{"name":"wp","href":"https:\/\/api.w.org\/{rel}","templated":true}]}}