{"id":39,"date":"2014-09-18T21:59:03","date_gmt":"2014-09-18T19:59:03","guid":{"rendered":"https:\/\/www.basketclubs.be\/bcgenappe\/?page_id=39"},"modified":"2014-09-23T21:06:58","modified_gmt":"2014-09-23T19:06:58","slug":"infos-1","status":"publish","type":"page","link":"https:\/\/www.basketclubs.be\/bcgenappe\/infos-1\/","title":{"rendered":"Sponsoring&#8230;"},"content":{"rendered":"<p>Malgr\u00e9 le nombre important de b\u00e9n\u00e9voles, faire \u00ab tourner \u00bb un club comme le n\u00f4tre repr\u00e9sente un budget significatif.<br \/>\nA titre d\u2019exemple, le poste \u00ab arbitrage \u00bb du bilan repr\u00e9sente, \u00e0 lui seul 6800 Euros.<\/p>\n<p><strong>Que pouvez-vous nous offrir ?<\/strong><\/p>\n<p>Toutes les possibilit\u00e9s sont \u00e9videmment les bienvenues.<br \/>\nNous sommes pr\u00eats \u00e0 en discuter avec vous pour que chacun puisse en retirer ce qu\u2019il peut en esp\u00e9rer.<\/p>\n<p>A titre d\u2019information nous vous soumettons quelques r\u00e9alisations possibles. Ceci ne constitue pas une liste exhaustive et nous restons, bien entendu, \u00e0 votre \u00e9coute.<\/p>\n<p>La pr\u00e9sence de votre logo, marque, d\u00e9nomination de votre entreprise dans :<br \/>\n\u2022\u00a0Les panneaux publicitaires<br \/>\n\u2022\u00a0Les maillots<br \/>\n\u2022\u00a0Les surv\u00eatements<br \/>\n\u2022\u00a0Le site Internet<\/p>\n<p>&nbsp;<\/p>\n<p><strong>Les panneaux publicitaires<\/strong><br \/>\nDes panneaux de 1m x 1,20m sont plac\u00e9s \u00e0 demeure dans la salle omnisports de Genappe. Leur confection est laiss\u00e9e \u00e0 votre appr\u00e9ciation mais sur demande nous pouvons nous charger de leur fabrication, suivant devis \u00e0 \u00e9tablir.<br \/>\nLe placement dans la salle est effectu\u00e9 gratuitement par nos soins.<\/p>\n<p><strong>Les maillots<\/strong><br \/>\nNous sommes attentifs au soin r\u00e9serv\u00e9 \u00e0 l\u2019entretien des \u00e9quipements. Nous consid\u00e9rons donc qu\u2019un jeu de maillots sert pendant trois saisons.<\/p>\n","protected":false},"excerpt":{"rendered":"<p>Malgr\u00e9 le nombre important de b\u00e9n\u00e9voles, faire \u00ab tourner \u00bb un club comme le n\u00f4tre repr\u00e9sente un budget significatif. A titre d\u2019exemple, le poste \u00ab arbitrage \u00bb du bilan repr\u00e9sente, \u00e0 lui seul 6800 Euros. Que pouvez-vous nous offrir ? Toutes les possibilit\u00e9s sont \u00e9videmment les bienvenues. Nous sommes pr\u00eats \u00e0 en discuter avec vous [&hellip;]<\/p>\n","protected":false},"author":1,"featured_media":0,"parent":0,"menu_order":0,"comment_status":"closed","ping_status":"closed","template":"page-templates\/page-free.php","meta":{"footnotes":""},"class_list":["post-39","page","type-page","status-publish","hentry"],"_links":{"self":[{"href":"https:\/\/www.basketclubs.be\/bcgenappe\/wp-json\/wp\/v2\/pages\/39","targetHints":{"allow":["GET"]}}],"collection":[{"href":"https:\/\/www.basketclubs.be\/bcgenappe\/wp-json\/wp\/v2\/pages"}],"about":[{"href":"https:\/\/www.basketclubs.be\/bcgenappe\/wp-json\/wp\/v2\/types\/page"}],"author":[{"embeddable":true,"href":"https:\/\/www.basketclubs.be\/bcgenappe\/wp-json\/wp\/v2\/users\/1"}],"replies":[{"embeddable":true,"href":"https:\/\/www.basketclubs.be\/bcgenappe\/wp-json\/wp\/v2\/comments?post=39"}],"version-history":[{"count":4,"href":"https:\/\/www.basketclubs.be\/bcgenappe\/wp-json\/wp\/v2\/pages\/39\/revisions"}],"predecessor-version":[{"id":177,"href":"https:\/\/www.basketclubs.be\/bcgenappe\/wp-json\/wp\/v2\/pages\/39\/revisions\/177"}],"wp:attachment":[{"href":"https:\/\/www.basketclubs.be\/bcgenappe\/wp-json\/wp\/v2\/media?parent=39"}],"curies":[{"name":"wp","href":"https:\/\/api.w.org\/{rel}","templated":true}]}}