{"id":47,"date":"2014-09-23T21:09:19","date_gmt":"2014-09-23T19:09:19","guid":{"rendered":"https:\/\/www.basketclubs.be\/bcgenappe\/?page_id=47"},"modified":"2015-03-18T22:09:29","modified_gmt":"2015-03-18T20:09:29","slug":"contact","status":"publish","type":"page","link":"https:\/\/www.basketclubs.be\/bcgenappe\/contact\/","title":{"rendered":"Contact"},"content":{"rendered":"<h5>Basket club Genappe asbl<\/h5>\n<div>Pr\u00e9sidente: Mme Marie-Claire HENRION<\/div>\n<div>Secr\u00e9taire : Mr Bernard ELOIN<\/div>\n<div>\nRue F\u00e9licien Tubiermont, 10<br \/>\n1472 Vieux- Genappe<br \/>\nGsm:0477\/58.73.37<\/div>\n<div><\/div>\n<p>&nbsp;<\/p>\n<p>&nbsp;<\/p>\n","protected":false},"excerpt":{"rendered":"<p>Basket club Genappe asbl Pr\u00e9sidente: Mme Marie-Claire HENRION Secr\u00e9taire : Mr Bernard ELOIN Rue F\u00e9licien Tubiermont, 10 1472 Vieux- Genappe Gsm:0477\/58.73.37 &nbsp; &nbsp;<\/p>\n","protected":false},"author":1,"featured_media":0,"parent":0,"menu_order":0,"comment_status":"closed","ping_status":"closed","template":"page-templates\/page-contact.php","meta":{"footnotes":""},"class_list":["post-47","page","type-page","status-publish","hentry"],"_links":{"self":[{"href":"https:\/\/www.basketclubs.be\/bcgenappe\/wp-json\/wp\/v2\/pages\/47","targetHints":{"allow":["GET"]}}],"collection":[{"href":"https:\/\/www.basketclubs.be\/bcgenappe\/wp-json\/wp\/v2\/pages"}],"about":[{"href":"https:\/\/www.basketclubs.be\/bcgenappe\/wp-json\/wp\/v2\/types\/page"}],"author":[{"embeddable":true,"href":"https:\/\/www.basketclubs.be\/bcgenappe\/wp-json\/wp\/v2\/users\/1"}],"replies":[{"embeddable":true,"href":"https:\/\/www.basketclubs.be\/bcgenappe\/wp-json\/wp\/v2\/comments?post=47"}],"version-history":[{"count":3,"href":"https:\/\/www.basketclubs.be\/bcgenappe\/wp-json\/wp\/v2\/pages\/47\/revisions"}],"predecessor-version":[{"id":316,"href":"https:\/\/www.basketclubs.be\/bcgenappe\/wp-json\/wp\/v2\/pages\/47\/revisions\/316"}],"wp:attachment":[{"href":"https:\/\/www.basketclubs.be\/bcgenappe\/wp-json\/wp\/v2\/media?parent=47"}],"curies":[{"name":"wp","href":"https:\/\/api.w.org\/{rel}","templated":true}]}}