{"id":24,"date":"2016-08-03T20:04:53","date_gmt":"2016-08-03T18:04:53","guid":{"rendered":"https:\/\/www.basketclubs.be\/bcjse\/?page_id=24"},"modified":"2025-01-30T00:05:15","modified_gmt":"2025-01-29T23:05:15","slug":"sponsors","status":"publish","type":"page","link":"https:\/\/www.basketclubs.be\/bcjse\/sponsors\/","title":{"rendered":"Sponsors"},"content":{"rendered":"<h6>Nous tenions \u00e0 remercier nos partenaires toujours fid\u00e8les et pr\u00eats \u00e0 nous accorder leur confiance.<\/h6>\n<h6>Sans les sponsors qui contribuent \u00e0 notre d\u00e9veloppement de par leur aide financi\u00e8re , mat\u00e9rielle , leur pr\u00e9sence et leur soutien tout au long de la saison , notre club ne serait pas le m\u00eame.<\/h6>\n<h6>Merci !<\/h6>\n<p>&nbsp;<\/p>\n","protected":false},"excerpt":{"rendered":"<p>Nous tenions \u00e0 remercier nos partenaires toujours fid\u00e8les et pr\u00eats \u00e0 nous accorder leur confiance. Sans les sponsors qui contribuent \u00e0 notre d\u00e9veloppement de par leur aide financi\u00e8re , mat\u00e9rielle , leur pr\u00e9sence et leur soutien tout au long de la saison , notre club ne serait pas le m\u00eame. Merci ! &nbsp;<\/p>\n","protected":false},"author":105,"featured_media":0,"parent":0,"menu_order":0,"comment_status":"closed","ping_status":"closed","template":"page-templates\/page-sponsors.php","meta":{"footnotes":""},"class_list":["post-24","page","type-page","status-publish","hentry"],"_links":{"self":[{"href":"https:\/\/www.basketclubs.be\/bcjse\/wp-json\/wp\/v2\/pages\/24","targetHints":{"allow":["GET"]}}],"collection":[{"href":"https:\/\/www.basketclubs.be\/bcjse\/wp-json\/wp\/v2\/pages"}],"about":[{"href":"https:\/\/www.basketclubs.be\/bcjse\/wp-json\/wp\/v2\/types\/page"}],"author":[{"embeddable":true,"href":"https:\/\/www.basketclubs.be\/bcjse\/wp-json\/wp\/v2\/users\/105"}],"replies":[{"embeddable":true,"href":"https:\/\/www.basketclubs.be\/bcjse\/wp-json\/wp\/v2\/comments?post=24"}],"version-history":[{"count":21,"href":"https:\/\/www.basketclubs.be\/bcjse\/wp-json\/wp\/v2\/pages\/24\/revisions"}],"predecessor-version":[{"id":1672,"href":"https:\/\/www.basketclubs.be\/bcjse\/wp-json\/wp\/v2\/pages\/24\/revisions\/1672"}],"wp:attachment":[{"href":"https:\/\/www.basketclubs.be\/bcjse\/wp-json\/wp\/v2\/media?parent=24"}],"curies":[{"name":"wp","href":"https:\/\/api.w.org\/{rel}","templated":true}]}}