{"id":22,"date":"2018-03-29T16:24:14","date_gmt":"2018-03-29T14:24:14","guid":{"rendered":"https:\/\/www.basketclubs.be\/bcmaccabicharleroi\/?page_id=22"},"modified":"2018-03-29T17:33:28","modified_gmt":"2018-03-29T15:33:28","slug":"history","status":"publish","type":"page","link":"https:\/\/www.basketclubs.be\/bcmaccabicharleroi\/history\/","title":{"rendered":"Ambitions"},"content":{"rendered":"<p><strong>Pour la saison 2018-2019, le Maccabi Charleroi s&rsquo;est lanc\u00e9 le d\u00e9fi de miser sur la jeunesse de la r\u00e9gion !\u00a0<\/strong><\/p>\n<p>Le club a annonc\u00e9 qu&rsquo;il recrutait pour ses cat\u00e9gories masculines et f\u00e9minines afin de relancer le club correctement. Un nouveau staff de coach jeune et motiv\u00e9 et un comit\u00e9 encore plus organis\u00e9 m\u00e8neront a bien cet ambitieux projet !<\/p>\n","protected":false},"excerpt":{"rendered":"<p>Pour la saison 2018-2019, le Maccabi Charleroi s&rsquo;est lanc\u00e9 le d\u00e9fi de miser sur la jeunesse de la r\u00e9gion !\u00a0 Le club a annonc\u00e9 qu&rsquo;il recrutait pour ses cat\u00e9gories masculines et f\u00e9minines afin de relancer le club correctement. Un nouveau staff de coach jeune et motiv\u00e9 et un comit\u00e9 encore plus organis\u00e9 m\u00e8neront a bien [&hellip;]<\/p>\n","protected":false},"author":202,"featured_media":0,"parent":0,"menu_order":0,"comment_status":"closed","ping_status":"closed","template":"page-templates\/page-history.php","meta":{"footnotes":""},"class_list":["post-22","page","type-page","status-publish","hentry"],"_links":{"self":[{"href":"https:\/\/www.basketclubs.be\/bcmaccabicharleroi\/wp-json\/wp\/v2\/pages\/22","targetHints":{"allow":["GET"]}}],"collection":[{"href":"https:\/\/www.basketclubs.be\/bcmaccabicharleroi\/wp-json\/wp\/v2\/pages"}],"about":[{"href":"https:\/\/www.basketclubs.be\/bcmaccabicharleroi\/wp-json\/wp\/v2\/types\/page"}],"author":[{"embeddable":true,"href":"https:\/\/www.basketclubs.be\/bcmaccabicharleroi\/wp-json\/wp\/v2\/users\/202"}],"replies":[{"embeddable":true,"href":"https:\/\/www.basketclubs.be\/bcmaccabicharleroi\/wp-json\/wp\/v2\/comments?post=22"}],"version-history":[{"count":4,"href":"https:\/\/www.basketclubs.be\/bcmaccabicharleroi\/wp-json\/wp\/v2\/pages\/22\/revisions"}],"predecessor-version":[{"id":63,"href":"https:\/\/www.basketclubs.be\/bcmaccabicharleroi\/wp-json\/wp\/v2\/pages\/22\/revisions\/63"}],"wp:attachment":[{"href":"https:\/\/www.basketclubs.be\/bcmaccabicharleroi\/wp-json\/wp\/v2\/media?parent=22"}],"curies":[{"name":"wp","href":"https:\/\/api.w.org\/{rel}","templated":true}]}}