{"id":35,"date":"2017-08-08T21:57:49","date_gmt":"2017-08-08T19:57:49","guid":{"rendered":"https:\/\/www.basketclubs.be\/bcmarche\/?page_id=35"},"modified":"2024-06-21T14:23:55","modified_gmt":"2024-06-21T12:23:55","slug":"join","status":"publish","type":"page","link":"https:\/\/www.basketclubs.be\/bcmarche\/join\/","title":{"rendered":"S&rsquo;inscrire"},"content":{"rendered":"<p>Vous ou votre enfant souhaitez essayer le basket-ball ? Quelle bonne id\u00e9e !<\/p>\n<p>Il est possible d&rsquo;assister \u00e0 quelques s\u00e9ances d&rsquo;entra\u00eenement (maximum 3 semaines) pour se faire une id\u00e9e avant de s&rsquo;engager pleinement.<\/p>\n<p>Les \u00e9tapes pour nous rejoindre :<\/p>\n<ul>\n<li>Trouvez dans la liste des \u00e9quipes\/entra\u00eenements la cat\u00e9gorie qui correspond \u00e0 votre ann\u00e9e de naissance,<\/li>\n<li>Envoyez un mail \u00e0<strong><span style=\"color: #008000\"> info.bcmarche@gmail.com<\/span><\/strong> avec les coordonn\u00e9es administratives utiles :\n<ul>\n<li>Nom, pr\u00e9nom, date de naissance, num\u00e9ro de t\u00e9l\u00e9phone et adresse mail du joueur<\/li>\n<li>Nom, pr\u00e9nom, num\u00e9ro de t\u00e9l\u00e9phone et adresse mail du\/des parents si le joueur est un enfant<\/li>\n<\/ul>\n<\/li>\n<li>Apr\u00e8s avoir eu un retour du comit\u00e9, participez \u00e0 quelques entrainements d&rsquo;essai,<\/li>\n<li>Si vous\/votre enfant accroche, payez votre cotisation et rendez votre certificat m\u00e9dical compl\u00e9t\u00e9 pour finaliser l&rsquo;inscription.<\/li>\n<\/ul>\n<p>Vous pouvez contacter<em>\u00a0<\/em>un membre du comit\u00e9 au <strong><span style=\"color: #008000\">0486\/39 44 20<\/span><\/strong>.<\/p>\n<p>Avant la finalisation de l&rsquo;inscription (pendant la p\u00e9riode d&rsquo;essai), il n&rsquo;est pas possible de participer aux matchs.<\/p>\n","protected":false},"excerpt":{"rendered":"<p>Vous ou votre enfant souhaitez essayer le basket-ball ? Quelle bonne id\u00e9e ! Il est possible d&rsquo;assister \u00e0 quelques s\u00e9ances d&rsquo;entra\u00eenement (maximum 3 semaines) pour se faire une id\u00e9e avant de s&rsquo;engager pleinement. Les \u00e9tapes pour nous rejoindre : Trouvez dans la liste des \u00e9quipes\/entra\u00eenements la cat\u00e9gorie qui correspond \u00e0 votre ann\u00e9e de naissance, Envoyez [&hellip;]<\/p>\n","protected":false},"author":158,"featured_media":0,"parent":0,"menu_order":0,"comment_status":"closed","ping_status":"closed","template":"page-templates\/page-join.php","meta":{"footnotes":""},"class_list":["post-35","page","type-page","status-publish","hentry"],"_links":{"self":[{"href":"https:\/\/www.basketclubs.be\/bcmarche\/wp-json\/wp\/v2\/pages\/35","targetHints":{"allow":["GET"]}}],"collection":[{"href":"https:\/\/www.basketclubs.be\/bcmarche\/wp-json\/wp\/v2\/pages"}],"about":[{"href":"https:\/\/www.basketclubs.be\/bcmarche\/wp-json\/wp\/v2\/types\/page"}],"author":[{"embeddable":true,"href":"https:\/\/www.basketclubs.be\/bcmarche\/wp-json\/wp\/v2\/users\/158"}],"replies":[{"embeddable":true,"href":"https:\/\/www.basketclubs.be\/bcmarche\/wp-json\/wp\/v2\/comments?post=35"}],"version-history":[{"count":21,"href":"https:\/\/www.basketclubs.be\/bcmarche\/wp-json\/wp\/v2\/pages\/35\/revisions"}],"predecessor-version":[{"id":712,"href":"https:\/\/www.basketclubs.be\/bcmarche\/wp-json\/wp\/v2\/pages\/35\/revisions\/712"}],"wp:attachment":[{"href":"https:\/\/www.basketclubs.be\/bcmarche\/wp-json\/wp\/v2\/media?parent=35"}],"curies":[{"name":"wp","href":"https:\/\/api.w.org\/{rel}","templated":true}]}}