{"id":37,"date":"2019-09-04T15:14:05","date_gmt":"2019-09-04T13:14:05","guid":{"rendered":"https:\/\/www.basketclubs.be\/bcmarche\/?page_id=37"},"modified":"2023-07-06T23:06:35","modified_gmt":"2023-07-06T21:06:35","slug":"links","status":"publish","type":"page","link":"https:\/\/www.basketclubs.be\/bcmarche\/links\/","title":{"rendered":"Liens"},"content":{"rendered":"<h3>CONSEIL : installer sur votre smartphone ou tablette l&rsquo;application AWBB.<\/h3>\n<p>Elle permet de consulter tous les horaires de matchs -de championnat et de coupe-, les r\u00e9sultats, les adresses de salle. Elle est LA r\u00e9f\u00e9rence en cas de modification de planification d&rsquo;une rencontre.<\/p>\n<h3>Association Wallonie &#8211; Bruxelles de Basketball<\/h3>\n<ul>\n<li class=\"link\"><span class=\"link-name\">Site<\/span><br \/>\n<a href=\"http:\/\/www.awbb.be\/\" target=\"_blank\" rel=\"noopener\">http:\/\/www.awbb.be<\/a><\/li>\n<li class=\"link\"><span class=\"link-name\">Acc\u00e8s clubs<\/span><br \/>\n<a href=\"https:\/\/gestion.awbb.be\/\" target=\"_blank\" rel=\"noopener\">https:\/\/gestion.awbb.be<\/a><\/li>\n<li class=\"link\"><span class=\"link-name\">MyAWBB<\/span><br \/>\n<a href=\"http:\/\/www.myawbb.be\/\" target=\"_blank\" rel=\"noopener\">http:\/\/www.myawbb.be<\/a><\/li>\n<\/ul>\n<h3>Comit\u00e9s Provinciaux AWBB<\/h3>\n<ul>\n<li class=\"link\"><span class=\"link-name\">Bruxelles Brabant-Wallon<\/span><br \/>\n<a href=\"http:\/\/www.basket-brabant.be\/\" target=\"_blank\" rel=\"noopener\">http:\/\/www.basket-brabant.be<\/a><\/li>\n<li class=\"link\"><span class=\"link-name\">Hainaut<\/span><br \/>\n<a href=\"http:\/\/www.baskethainaut.be\/\" target=\"_blank\" rel=\"noopener\">http:\/\/www.baskethainaut.be<\/a><\/li>\n<li class=\"link\"><span class=\"link-name\">Li\u00e8ge<\/span><br \/>\n<a href=\"http:\/\/www.cpliege.be\/\" target=\"_blank\" rel=\"noopener\">http:\/\/www.cpliege.be<\/a><\/li>\n<li class=\"link\"><span class=\"link-name\">Namur<\/span><br \/>\n<a href=\"http:\/\/www.cpnamur.be\/\" target=\"_blank\" rel=\"noopener\">http:\/\/www.cpnamur.be<\/a><\/li>\n<\/ul>\n<h3>Equipes nationales<\/h3>\n<ul>\n<li class=\"link\"><span class=\"link-name\">Basketball Belgium<\/span><br \/>\n<a href=\"http:\/\/www.basketballbelgium.be\/\" target=\"_blank\" rel=\"noopener\">http:\/\/www.basketballbelgium.be<\/a><\/li>\n<\/ul>\n<h3>Divers<\/h3>\n<ul>\n<li class=\"link\"><span class=\"link-name\">be+SPORTS<\/span><br \/>\n<a href=\"http:\/\/www.beplusports.com\/\" target=\"_blank\" rel=\"noopener\">http:\/\/www.beplusports.com<\/a><\/p>\n<div class=\"link-description\">Concepteur de notre site internet<\/div>\n<\/li>\n<li class=\"link\"><span class=\"link-name\">Inforbasket<\/span><br \/>\n<a href=\"http:\/\/www.inforbasket.eu\/\" target=\"_blank\" rel=\"noopener\">http:\/\/www.inforbasket.eu<\/a><\/li>\n<li class=\"link\"><span class=\"link-name\">LuxSport<\/span><br \/>\n<a href=\"http:\/\/www.luxsport.be\/\" target=\"_blank\" rel=\"noopener\">http:\/\/www.luxsport.be<\/a><\/li>\n<li class=\"link\"><span class=\"link-name\">M\u00e9t\u00e9o Belgique<\/span><br \/>\n<a href=\"http:\/\/www.meteo.be\/\" target=\"_blank\" rel=\"noopener\">http:\/\/www.meteo.be<\/a><\/li>\n<li class=\"link\"><span class=\"link-name\">Sport Ethique<\/span><br \/>\n<a href=\"http:\/\/www.sportethique.be\/\" target=\"_blank\" rel=\"noopener\">http:\/\/www.sportethique.be<\/a><\/li>\n<li class=\"link\"><span class=\"link-name\">Ma victoire sans dopage<\/span><br \/>\n<a href=\"http:\/\/www.dopage.be\/\" target=\"_blank\" rel=\"noopener\">http:\/\/www.dopage.be<\/a><\/li>\n<\/ul>\n<p>&nbsp;<\/p>\n<p>&nbsp;<\/p>\n","protected":false},"excerpt":{"rendered":"<p>CONSEIL : installer sur votre smartphone ou tablette l&rsquo;application AWBB. Elle permet de consulter tous les horaires de matchs -de championnat et de coupe-, les r\u00e9sultats, les adresses de salle. Elle est LA r\u00e9f\u00e9rence en cas de modification de planification d&rsquo;une rencontre. Association Wallonie &#8211; Bruxelles de Basketball Site http:\/\/www.awbb.be Acc\u00e8s clubs https:\/\/gestion.awbb.be MyAWBB http:\/\/www.myawbb.be [&hellip;]<\/p>\n","protected":false},"author":158,"featured_media":0,"parent":0,"menu_order":0,"comment_status":"closed","ping_status":"closed","template":"page-templates\/page-links.php","meta":{"footnotes":""},"class_list":["post-37","page","type-page","status-publish","hentry"],"_links":{"self":[{"href":"https:\/\/www.basketclubs.be\/bcmarche\/wp-json\/wp\/v2\/pages\/37","targetHints":{"allow":["GET"]}}],"collection":[{"href":"https:\/\/www.basketclubs.be\/bcmarche\/wp-json\/wp\/v2\/pages"}],"about":[{"href":"https:\/\/www.basketclubs.be\/bcmarche\/wp-json\/wp\/v2\/types\/page"}],"author":[{"embeddable":true,"href":"https:\/\/www.basketclubs.be\/bcmarche\/wp-json\/wp\/v2\/users\/158"}],"replies":[{"embeddable":true,"href":"https:\/\/www.basketclubs.be\/bcmarche\/wp-json\/wp\/v2\/comments?post=37"}],"version-history":[{"count":3,"href":"https:\/\/www.basketclubs.be\/bcmarche\/wp-json\/wp\/v2\/pages\/37\/revisions"}],"predecessor-version":[{"id":597,"href":"https:\/\/www.basketclubs.be\/bcmarche\/wp-json\/wp\/v2\/pages\/37\/revisions\/597"}],"wp:attachment":[{"href":"https:\/\/www.basketclubs.be\/bcmarche\/wp-json\/wp\/v2\/media?parent=37"}],"curies":[{"name":"wp","href":"https:\/\/api.w.org\/{rel}","templated":true}]}}