{"id":40,"date":"2023-07-06T21:28:22","date_gmt":"2023-07-06T19:28:22","guid":{"rendered":"https:\/\/www.basketclubs.be\/bcmarche\/?page_id=40"},"modified":"2025-09-26T10:56:42","modified_gmt":"2025-09-26T08:56:42","slug":"infos-2","status":"publish","type":"page","link":"https:\/\/www.basketclubs.be\/bcmarche\/infos-2\/","title":{"rendered":"Certificat m\u00e9dical 2025-2026"},"content":{"rendered":"<p>&nbsp;<\/p>\n<p>Le certificat m\u00e9dical compl\u00e9t\u00e9 doit \u00eatre remis d\u00e8s le d\u00e9but de saison au d\u00e9l\u00e9gu\u00e9 ou au coach de l&rsquo;\u00e9quipe. Sans certificat m\u00e9dical en ordre, un enfant ne sera pas autoris\u00e9 \u00e0 jouer un match officiel. En plus d&rsquo;\u00eatre compl\u00e9t\u00e9 par le m\u00e9decin, il doit \u00eatre sign\u00e9 par le joueur et par son repr\u00e9sentant l\u00e9gal pour les mineurs.<\/p>\n<p>Lien vers le PDF du certificat : <a href=\"https:\/\/www.awbb.be\/wp-content\/uploads\/2025\/06\/CM2425-new.pdf\" target=\"\">CM2324A4<\/a><\/p>\n<p>&nbsp;<\/p>\n","protected":false},"excerpt":{"rendered":"<p>&nbsp; Le certificat m\u00e9dical compl\u00e9t\u00e9 doit \u00eatre remis d\u00e8s le d\u00e9but de saison au d\u00e9l\u00e9gu\u00e9 ou au coach de l&rsquo;\u00e9quipe. Sans certificat m\u00e9dical en ordre, un enfant ne sera pas autoris\u00e9 \u00e0 jouer un match officiel. En plus d&rsquo;\u00eatre compl\u00e9t\u00e9 par le m\u00e9decin, il doit \u00eatre sign\u00e9 par le joueur et par son repr\u00e9sentant l\u00e9gal [&hellip;]<\/p>\n","protected":false},"author":158,"featured_media":0,"parent":0,"menu_order":0,"comment_status":"closed","ping_status":"closed","template":"page-templates\/page-free.php","meta":{"footnotes":""},"class_list":["post-40","page","type-page","status-publish","hentry"],"_links":{"self":[{"href":"https:\/\/www.basketclubs.be\/bcmarche\/wp-json\/wp\/v2\/pages\/40","targetHints":{"allow":["GET"]}}],"collection":[{"href":"https:\/\/www.basketclubs.be\/bcmarche\/wp-json\/wp\/v2\/pages"}],"about":[{"href":"https:\/\/www.basketclubs.be\/bcmarche\/wp-json\/wp\/v2\/types\/page"}],"author":[{"embeddable":true,"href":"https:\/\/www.basketclubs.be\/bcmarche\/wp-json\/wp\/v2\/users\/158"}],"replies":[{"embeddable":true,"href":"https:\/\/www.basketclubs.be\/bcmarche\/wp-json\/wp\/v2\/comments?post=40"}],"version-history":[{"count":6,"href":"https:\/\/www.basketclubs.be\/bcmarche\/wp-json\/wp\/v2\/pages\/40\/revisions"}],"predecessor-version":[{"id":785,"href":"https:\/\/www.basketclubs.be\/bcmarche\/wp-json\/wp\/v2\/pages\/40\/revisions\/785"}],"wp:attachment":[{"href":"https:\/\/www.basketclubs.be\/bcmarche\/wp-json\/wp\/v2\/media?parent=40"}],"curies":[{"name":"wp","href":"https:\/\/api.w.org\/{rel}","templated":true}]}}