{"id":22,"date":"2018-10-31T10:44:58","date_gmt":"2018-10-31T09:44:58","guid":{"rendered":"https:\/\/www.basketclubs.be\/bcmiavoye\/?page_id=22"},"modified":"2018-10-31T10:44:58","modified_gmt":"2018-10-31T09:44:58","slug":"history","status":"publish","type":"page","link":"https:\/\/www.basketclubs.be\/bcmiavoye\/history\/","title":{"rendered":"Historique"},"content":{"rendered":"<p class=\"accroche\">Les BC Miavoye a vu le jour\u00a0 en m\u00eame temps que le complexe sportif.<\/p>\n<div class=\"description\">\n<p>On se souvient du club de G\u00e9rin, qui jouait \u00e0 l&rsquo;ext\u00e9rieur, au milieu du village. Place maintenant au BC Miavoye.<\/p>\n<p>&nbsp;<\/p>\n<\/div>\n","protected":false},"excerpt":{"rendered":"<p>Les BC Miavoye a vu le jour\u00a0 en m\u00eame temps que le complexe sportif. On se souvient du club de G\u00e9rin, qui jouait \u00e0 l&rsquo;ext\u00e9rieur, au milieu du village. Place maintenant au BC Miavoye. &nbsp;<\/p>\n","protected":false},"author":231,"featured_media":0,"parent":0,"menu_order":0,"comment_status":"closed","ping_status":"closed","template":"page-templates\/page-history.php","meta":{"footnotes":""},"class_list":["post-22","page","type-page","status-publish","hentry"],"_links":{"self":[{"href":"https:\/\/www.basketclubs.be\/bcmiavoye\/wp-json\/wp\/v2\/pages\/22","targetHints":{"allow":["GET"]}}],"collection":[{"href":"https:\/\/www.basketclubs.be\/bcmiavoye\/wp-json\/wp\/v2\/pages"}],"about":[{"href":"https:\/\/www.basketclubs.be\/bcmiavoye\/wp-json\/wp\/v2\/types\/page"}],"author":[{"embeddable":true,"href":"https:\/\/www.basketclubs.be\/bcmiavoye\/wp-json\/wp\/v2\/users\/231"}],"replies":[{"embeddable":true,"href":"https:\/\/www.basketclubs.be\/bcmiavoye\/wp-json\/wp\/v2\/comments?post=22"}],"version-history":[{"count":2,"href":"https:\/\/www.basketclubs.be\/bcmiavoye\/wp-json\/wp\/v2\/pages\/22\/revisions"}],"predecessor-version":[{"id":113,"href":"https:\/\/www.basketclubs.be\/bcmiavoye\/wp-json\/wp\/v2\/pages\/22\/revisions\/113"}],"wp:attachment":[{"href":"https:\/\/www.basketclubs.be\/bcmiavoye\/wp-json\/wp\/v2\/media?parent=22"}],"curies":[{"name":"wp","href":"https:\/\/api.w.org\/{rel}","templated":true}]}}