{"id":46,"date":"2018-10-17T18:56:17","date_gmt":"2018-10-17T16:56:17","guid":{"rendered":"https:\/\/www.basketclubs.be\/bcmiavoye\/?page_id=46"},"modified":"2018-10-29T13:15:55","modified_gmt":"2018-10-29T12:15:55","slug":"contact","status":"publish","type":"page","link":"https:\/\/www.basketclubs.be\/bcmiavoye\/contact\/","title":{"rendered":"Contact"},"content":{"rendered":"<p style=\"text-align: center\"><strong><em>BC Miavoye<\/em><\/strong><br \/>\n<em>Rue Sous-Lieutenant Pi\u00e9rard, 1<\/em><br \/>\n<em>5520 Onhaye<\/em><\/p>\n<p style=\"text-align: center\"><em><strong>Secr\u00e9taire :<\/strong> Piot Joseph<\/em><br \/>\n<em><strong>T\u00e9l\u00e9phone :<\/strong> 0476 \/ 65 44 78<\/em><br \/>\n<em><strong>Mail :<\/strong> <span style=\"color: #00ccff\"><a style=\"color: #00ccff\" href=\"mailto:basketmiavoye@gmail.com\" target=\"_blank\" rel=\"noopener\">basketmiavoye@gmail.com<\/a><\/span><\/em><\/p>\n<p style=\"text-align: center\"><span style=\"color: #339966\"><a style=\"color: #339966\" href=\"https:\/\/goo.gl\/maps\/sdpaKuMj6SJ2\" target=\"_blank\" rel=\"noopener\">itin\u00e9raire<\/a><\/span><\/p>\n","protected":false},"excerpt":{"rendered":"<p>BC Miavoye Rue Sous-Lieutenant Pi\u00e9rard, 1 5520 Onhaye Secr\u00e9taire : Piot Joseph T\u00e9l\u00e9phone : 0476 \/ 65 44 78 Mail : basketmiavoye@gmail.com itin\u00e9raire<\/p>\n","protected":false},"author":231,"featured_media":0,"parent":0,"menu_order":0,"comment_status":"closed","ping_status":"closed","template":"page-templates\/page-contact.php","meta":{"footnotes":""},"class_list":["post-46","page","type-page","status-publish","hentry"],"_links":{"self":[{"href":"https:\/\/www.basketclubs.be\/bcmiavoye\/wp-json\/wp\/v2\/pages\/46","targetHints":{"allow":["GET"]}}],"collection":[{"href":"https:\/\/www.basketclubs.be\/bcmiavoye\/wp-json\/wp\/v2\/pages"}],"about":[{"href":"https:\/\/www.basketclubs.be\/bcmiavoye\/wp-json\/wp\/v2\/types\/page"}],"author":[{"embeddable":true,"href":"https:\/\/www.basketclubs.be\/bcmiavoye\/wp-json\/wp\/v2\/users\/231"}],"replies":[{"embeddable":true,"href":"https:\/\/www.basketclubs.be\/bcmiavoye\/wp-json\/wp\/v2\/comments?post=46"}],"version-history":[{"count":8,"href":"https:\/\/www.basketclubs.be\/bcmiavoye\/wp-json\/wp\/v2\/pages\/46\/revisions"}],"predecessor-version":[{"id":95,"href":"https:\/\/www.basketclubs.be\/bcmiavoye\/wp-json\/wp\/v2\/pages\/46\/revisions\/95"}],"wp:attachment":[{"href":"https:\/\/www.basketclubs.be\/bcmiavoye\/wp-json\/wp\/v2\/media?parent=46"}],"curies":[{"name":"wp","href":"https:\/\/api.w.org\/{rel}","templated":true}]}}