{"id":4,"date":"2015-07-12T10:53:04","date_gmt":"2015-07-12T08:53:04","guid":{"rendered":"https:\/\/www.basketclubs.be\/belgianlions\/?page_id=4"},"modified":"2015-07-12T10:53:04","modified_gmt":"2015-07-12T08:53:04","slug":"records","status":"publish","type":"page","link":"https:\/\/www.basketclubs.be\/belgianlions\/records\/","title":{"rendered":"Geschiedenis NL"},"content":{"rendered":"<p>Gespeeld voor de eerste keer in 1935 (Lausanne &#8211; Zwitserland), geschorst gedurende de oorlog 40-45. Belgi\u00eb speelde twee opeenvolgende jaren in 1946 en 1947 het Europees kampioenschap basketbal. Litouwen is de 37ste editie in 2011. <\/p>\n<p>Belgi\u00eb <br \/>Heeft reeds in 1935 deelgenomen. Het beste resultaat was vierde in 1947, achter de Sovjet-Unie, Tsjechoslowakije en Egypte! <\/p>\n<p>(Belgi\u00eb heeft deelgenomen aan tien van de eerste vijftien kampioenschappen (tot 1967), de volgorde daarna is minder rooskleurig; deelname in 1977 (organisator), 1979 en 1993 alleen)<\/p>\n<p>\u00a0<\/p>\n<hr id=\"system-readmore\" \/>\n<p>1993 <br \/>Alles begint eind jaren 80 &#8230; <\/p>\n<p>Belgi\u00eb kan niet doordringen in de jaren &#8217;80. <\/p>\n<p>In het najaar van 1988, de heer Leon Wandel neemt het bevel van de nationale ploeg. <\/p>\n<p>Hij vormt een Management Team met Marc Van Moerkercke en Francis Jannes al snel aangevuld door Arthur Goethaels en Guy Crevecoeur. <\/p>\n<p>Hij overtuigt Jack Ramsey (NBA met Portland in 1977) tot de sport-adviseur van de Belgische ploeg te worden en benoemde Tony Van den Bosch (assistent Mechelen 88 tot 89) als coach; Etienne Dermaut is zijn assistent. <\/p>\n<p><strong>Eerste afspraak Anadia (Portugal) <\/strong><strong><br \/><\/strong><\/p>\n<p>11,5 Belgi\u00eb &#8211; Isra\u00ebl 79-71 (feat); <br \/>12\/05 Belgi\u00eb &#8211; IJsland: 130-59 (formaliteit); <br \/>13\/05 Belgi\u00eb &#8211; Hongarije: 73 tot 64 (bevestiging); <br \/>14\/05 Belgi\u00eb &#8211; Portugal 86 tot 72 (Grand Slam) <\/p>\n<p>Stap 2: <strong>Eurobasket<\/strong> <strong>1991<\/strong> <\/p>\n<p>11\/22\/1989 (Charleroi) Belgi\u00eb &#8211; Itali\u00eb: 79-97 <br \/>25\/11\/1989 (Amsterdam) Nederland &#8211; Belgi\u00eb: 87-71 <br \/>29\/11: 89 (Charleroi) Belgi\u00eb &#8211; Polen: 96-80 <br \/>28\/11\/1990 (Marsala) Itali\u00eb &#8211; Belgi\u00eb: nederlaag <br \/>12\/01\/1990 (Braine) Belgi\u00eb &#8211; Holland overwinning <br \/>12\/05\/1990 (Wroclaw) Polen &#8211; Belgi\u00eb: 85-72 <\/p>\n<p><strong>Kern<\/strong>: Ronny Bayer (Mechelen) Mark Browne (Oostende), Peter Cornia (Monceau) Marc Deheneffe (Braine) Guy Haerbos (Maccabi) Eddy Lenaerts (Maccabi) Tony Marion (Braine) Eddy Mens (Oostende) Rik Samaey (Mechelen) Ivan Verberckt (Oostende) Filip Wintein (Oostende) in Anadia <br \/>Eric Struelens (Mechelen), Bernard Tirtiaux (Braine), Michel Franic (Monceau) vanaf 1989 Jurgen Van Meerbeeck (Monceau), Yves Defraigne (Oostende), Filip Debaere (Oostende), Daniel Goethals (Monceau) Christian Lemaire (Pepinster)<\/p>\n<p>&#8212;&#8212;&#8212;&#8212;&#8212;&#8212;&#8212;&#8212;&#8212;&#8212;&#8212;&#8212;&#8212;&#8212;&#8212;&#8212;&#8211; &#8212;&#8212;&#8212;&#8212;&#8212;&#8212;&#8212;&#8212;&#8212;&#8212; <\/p>\n<p>Stap 3: <strong>Eurobasket<\/strong> <strong>1993<\/strong> <\/p>\n<p>Ook uitgevoerd in twee fasen.<\/p>\n<p>13\/11\/1991 (Den Helder) Holland &#8211; Belgi\u00eb: 65-59 <br \/>16\/11\/1991 (Oostende), Belgi\u00eb &#8211; Turkije: 82-74 <br \/>11\/20\/1991 (Oostende), Belgi\u00eb &#8211; Tsjecho-Slowakije: 77-75 <br \/>11\/11\/1992 (Quaregnon) Belgi\u00eb &#8211; Nederland: 70-54 <br \/>11\/14\/1992 (Istanbul) Turkije &#8211; Belgi\u00eb: 66-54 <br \/>11\/18\/1992 (Ostrava) Tsjecho-Slowakije &#8211; Belgi\u00eb: 73-75 <br \/>De kern is samengesteld uit Belgi\u00eb: <\/p>\n<p><strong>Kern<\/strong>: Ronny Bayer (Oostende), Guy Haerbos (Damme), Marc Deheneffe (Mechelen), Dirk Snijders (Mechelen), Tony Marion (Braine), Filip Debaere (Oostende), Yvan Verberckt (Oostende), Rik Samaey (Mechelen), John Weatherspoon (Charleroi), Willy Oelbrandt (Gent) <br \/>Erik Cleymans (Charleroi), Daniel Goethals (Monceau), Danny Herman (Mechelen), Jacques Stas (Mechelen) en Eric Struelens (Mechelen) <\/p>\n<p>Laatste stap: Berlijn &#8211; juni 1993 <\/p>\n<p>1ste Ronde <\/p>\n<p>06.22.1993 (Berlijn) Sloveni\u00eb &#8211; Belgi\u00eb: 61-82 <br \/>06.23.1993 (Berlijn) Belgi\u00eb &#8211; Duitsland 64-93 <br \/>06.24.1993 (Berlijn) Estland &#8211; Belgi\u00eb: 79-78<\/p>\n<p>Klassement<br \/>1 Estland 5pts, 5pts 2 Duitsland, 3 Belgi\u00eb 4pts, 4pts 4 Sloveni\u00eb <\/p>\n<p>2de Ronde <\/p>\n<p>06.26.1993 (Berlijn) Kroati\u00eb &#8211; Belgi\u00eb: 106-74 <br \/>27.06.1993 (Berlijn), Turkije &#8211; Belgi\u00eb: 69-59 <br \/>28.06.1993 (Berlijn) Frankrijk &#8211; Belgi\u00eb: 83-65 <br \/><strong>Klassement<\/strong>: <br \/>1 Kroati\u00eb 10 ptn, 2 Frankrijk 9 punten, 3 Estland 8 punten, 4 Duitsland 7 ptn, 5 Turkije 6 ptn, 6 Belgi\u00eb 5 ptn <br \/>Belgi\u00eb eindigde twaalfde! <\/p>\n<p>Het team geselecteerd door Tony Van den Bosch:<\/p>\n<p><strong>Kern<\/strong>: Jacques Stas (Mechelen), Eric Struelens (Mechelen), Dirk Snijders (Mechelen), Ronny Bayer (Oostende), Rik Samaey (Mechelen), Danny Herman (Mechelen), Eric Cleymans (Charleroi), Marc Deheneffe (Mechelen), Herman Bruyninckx (Leuven), Yvan Verberckt (Oostende), Daniel Goethals (Charleroi), Dimitri Lambrecht (Mechelen) <\/p>\n<p>Belgi\u00eb eindigt 12<sup>de<\/sup> op 16 ploegen.<\/p>\n<p><strong>Stabilisatie<\/strong> <strong>en<\/strong> <strong>ambitie<\/strong> <\/p>\n<p>Jacques Ledure wordt manager van het nationale team, officieel op 1 juli 2002, hij is al de achtste opvolger van de manager Wandel. <\/p>\n<p>Hij onderschrijft de benoeming van Giovanni Bozzi als coach, die Yvan Fassotte en Pat Gevaert als assistenten krijgt. Een technisch directeur versterkt de sportieve structuur: Lucien Van Kersschaever! <\/p>\n<p><strong>Euro<\/strong> <strong>2003<\/strong> <\/p>\n<p>(2e ronde) <\/p>\n<p>20\/11\/2002 (Luik) Belgi\u00eb &#8211; Griekenland: 59-92 <\/p>\n<p>24\/11\/2002 (Tel Aviv) Isra\u00ebl &#8211; Belgi\u00eb: 66-67 <\/p>\n<p>11\/27\/2002 (Luik) Belgi\u00eb &#8211; Roemeni\u00eb: 69-73 <\/p>\n<p>22\/01\/2003 (Murcia) Spanje &#8211; Belgi\u00eb: 85-66 <\/p>\n<p>25\/01\/2003 (Luik) Belgi\u00eb &#8211; Denemarken: 79-60 <\/p>\n<p>1. Griekenland 10.9.1. 19pts (10) <br \/>2. Spanje 10.9.1. 19pts (-10) <br \/>3. Isra\u00ebl 10.5.5. 15pts <br \/>4. Roemeni\u00eb 10.4.6. 14pts <br \/>5. Belgi\u00eb 10.3.7. 13pts <br \/>6. Denemarken 10.0.10.10pts <\/p>\n<p><strong>Kern<\/strong>: Christophe Beghin (Oostende), Mathias Desaever Bree (), Dewilde (Mons), Ron Ellis (Charleroi), Axel Hervelle (Pepinster), Dimitri Jorssen (Charleroi), Dimitri Lauwers (Dijon), Jacques Stas (Charleroi), Tshomba (Leuven), Wim Van de Keere (Doornik), Tomas Van Den Spiegel (Bologna), Gerben Van Dorpe (Leuven). <\/p>\n<p>Selectie (januari 2003) <\/p>\n<p><strong>Kern<\/strong>: Mathias Desaever en Yves Dupont (Bree) en Axel Hervelle en Kris Sergeant (Pepinster)n Dimitri Jorssen, Jacques Stas en Roel Moors (Charleroi), Doum Lauwers (Dijon), Gerben Van Dorpe en Butch Tshomba (Leuven), Wim Van de Keere (Doornik); Wouter Dewilde (Mons). <\/p>\n<p>&#8212;&#8212;&#8212;&#8212;&#8212;&#8212;&#8212;&#8212;&#8212;&#8212;&#8212;&#8212;&#8212;&#8212;&#8212;&#8212;&#8211; &#8212;&#8212;&#8212;&#8212;&#8212;&#8212;&#8212;&#8212;&#8212;&#8212; <\/p>\n<p><strong>Euro<\/strong> <strong>2005<\/strong> <\/p>\n<p>Formule en timing veranderen Nu strijden de nationale teams in augustus \/ september van het jaar voorafgaand aan het EK<\/p>\n<p>08\/09\/2004 (Paks) Hongarije &#8211; Belgi\u00eb: 96-70 <\/p>\n<p>11\/09\/2004 (Charleroi) Belgi\u00eb &#8211; Oekra\u00efne 81-85 <\/p>\n<p>09\/15\/2004 (Dortmund) Duitsland &#8211; Belgi\u00eb: 81-61 <\/p>\n<p>18\/09\/2004 (Charleroi) Belgi\u00eb &#8211; Hongarije: 101-97 (na 3 verlengingen) <\/p>\n<p>22\/09\/2004 (Yuzhny) Oekra\u00efne &#8211; Belgi\u00eb 89-78 <\/p>\n<p>25\/09\/2004 (Charleroi) Belgi\u00eb &#8211; Duitsland 72-84 <\/p>\n<p>Duitsland 6.6.0. 12pts <br \/>Oekra\u00efne 6.3.3. 9pts <br \/>Hongarije 6.2.4. 8pts <br \/>Belgi\u00eb 6.1.5. 7pts <\/p>\n<p><strong>Kern<\/strong>: Guy Muya (Pepinster), Eric Struelens (Girona), Kris Sergeant (Charleroi), Axel Hervelle (Pepinster), Herbert Baert (Bree), Roel Moors (Charleroi), Mathias Desaever Oostende (), Patrick Mutombo (Rosetto) Yves Dupont (Bree), Jacques Stas (Charleroi), Christophe Beghin (Oostende), Tomas Van den Spiegel (Rome), Dimitri Jorssen <\/p>\n<p>Eddy Casteels wordt de bondscoach, Jacques Stas assistent coach. <\/p>\n<p>20\/08\/2005 (Leuven) Belgi\u00eb &#8211; Isra\u00ebl: 75-79 <\/p>\n<p>26\/08\/2005 (Groningen) Nederland &#8211; Belgi\u00eb: 51-62 <\/p>\n<p>29\/08\/2005 (Nahariya) Israelische &#8211; Belgi\u00eb: 69-67 <\/p>\n<p>09\/04\/2005 (Leuven) Belgi\u00eb &#8211; Nederland: 76-63 <\/p>\n<p>1. Isra\u00ebl 4.4.0. 8pts <\/p>\n<p>2. Belgi\u00eb 4.2.2. 6pts <\/p>\n<p>3. Nederland 4.0.4. 4pts <\/p>\n<p><strong>Kern<\/strong>: Christophe Beghin, S\u00e9bastien Bellin (Antwerpen), Axel Hervelle (Real Madrid), Fran\u00e7ois L&#8217;hoest (Ninane), Gerrit Major (Mons), Didier Mbenga (Dallas Mavericks), Guy Muya (Luik), Duke Tshomba en Pirlot ( Brussel), Jef Van der Jonckheyd (Oostende), Gerben Van Dorpe (Pepinster) en Wim Vuchelen (Leuven). <\/p>\n<p><strong>Euro<\/strong> <strong>2007<\/strong> <\/p>\n<p>Belgi\u00eb is ondergebracht in een groep van vier teams, samen met Rusland, de Tsjechi\u00eb en Hongarije. Alleen de groepswinnaar verzekerd van kwalificatie! (De twee beste tweedes zijn ook gekwalificeerd) <\/p>\n<p><strong>Kern<\/strong>: Roel Moors (geen club), Guy Muya (geen club), Dimitri Lauwers (Scafati, Ita), Kris Sergeant (Charleroi), Francois Lhoest (Luik), Xavier Collette (Ninane, D2), Jef Van der Jonckheyd ( Leuven), Gerben Van Dorpe en Christophe Beghin (Pepinster), Sebastien Bellin (Oostende), Axel Hervelle (Real Madrid) en Didier Mbenga (Dallas). <\/p>\n<p>Sam Van Rossom en Gerrit Major vallen geblesseerd uit. <\/p>\n<p>08\/31\/2006 (Opava) Tsjechi\u00eb &#8211; Belgi\u00eb: 85-67 <\/p>\n<p>03\/09\/2006 (Leuven) Belgi\u00eb &#8211; Rusland: 91-80 <\/p>\n<p>06\/09\/2006 (Leuven) Belgi\u00eb &#8211; Hongarije: 59-73 <\/p>\n<p>09\/09\/2006 (Leuven) Belgi\u00eb &#8211; Tsjechi\u00eb: 61-74 <\/p>\n<p>09\/13\/2006 (Perm) Rusland &#8211; Belgi\u00eb: 96-63 <\/p>\n<p>16\/09\/2006 (Szekesfehervar) Hongarije &#8211; Belgi\u00eb: 75-59 <\/p>\n<p>1. Rusland 6.5.1. 11pts <\/p>\n<p>2. Tsjechi\u00eb 6.4.2. 10pts <\/p>\n<p>3. Hongarije 6.2.4. 8pts <\/p>\n<p>4. Belgi\u00eb 6.1.5. 7pts <\/p>\n<p>De laatste twee wedstrijden werden gespeeld zonder Axel Hervelle en Doum Lauwers teruggeroepen door hun respectieve clubs <\/p>\n<p>Rusland en de Tsjechi\u00eb hebben zich gekwalificeerd voor Euro 2007 in Spanje <\/p>\n<p>Tien teams verdeeld in drie groepen strijden voor een laatste ticket naar Spanje.<\/p>\n<p>08\/08\/2007 (Kiev) Oekra\u00efne &#8211; Belgi\u00eb 49-70 <\/p>\n<p>08\/11\/2007 (Charleroi) Belgi\u00eb &#8211; Denemarken: 80-66 <\/p>\n<p>15\/08\/2007 (Tel Aviv) Isra\u00ebl &#8211; Belgi\u00eb: 85-66 <\/p>\n<p>08\/18\/2007 (Charleroi) Belgi\u00eb &#8211; Oekra\u00efne 72-69 <\/p>\n<p>22\/08\/2007 (Aarhus) Denemarken &#8211; Belgi\u00eb: 61-71 <\/p>\n<p>25\/08\/2007 (Charleroi), Verenigd Koninkrijk &#8211; Isra\u00ebl 83-74 <\/p>\n<p>Isra\u00ebl 6.5.1. 11pts (+10 tegen Belgi\u00eb), <br \/>Belgi\u00eb 6.5.1. 11pts (- 10 tegen Isra\u00ebl) <br \/>Oekra\u00efne 6.1.5. 7pts <br \/>Denemarken 6.1.5. 7pts <\/p>\n<p><strong>Kern<\/strong>: Roel Moors (Spirou), Sam Van Rossom (Oostende), Christophe Beghin (geen club), Axel Hervelle (Real Madrid), Lionel Bosco (geen club), Jef Van Der Jonckheyd (Oostende) Sacha Massot (Charleroi), Yannick Driesen (Estudiantes Madrid), Guy Muya (geen club), Julien Pirlot (geen club), Sebastien Bellin (Oostende) <\/p>\n<p><strong>Euro<\/strong> <strong>2009<\/strong> <\/p>\n<p>03\/09\/2008 (Nancy) Frankrijk &#8211; Belgi\u00eb: 82-63 <\/p>\n<p>06\/09\/2008 (Charleroi) Belgi\u00eb &#8211; Turkije: 63-78 <\/p>\n<p>10\/09\/2008 (Charleroi) Verenigd Koninkrijk &#8211; Oekra\u00efne: 72-61 <\/p>\n<p>09\/13\/2008 (Charleroi) Belgi\u00eb &#8211; Frankrijk: 65-71 <\/p>\n<p>17\/09\/2008 (Istanbul) Turkije &#8211; Belgi\u00eb: 80-64 <\/p>\n<p>09\/20\/2008 (Yuzhny) Oekra\u00efne &#8211; Belgi\u00eb 58-76 <\/p>\n<p><strong>Kern<\/strong>: Roel Moors (geen club), Sam Van Rossom (Pesaro), Christophe Beghin (geen club), Maxime De Zeeuw (Pepinster) Lionel Bosco (Oostende), Jef Van Der Jonckheyd (Leuven), Dimitri Lauwers (V. Bologna), Yannick Driesen (Estudiantes), Alex Lichodzijewski (Antwerpen), Randy Oveneke (Antwerp Giants), Sebastien Bellin (Oostende), Jonathan Tabu (Spirou), Domien Loubry (Gent) en Didier M&#8217;Benga (geen club) <\/p>\n<p>Axel Hervelle knieblessure aan het begin van het seizoen is nog in revalidatie; Didier M&#8217;Benga blijft in de Verenigde Staten, in afwachting van een nieuw contract NBA <\/p>\n<p>Jonathan Tabu (geblesseerd) is vervangen door Domien Loubry voor de laatste twee wedstrijden.<\/p>\n<p>Axel Hervelle krijgt het groen licht van Real Madrid en speelt de laatste wedstrijd in Oekra\u00efne.<\/p>\n<p>Belgi\u00eb zal proberen om in de zomer van 2009 het laatste ticket te winnen voor het EK in Polen De zes kanshebbers zijn verdeeld in twee groepen. Aan de ene kant, Frankrijk, Itali\u00eb en Finland. In de andere poule, Portugal en Belgi\u00eb Bosni\u00eb en Herzegovina. De winnaars van de twee poules strijden om het laatste EK-ticket. <\/p>\n<p>08.08.2009 (Zenica) Bosni\u00eb en Herzegovina &#8211; Belgi\u00eb: 82-77 <\/p>\n<p>08\/11\/2009 (Antwerpen) Belgi\u00eb &#8211; Portugal: 64 tot 58 <\/p>\n<p>17\/08\/2009 (Antwerpen) Belgi\u00eb &#8211; Bosni\u00eb en Herzegovina: 102-79 <\/p>\n<p>20\/08\/2009 (Coimbra) Portugal &#8211; Belgi\u00eb: 58-60 <\/p>\n<p>Belgi\u00eb wordt groepswinnaar en kampt tegen Frankrijk voor een stek op Euro 2009<\/p>\n<p>27\/08\/2009 (Antwerpen) Belgi\u00eb &#8211; Frankrijk: 70-66 <\/p>\n<p>08\/30\/2009 (Pau) Frankrijk &#8211; Belgi\u00eb: 92-54 <\/p>\n<p>Frankrijk, laatste gekwalificeerd voor EK in Polen, zal op dat EK\u00a0 \u00e9\u00e9n wedstrijd verliezen. (in de kwartfinale tegen Spanje toekomstige winnaar) en eindigt vijfde op het EK <\/p>\n<p><strong>Kern<\/strong>: Roel Moors (Antwerp Giants), Sam Van Rossom (Pesaro), Christophe Beghin (Antwerp Giants), Axel Hervelle (Real Madrid), Lionel Bosco (geen club), Jef Van der Jonckheyd (Leuven Bears), Dimitri Lauwers (Air Avellino), Randy Oveneke (Antwerp Giants), Thomas Dreesen (Haagen), Yannick Driesen (Estudiantes Madrid), Piet De Bel (Aalstar), Didier Mbenga (LA Lakers). <\/p>\n<p>&#8212;&#8212;&#8212;&#8212;&#8212;&#8212;&#8212;&#8212;&#8212;&#8212;&#8212;&#8212;&#8212;&#8212;&#8212;&#8212; &#8212;&#8212;&#8212;&#8212;&#8212;&#8212;&#8212;&#8212;&#8212;&#8212; <\/p>\n<p><strong>Euro<\/strong> <strong>2011<\/strong> <\/p>\n<p>Een groep van vijf (Polen, Portugal, Georgi\u00eb en Bulgarije). Ambitie Euro 2011 in Litouwen. <\/p>\n<p>05\/08\/2010 (Antwerpen) Belgi\u00eb &#8211; Georgi\u00eb <\/p>\n<p>08\/08\/2010 (Coimbra) Portugal &#8211; Belgi\u00eb <\/p>\n<p>11\/08\/2010 (Antwerpen) Belgi\u00eb &#8211; Bulgarije <\/p>\n<p>14\/08\/2009 (Lodz) Polen &#8211; Belgi\u00eb <\/p>\n<p>20\/08\/2010 (Tbilisi) Georgi\u00eb &#8211; Belgi\u00eb <\/p>\n<p>23\/08\/2010 (Antwerpen) Belgi\u00eb &#8211; Portugal <\/p>\n<p>26\/08\/2010 (Sofia) Bulgarije &#8211; Belgi\u00eb <\/p>\n<p>29\/08\/2010 (Antwerpen) Belgi\u00eb &#8211; Polen<\/p>\n","protected":false},"excerpt":{"rendered":"<p>Gespeeld voor de eerste keer in 1935 (Lausanne &#8211; Zwitserland), geschorst gedurende de oorlog 40-45. Belgi\u00eb speelde twee opeenvolgende jaren in 1946 en 1947 het Europees kampioenschap basketbal. Litouwen is de 37ste editie in 2011. Belgi\u00eb Heeft reeds in 1935 deelgenomen. Het beste resultaat was vierde in 1947, achter de Sovjet-Unie, Tsjechoslowakije en Egypte! (Belgi\u00eb [&hellip;]<\/p>\n","protected":false},"author":1,"featured_media":0,"parent":0,"menu_order":0,"comment_status":"closed","ping_status":"closed","template":"page-templates\/page-records.php","meta":{"footnotes":""},"class_list":["post-4","page","type-page","status-publish","hentry"],"_links":{"self":[{"href":"https:\/\/www.basketclubs.be\/belgianlions\/wp-json\/wp\/v2\/pages\/4","targetHints":{"allow":["GET"]}}],"collection":[{"href":"https:\/\/www.basketclubs.be\/belgianlions\/wp-json\/wp\/v2\/pages"}],"about":[{"href":"https:\/\/www.basketclubs.be\/belgianlions\/wp-json\/wp\/v2\/types\/page"}],"author":[{"embeddable":true,"href":"https:\/\/www.basketclubs.be\/belgianlions\/wp-json\/wp\/v2\/users\/1"}],"replies":[{"embeddable":true,"href":"https:\/\/www.basketclubs.be\/belgianlions\/wp-json\/wp\/v2\/comments?post=4"}],"version-history":[{"count":2,"href":"https:\/\/www.basketclubs.be\/belgianlions\/wp-json\/wp\/v2\/pages\/4\/revisions"}],"predecessor-version":[{"id":3768,"href":"https:\/\/www.basketclubs.be\/belgianlions\/wp-json\/wp\/v2\/pages\/4\/revisions\/3768"}],"wp:attachment":[{"href":"https:\/\/www.basketclubs.be\/belgianlions\/wp-json\/wp\/v2\/media?parent=4"}],"curies":[{"name":"wp","href":"https:\/\/api.w.org\/{rel}","templated":true}]}}