{"id":3,"date":"2015-08-17T15:29:30","date_gmt":"2015-08-17T13:29:30","guid":{"rendered":"https:\/\/www.basketclubs.be\/braine2001\/?page_id=3"},"modified":"2017-07-25T11:04:27","modified_gmt":"2017-07-25T09:04:27","slug":"history","status":"publish","type":"page","link":"https:\/\/www.basketclubs.be\/braine2001\/history\/","title":{"rendered":"Historique"},"content":{"rendered":"<p>Il \u00e9tait une fois :<\/p>\n<p><u>Le Wa<\/u><u>t<\/u><u>er<\/u><u>l<\/u><u>oo 2001 : <\/u><\/p>\n<p>Le 10 mai 1972, lors de la mont\u00e9e du BC Waterloo en National, il fut cr\u00e9\u00e9 le club Waterloo 2001, club provincial servant entre autres aux joueurs n&rsquo;ayant plus leur place \u00e0 ce niveau et pouvant \u00e9galement servir de tremplin aux jeunes joueurs issus de la tr\u00e8s bonne \u00e9cole de jeunes du club promu.<\/p>\n<p><u>L<\/u><u>e Basket Wate<\/u><u>r<\/u><u>loo <\/u><u>2<\/u><u>000 <\/u><u>: <\/u><\/p>\n<p>Ce club a vu le jour pour la premi\u00e8re fois dans l&rsquo;esprit de quatre joueurs, au d\u00e9but de la saison 1994, suite \u00e0 leur exp\u00e9rience d\u00e9cevante, r\u00e9alisant le manque de motivation du comit\u00e9 de leurs clubs respectifs. Plusieurs b\u00e9n\u00e9voles se rendant compte de l&rsquo;importance d&rsquo;un encadrement positif et cr\u00e9atif sur les r\u00e9sultats d&rsquo;une \u00e9quipe, ont voulu cr\u00e9er cet espace propice \u00e0 la r\u00e9ussite.<\/p>\n<p>-De plus depuis <strong>l<\/strong><strong>e <\/strong><strong>5 janvier <\/strong>1995, date du vote par le comit\u00e9 f\u00e9d\u00e9ral belge, de<\/p>\n<p>l&rsquo;arr\u00eat\u00e9 lib\u00e9rant tout joueur d\u00e9sirant l&rsquo;\u00eatre, notre t\u00e2che a \u00e9t\u00e9 grandement facilit\u00e9e. En bref selon cette loi, il nous est d\u00e9sormais possible de lib\u00e9rer n&rsquo;importe quel joueur, avec son accord bien entendu, et ce sans recours du club dans lequel il \u00e9voluait (moyennant r\u00e9mun\u00e9ration rendue fixe par un bar\u00e8me).<\/p>\n<p>Cette loi est la suite logique de l&rsquo;\u00e9volution du sport amateur et semi-amateur belge qui conna\u00eet d\u00e9j\u00e0 un grand succ\u00e8s dans le football. Une page est tourn\u00e9e, fmi l&rsquo;esclavagisme des joueurs, place \u00e0 un nouveau basket. Ceci explique la cr\u00e9ation du club du Waterloo 2000 .<\/p>\n<p>C&rsquo;est dans le courant du mois de mai 2000, que le Waterloo 2001 et le Waterloo 2000 \u00e9tant d\u00e9j\u00e0 en tr\u00e8s bonne relation, ont d\u00e9cid\u00e9 de s&rsquo;associer pour permettre d&rsquo;obtenir un club performant au niveau provincial avec une \u00e9quipe premi\u00e8re et une r\u00e9serve jouant leur meilleur basket dans l&rsquo;ambiance amicale typique de ces deux clubs<\/p>\n<p>Le nouveau club de basket Waterloo 2001 est n\u00e9.<\/p>\n","protected":false},"excerpt":{"rendered":"<p>Il \u00e9tait une fois : Le Waterloo 2001 : Le 10 mai 1972, lors de la mont\u00e9e du BC Waterloo en National, il fut cr\u00e9\u00e9 le club Waterloo 2001, club provincial servant entre autres aux joueurs n&rsquo;ayant plus leur place \u00e0 ce niveau et pouvant \u00e9galement servir de tremplin aux jeunes joueurs issus de la [&hellip;]<\/p>\n","protected":false},"author":58,"featured_media":0,"parent":0,"menu_order":0,"comment_status":"closed","ping_status":"closed","template":"page-templates\/page-history.php","meta":{"footnotes":""},"class_list":["post-3","page","type-page","status-publish","hentry"],"_links":{"self":[{"href":"https:\/\/www.basketclubs.be\/braine2001\/wp-json\/wp\/v2\/pages\/3","targetHints":{"allow":["GET"]}}],"collection":[{"href":"https:\/\/www.basketclubs.be\/braine2001\/wp-json\/wp\/v2\/pages"}],"about":[{"href":"https:\/\/www.basketclubs.be\/braine2001\/wp-json\/wp\/v2\/types\/page"}],"author":[{"embeddable":true,"href":"https:\/\/www.basketclubs.be\/braine2001\/wp-json\/wp\/v2\/users\/58"}],"replies":[{"embeddable":true,"href":"https:\/\/www.basketclubs.be\/braine2001\/wp-json\/wp\/v2\/comments?post=3"}],"version-history":[{"count":4,"href":"https:\/\/www.basketclubs.be\/braine2001\/wp-json\/wp\/v2\/pages\/3\/revisions"}],"predecessor-version":[{"id":442,"href":"https:\/\/www.basketclubs.be\/braine2001\/wp-json\/wp\/v2\/pages\/3\/revisions\/442"}],"wp:attachment":[{"href":"https:\/\/www.basketclubs.be\/braine2001\/wp-json\/wp\/v2\/media?parent=3"}],"curies":[{"name":"wp","href":"https:\/\/api.w.org\/{rel}","templated":true}]}}