{"id":15,"date":"2014-08-06T14:23:33","date_gmt":"2014-08-06T12:23:33","guid":{"rendered":"https:\/\/www.basketclubs.be\/chicagobulls\/?page_id=15"},"modified":"2015-08-02T20:16:10","modified_gmt":"2015-08-02T18:16:10","slug":"sport-centers","status":"publish","type":"page","link":"https:\/\/www.basketclubs.be\/chicagobulls\/sport-centers\/","title":{"rendered":"United Center"},"content":{"rendered":"<p style=\"color: #252525;\">Le\u00a0<b>United Center<\/b>\u00a0(surnomm\u00e9\u00a0The UC,\u00a0The House that Jordan Built\u00a0ou\u00a0The Madhouse on Madison) est une salle omnisports situ\u00e9e sur 1901 West Madison Street dans le quartier de\u00a0<a title=\"Near West Side (Chicago)\" href=\"http:\/\/fr.wikipedia.org\/wiki\/Near_West_Side_(Chicago)\">Near West Side<\/a>\u00a0\u00e0\u00a0<a title=\"Chicago\" href=\"http:\/\/fr.wikipedia.org\/wiki\/Chicago\">Chicago<\/a>\u00a0dans l&rsquo;<a title=\"Illinois\" href=\"http:\/\/fr.wikipedia.org\/wiki\/Illinois\">Illinois<\/a>, et nomm\u00e9 en r\u00e9f\u00e9rence \u00e0 son sponsor, la<a title=\"Compagnie a\u00e9rienne\" href=\"http:\/\/fr.wikipedia.org\/wiki\/Compagnie_a%C3%A9rienne\">compagnie a\u00e9rienne<\/a>\u00a0<a title=\"United Airlines\" href=\"http:\/\/fr.wikipedia.org\/wiki\/United_Airlines\">United Airlines<\/a>. La salle est principalement utilis\u00e9e pour les rencontres de\u00a0<a title=\"Basket-ball\" href=\"http:\/\/fr.wikipedia.org\/wiki\/Basket-ball\">basket-ball<\/a>, de\u00a0<a title=\"Hockey sur glace\" href=\"http:\/\/fr.wikipedia.org\/wiki\/Hockey_sur_glace\">hockey sur glace<\/a>, les tournois de\u00a0<a title=\"Catch\" href=\"http:\/\/fr.wikipedia.org\/wiki\/Catch\">catch<\/a>\u00a0et les\u00a0<a title=\"Concert\" href=\"http:\/\/fr.wikipedia.org\/wiki\/Concert\">concerts<\/a>.<\/p>\n<p>Depuis\u00a0<a title=\"1994\" href=\"http:\/\/fr.wikipedia.org\/wiki\/1994\">1994<\/a>, c&rsquo;est le domicile des\u00a0<a title=\"Bulls de Chicago\" href=\"http:\/\/fr.wikipedia.org\/wiki\/Bulls_de_Chicago\">Bulls de Chicago<\/a>\u00a0de la\u00a0<a title=\"National Basketball Association\" href=\"http:\/\/fr.wikipedia.org\/wiki\/National_Basketball_Association\">National Basketball Association<\/a>\u00a0et des\u00a0<a title=\"Blackhawks de Chicago\" href=\"http:\/\/fr.wikipedia.org\/wiki\/Blackhawks_de_Chicago\">Blackhawks de Chicago<\/a>\u00a0de la\u00a0<a title=\"Ligue nationale de hockey\" href=\"http:\/\/fr.wikipedia.org\/wiki\/Ligue_nationale_de_hockey\">Ligue nationale de hockey<\/a>. Le United Center a une capacit\u00e9 de 20\u00a0917 places assises pour le\u00a0<a title=\"Basket-ball\" href=\"http:\/\/fr.wikipedia.org\/wiki\/Basket-ball\">basket-ball<\/a>, mais peut accueillir jusqu\u2019\u00e0 23\u00a0129 spectateurs avec les places debout lors de certaines parties. Pour les jeux de\u00a0<a title=\"Hockey sur glace\" href=\"http:\/\/fr.wikipedia.org\/wiki\/Hockey_sur_glace\">hockey sur glace<\/a>, la capacit\u00e9 est r\u00e9duite \u00e0 19\u00a0717 places assises (22\u00a0428 avec les places debout), alors que pour les \u00e9v\u00e9nements de\u00a0<a title=\"Catch\" href=\"http:\/\/fr.wikipedia.org\/wiki\/Catch\">catch<\/a>\u00a0elle est de 23\u00a0000 puis d&rsquo;environ 25\u00a0000 au maximum pour les concerts. La salle dispose \u00e9galement de 216 suites de luxe et 3\u00a0100 si\u00e8ges de club pour les plus riches ainsi que 5\u00a0500 places de stationnement dans les environs. L&rsquo;\u00e9difice est le plus gros ar\u00e9na du\u00a0<a title=\"Mid-Ouest\" href=\"http:\/\/fr.wikipedia.org\/wiki\/Mid-Ouest\">Mid-Ouest<\/a>\u00a0am\u00e9ricain.<\/p>\n<p style=\"color: #252525;\">[source : http:\/\/fr.wikipedia.org\/wiki\/United_Center]<\/p>\n","protected":false},"excerpt":{"rendered":"<p>Le\u00a0United Center\u00a0(surnomm\u00e9\u00a0The UC,\u00a0The House that Jordan Built\u00a0ou\u00a0The Madhouse on Madison) est une salle omnisports situ\u00e9e sur 1901 West Madison Street dans le quartier de\u00a0Near West Side\u00a0\u00e0\u00a0Chicago\u00a0dans l&rsquo;Illinois, et nomm\u00e9 en r\u00e9f\u00e9rence \u00e0 son sponsor, lacompagnie a\u00e9rienne\u00a0United Airlines. La salle est principalement utilis\u00e9e pour les rencontres de\u00a0basket-ball, de\u00a0hockey sur glace, les tournois de\u00a0catch\u00a0et les\u00a0concerts. Depuis\u00a01994, c&rsquo;est [&hellip;]<\/p>\n","protected":false},"author":4,"featured_media":0,"parent":0,"menu_order":0,"comment_status":"closed","ping_status":"closed","template":"page-templates\/page-sport-centers.php","meta":{"footnotes":""},"class_list":["post-15","page","type-page","status-publish","hentry"],"_links":{"self":[{"href":"https:\/\/www.basketclubs.be\/chicagobulls\/wp-json\/wp\/v2\/pages\/15","targetHints":{"allow":["GET"]}}],"collection":[{"href":"https:\/\/www.basketclubs.be\/chicagobulls\/wp-json\/wp\/v2\/pages"}],"about":[{"href":"https:\/\/www.basketclubs.be\/chicagobulls\/wp-json\/wp\/v2\/types\/page"}],"author":[{"embeddable":true,"href":"https:\/\/www.basketclubs.be\/chicagobulls\/wp-json\/wp\/v2\/users\/4"}],"replies":[{"embeddable":true,"href":"https:\/\/www.basketclubs.be\/chicagobulls\/wp-json\/wp\/v2\/comments?post=15"}],"version-history":[{"count":5,"href":"https:\/\/www.basketclubs.be\/chicagobulls\/wp-json\/wp\/v2\/pages\/15\/revisions"}],"predecessor-version":[{"id":397,"href":"https:\/\/www.basketclubs.be\/chicagobulls\/wp-json\/wp\/v2\/pages\/15\/revisions\/397"}],"wp:attachment":[{"href":"https:\/\/www.basketclubs.be\/chicagobulls\/wp-json\/wp\/v2\/media?parent=15"}],"curies":[{"name":"wp","href":"https:\/\/api.w.org\/{rel}","templated":true}]}}