{"id":445,"date":"2018-06-21T20:08:44","date_gmt":"2018-06-21T19:08:44","guid":{"rendered":"https:\/\/www.basketclubs.be\/?page_id=2636"},"modified":"2018-06-21T20:08:44","modified_gmt":"2018-06-21T19:08:44","slug":"politique-de-confidentialite-club","status":"publish","type":"page","link":"https:\/\/www.basketclubs.be\/chicagobulls\/politique-de-confidentialite-club\/","title":{"rendered":"Politique de Confidentialit\u00e9 du Club"},"content":{"rendered":"<div style=\"text-align: left\">\n<p><i>Derni\u00e8re mise \u00e0 jour : 20\/06\/2018<\/i><\/p>\n<p>La pr\u00e9sente politique de confidentialit\u00e9 d\u00e9finit et vous informe de la mani\u00e8re dont le club ou l\u2019\u00e9quipe BC Chicago (d\u00e9mo) (ci apr\u00e8s <i>le Club<\/i>) utilise et prot\u00e8ge les informations que vous transmettez, le cas \u00e9ch\u00e9ant, lorsque vous utilisez <a href=\"http:\/\/https:\/\/www.basketclubs.be\/chicagobulls\">le pr\u00e9sent site<\/a> (ci-apr\u00e8s le \u00ab <i>Site<\/i> \u00bb).Veuillez noter que cette politique de confidentialit\u00e9 est susceptible d\u2019\u00eatre modifi\u00e9e ou compl\u00e9t\u00e9e \u00e0 tout moment, notamment en vue de se conformer \u00e0 toute \u00e9volution l\u00e9gislative, r\u00e9glementaire, jurisprudentielle ou technologique. Dans un tel cas, la date de sa mise \u00e0 jour sera clairement identifi\u00e9e en t\u00eate de la pr\u00e9sente politique. Ces modifications engagent l\u2019Utilisateur d\u00e8s leur mise en ligne. Il convient par cons\u00e9quent que l\u2019Utilisateur consulte r\u00e9guli\u00e8rement la pr\u00e9sente politique de confidentialit\u00e9 et d\u2019utilisation des cookies afin de prendre connaissance de ses \u00e9ventuelles modifications.<\/p>\n<h2>I. Donn\u00e9es personnelles<\/h2>\n<p>D\u2019une mani\u00e8re g\u00e9n\u00e9rale, il vous est possible de visiter ce <i>Site<\/i> sans communiquer aucune information personnelle vous concernant.<\/p>\n<p>N\u00e9anmoins, ce <i>Site<\/i> est susceptible de proposer un certain nombre de formulaires via lesquels vous pourrez \u00eatre amen\u00e9 \u00e0 renseigner des informations de base \u00e0 votre sujet (ci-apr\u00e8s vos \u00ab Informations Personnelles \u00bb). Ces informations ne seront en aucun cas enregistr\u00e9es automatiquement dans la base de donn\u00e9es stockant les informations du <i>Site<\/i>. Elles ne servent qu\u2019\u00e0 envoyer au <i>Club<\/i> un email contenant une copie de celles-ci. En fournissant ces informations, vous acceptez express\u00e9ment qu\u2019elles soient trait\u00e9es par le <i>Club<\/i> aux fins indiqu\u00e9es au point 2 ci-dessous.<\/p>\n<p>Conform\u00e9ment au R\u00e8glement G\u00e9n\u00e9ral sur la Protection des Donn\u00e9es (General Data Protection Regulation) adopt\u00e9 par le Parlement europ\u00e9en le 14 avril 2016, le <i>Club<\/i> vous informe des points suivants :<\/p>\n<h3>1. Identit\u00e9 du responsable du traitement<\/h3>\n<p>Le responsable du traitement est l\u2019\u00e9quipe ou le <i>Club<\/i> BC Chicago (d\u00e9mo). Le <i>Club<\/i> exploite le service BasketClubs.be fourni par la soci\u00e9t\u00e9 <i>Alley Oop<\/i>, inscrite \u00e0 la Banque Carrefour des entreprises sous le num\u00e9ro BE \u2013 0544.776.645 et dont le si\u00e8ge social est sis Rue du Travail 109, B-5000 Namur, Belgique (T\u00e9l. : + 32 498 624 614).<\/p>\n<p>Le <i>Club<\/i> est responsable de l\u2019\u00e9dition du contenu de ce <i>Site<\/i>, et a pr\u00e9alablement adh\u00e9r\u00e9 aux<a href=\"https:\/\/www.basketclubs.be\/conditions-generales-dutilisation-du-service\/\"> Conditions G\u00e9n\u00e9rales d\u2019Utilisation du Service<\/a> ainsi qu&rsquo;\u00e0 la<a href=\"https:\/\/www.basketclubs.be\/politique-de-confidentialite\/\"> Politique de confidentialit\u00e9<\/a> de<a href=\"https:\/\/www.basketclubs.be\"> <i>BasketClubs.be<\/i><\/a>, lesquelles pr\u00e9voient de mani\u00e8re d\u00e9taill\u00e9e les conditions d\u2019acc\u00e8s et d\u2019utilisation du service <i>BasketClubs.be<\/i>.<\/p>\n<h3>2. Finalit\u00e9s du traitement<\/h3>\n<p>Le <i>Club <\/i>est susceptible de traiter vos Informations Personnelles uniquement pour vous fournir efficacement le service propos\u00e9 par les diff\u00e9rents formulaires. Concr\u00e8tement, il peut s\u2019agir des formulaires suivants:<\/p>\n<ul>\n<li>Un formulaire de contact vous permettant d\u2019envoyer un message \u00e0 une ou plusieurs personnes responsables du <i>Club<\/i>. Les seules informations obligatoires lors de l\u2019utilisation de ce formulaire sont votre nom, votre adresse email et le message que vous souhaitez adresser au Club.<\/li>\n<li>Un formulaire de pr\u00e9-inscription permettant d\u2019informer le Club de votre souhait d\u2019y inscrire une personne. Les informations obligatoires lors de l\u2019utilisation de ce formulaire sont les nom et pr\u00e9nom de la personne concern\u00e9e, sa date de naissance et l\u2019adresse email de la personne \u00e0 contacter. Le <i>Club<\/i> peut \u00e9galement d\u00e9cider de vous obliger \u00e0 fournir un num\u00e9ro de t\u00e9l\u00e9phone, le nom du dernier club fr\u00e9quent\u00e9 et\/ou un commentaire additionnel.<\/li>\n<li>Un formulaire de commande souhait\u00e9e dans la boutique du <i>Club<\/i>. Les seules informations obligatoires lors de l\u2019utilisation de ce formulaire sont votre nom et votre adresse email ainsi qu\u2019un r\u00e9sum\u00e9 de la commande souhait\u00e9e.<\/li>\n<\/ul>\n<h3>3. Destinataires<\/h3>\n<p>Seul le <i>Club<\/i> est destinataire de vos Informations Personnelles. Celles-ci, que ce soit sous forme individuelle ou agr\u00e9g\u00e9e, ne sont jamais transmises \u00e0 un tiers, nonobstant les sous-traitants auxquels le <i>Club<\/i> fait appel (vous trouverez de plus amples informations \u00e0 leur sujet au point 7 ci-dessous). Ni le <i>Club<\/i>, ni l\u2019un quelconque de ses sous-traitants, ne proc\u00e8dent \u00e0 la commercialisation des donn\u00e9es personnelles des visiteurs et Utilisateurs de son <i>Site<\/i>.<\/p>\n<h3>4. Dur\u00e9e de conservation<\/h3>\n<p>Vos Informations Personnelles sont conserv\u00e9es par le <i>Club<\/i> uniquement pour le temps correspondant \u00e0 la finalit\u00e9 de la collecte tel qu\u2019indiqu\u00e9 en 2 ci-dessus.<br \/>\nEn cas d\u2019inutilisation de vos Informations Personnelles pendant une p\u00e9riode de 24 mois, celles-ci seront effac\u00e9es.<\/p>\n<h3>5. Droits des personnes concern\u00e9es<\/h3>\n<p>Vous disposez des droits suivants concernant vos Informations Personnelles, que vous pouvez exercer en contactant le club via le formulaire de contact pr\u00e9sent sur ce <i>Site<\/i>, ou en \u00e9crivant par email \u00e0 l\u2019adresse de BasketClubs.be (<a href=\"mailto:info@basketclubs.be\">info@basketclubs.be<\/a>), fournisseur du service ayant servi \u00e0 cr\u00e9er ce site.<\/p>\n<h4><i>Droit d\u2019acc\u00e8s et de communication des donn\u00e9es<\/i><\/h4>\n<p>Vous avez la facult\u00e9 d\u2019acc\u00e9der aux Informations Personnelles qui vous concernent.<br \/>\nCependant, en raison de l\u2019obligation de s\u00e9curit\u00e9 et de confidentialit\u00e9 dans le traitement des donn\u00e9es \u00e0 caract\u00e8re personnel qui incombe au <i>Club<\/i>, vous \u00eates inform\u00e9 que votre demande sera trait\u00e9e sous r\u00e9serve que vous apportiez la preuve que vous \u00eates bien la personne concern\u00e9e par ces informations.<br \/>\nLe <i>Club<\/i> vous informe qu\u2019il sera en droit, le cas \u00e9ch\u00e9ant, de s\u2019opposer aux demandes manifestement abusives (de par leur nombre, leur caract\u00e8re r\u00e9p\u00e9titif ou syst\u00e9matique).<\/p>\n<h4><i>Droit de rectification des donn\u00e9es<\/i><\/h4>\n<p>Au titre de ce droit, la l\u00e9gislation vous habilite \u00e0 demander la rectification, la mise \u00e0 jour, le verrouillage ou encore l\u2019effacement des donn\u00e9es vous concernant qui peuvent s\u2019av\u00e9rer le cas \u00e9ch\u00e9ant inexactes, erron\u00e9es, incompl\u00e8tes ou obsol\u00e8tes.<\/p>\n<p>Egalement, vous pouvez d\u00e9finir des directives g\u00e9n\u00e9rales et particuli\u00e8res relatives au sort des donn\u00e9es \u00e0 caract\u00e8re personnel apr\u00e8s votre d\u00e9c\u00e8s. Le cas \u00e9ch\u00e9ant, les h\u00e9ritiers d\u2019une personne d\u00e9c\u00e9d\u00e9e peuvent exiger de prendre en consid\u00e9ration le d\u00e9c\u00e8s de leur proche et\/ou de proc\u00e9der aux mises \u00e0 jour n\u00e9cessaires.<\/p>\n<h4><i>Droit d\u2019opposition<\/i><\/h4>\n<p>L\u2019exercice de ce droit n\u2019est possible que dans l\u2019une des deux situations suivantes :<\/p>\n<ul>\n<li>Lorsque l\u2019exercice de ce droit est fond\u00e9 sur des motifs l\u00e9gitimes ; ou<\/li>\n<li>Lorsque l\u2019exercice de ce droit vise \u00e0 faire obstacle \u00e0 ce que les donn\u00e9es recueillies soient utilis\u00e9es \u00e0 des fins de prospection commerciale.<\/li>\n<\/ul>\n<h3>6. D\u00e9lais de r\u00e9ponse<\/h3>\n<p>Le <i>Club<\/i> s\u2019engage \u00e0 r\u00e9pondre \u00e0 votre demande d\u2019acc\u00e8s, de rectification ou d\u2019opposition ou toute autre demande compl\u00e9mentaire d\u2019informations dans un d\u00e9lai raisonnable qui ne saurait d\u00e9passer 1 mois \u00e0 compter de la r\u00e9ception de votre demande.<\/p>\n<h3>7. Prestataires habilit\u00e9s et transfert vers un pays tiers de l\u2019Union Europ\u00e9enne<\/h3>\n<p>Le <i>Club<\/i> vous informe qu\u2019il a recours, directement ou indirectement via l\u2019utilisation du service <i>BasketClubs.be,<\/i> \u00e0 des prestataires habilit\u00e9s pour faciliter le recueil et le traitement des donn\u00e9es que vous nous avez communiqu\u00e9. Ces prestataires peuvent \u00eatre situ\u00e9s en dehors de l\u2019Union Europ\u00e9enne et ont communication des donn\u00e9es recueillies par les formulaire pr\u00e9sents sur le Site.<\/p>\n<p>Le <i>Club<\/i> et <i>BasketClubs.be<\/i> se sont pr\u00e9alablement assur\u00e9s de la mise en \u0153uvre par leurs prestataires de garanties ad\u00e9quates et du respect de conditions strictes en mati\u00e8re de confidentialit\u00e9, d\u2019usage et de protection des donn\u00e9es. Tout particuli\u00e8rement, la vigilance s\u2019est port\u00e9e sur l\u2019existence d\u2019un fondement l\u00e9gal pour effectuer un quelconque transfert de donn\u00e9es vers un pays tiers.<\/p>\n<p>En particulier, ces prestataires habilit\u00e9s sont les suivants:<\/p>\n<ul>\n<li><i>Alley Oop SPRL<\/i> et en particulier son service <i>BasketClubs.be<\/i>, dont la politique de confidentialit\u00e9 peut \u00eatre trouv\u00e9e <a href=\"https:\/\/www.basketclubs.be\/politique-de-confidentialite\/\">ici<\/a>. BasketClubs.be utilise lui-m\u00eame les prestataires habilit\u00e9s suivants:\n<ul>\n<li><a href=\"https:\/\/www.ovh.com\/fr\/\">OVH<\/a>, le fournisseur de l\u2019infrastructure h\u00e9bergeant les sites BasketClubs et les donn\u00e9es stock\u00e9es sur ceux-ci (en ce incluant les serveurs email de certains clubs\/clients), dont la politique de protection des donn\u00e9es \u00e0 caract\u00e8re personnel peut \u00eatre trouv\u00e9e <a href=\"https:\/\/www.ovh.com\/fr\/protection-donnees-personnelles\/\">ici<\/a>.<\/li>\n<li><a href=\"https:\/\/www.infomaniak.com\/fr\">Infomaniak<\/a>, l\u2019autre fournisseur d\u2019infrastructure de BasketClubs (fournissant les serveurs email d\u2019autres clubs\/clients), dont la politique de confidentialit\u00e9 des donn\u00e9es peut \u00eatre trouv\u00e9e <a href=\"https:\/\/www.infomaniak.com\/fr\/cgv\/politique-de-confidentialite\">ici<\/a>.<\/li>\n<\/ul>\n<\/li>\n<li>Tout autre client mail en ligne (ex: Gmail) ou install\u00e9 en local sur ordinateur (ex: Outlook, Thunderbird) utilis\u00e9 par le club pour envoyer et recevoir les emails sur les adresses utilis\u00e9es par ce <i>Site<\/i>. Afin de conna\u00eetre ceux-ci, vous pouvez vous mettre en contact avec le club via le formulaire de contact pr\u00e9sent sur ce <i>Site<\/i><\/li>\n<\/ul>\n<h3>8. Plainte aupr\u00e8s de l\u2019autorit\u00e9 comp\u00e9tente<\/h3>\n<p>Si vous consid\u00e9rez que le <i>Club<\/i> ne respecte pas ses obligations au regard de vos Informations Personnelles, vous pouvez adresser une plainte ou une demande aupr\u00e8s de l\u2019autorit\u00e9 comp\u00e9tente, comme par exemple l\u2019Autorit\u00e9 de protection des donn\u00e9es (Art. 77 RGPD).<\/p>\n<p>&nbsp;<\/p>\n<h2>II. POLITIQUE RELATIVE AUX COOKIES<\/h2>\n<p>Notre politique d\u2019utilisation des cookies vous permet de mieux comprendre les dispositions que nous mettons en \u0153uvre en mati\u00e8re de navigation sur notre site web. Elle vous informe notamment sur l\u2019ensemble des cookies pr\u00e9sents sur notre site web, leur finalit\u00e9 (partie I.) et vous donne la marche \u00e0 suivre pour les param\u00e9trer (partie II.)<\/p>\n<h3>1. Informations g\u00e9n\u00e9rales sur les cookies pr\u00e9sents sur le site d<i>u Club<br \/>\n<\/i><\/h3>\n<p><i>Le Club<\/i>, en tant qu\u2019\u00e9diteur du pr\u00e9sent site web, pourra proc\u00e9der \u00e0 l\u2019implantation d\u2019un cookie sur le disque dur de votre terminal (ordinateur, tablette, mobile etc.) afin de vous garantir une navigation fluide et optimale sur notre site Internet.<\/p>\n<p>Les \u00ab cookies \u00bb (ou t\u00e9moins de connexion) sont des petits fichiers texte de taille limit\u00e9e qui nous permettent de reconna\u00eetre votre ordinateur, votre tablette ou votre mobile aux fins de personnaliser les services que nous vous proposons.<\/p>\n<p>Les informations recueillies par le biais des cookies ne permettent en aucune mani\u00e8re de vous identifier nominativement. Elles sont utilis\u00e9es exclusivement pour nos besoins propres afin d\u2019am\u00e9liorer l\u2019interactivit\u00e9 et la performance de notre site web et de vous adresser des contenus adapt\u00e9s \u00e0 vos centres d\u2019int\u00e9r\u00eats. Aucune de ces informations ne fait l\u2019objet d\u2019une communication aupr\u00e8s de tiers sauf lorsque le <i>Club<\/i> a obtenu au pr\u00e9alable votre consentement ou bien lorsque la divulgation de ces informations est requise par la loi, sur ordre d\u2019un tribunal ou toute autorit\u00e9 administrative ou judiciaire habilit\u00e9e \u00e0 en conna\u00eetre.<\/p>\n<p>Pour mieux vous \u00e9clairer sur les informations que les cookies identifient, vous trouverez ci-dessous un tableau listant les diff\u00e9rents types de cookies susceptibles d\u2019\u00eatre utilis\u00e9s sur ce <em>Site<\/em>, leur nom, leur finalit\u00e9 ainsi que leur dur\u00e9e de conservation.<\/p>\n<h3>2. Les types de cookies utilis\u00e9s<\/h3>\n<p>Les cookies peuvent \u00eatre divis\u00e9s en diff\u00e9rentes cat\u00e9gories selon leur origine, leur dur\u00e9e de vie et leur utilisation:<\/p>\n<h4>a. Origine<\/h4>\n<h5>Les cookies de BasketClubs.be<\/h5>\n<p>Il s\u2019agit des cookies d\u00e9pos\u00e9s par ce <em>Site<\/em> sur votre terminal pour r\u00e9pondre \u00e0 des besoins de navigation, d\u2019optimisation et de personnalisation des services sur le <em>Site<\/em>.<\/p>\n<h5>Les cookies tiers<\/h5>\n<p>Il s\u2019agit des cookies d\u00e9pos\u00e9s par des soci\u00e9t\u00e9s tierces, partenaires ou commerciales, pour identifier vos centres d\u2019int\u00e9r\u00eat et \u00e9ventuellement personnaliser les annonces qui vous sont adress\u00e9es sur et en dehors de nos sites. Ils peuvent \u00eatre d\u00e9pos\u00e9s quand vous naviguez sur nos sites ou lorsque vous cliquez sur les annonces de nos sites.<\/p>\n<h4>b. Dur\u00e9e de vie<\/h4>\n<h5>Les cookies de session<\/h5>\n<p>Les cookies de session sont des cookies temporaires dont la dur\u00e9e de vie est limit\u00e9e \u00e0 une session de navigation. Ils ont pour but de simplifier vos interactions avec nos sites pendant la dur\u00e9e de votre session de navigation et sont supprim\u00e9s au moment o\u00f9 vous fermez votre navigateur.<\/p>\n<h5>Les cookies permanents<\/h5>\n<p>Les cookies permanents sont des cookies qui restent sur votre ordinateur, votre appareil mobile ou votre tablette m\u00eame apr\u00e8s la fermeture de votre navigateur. Ils demeurent sur votre appareil pour une dur\u00e9e d\u00e9termin\u00e9e ou jusqu\u2019\u00e0 ce que vous d\u00e9cidiez de les effacer. Ces cookies nous permettent notamment de vous reconna\u00eetre et de retenir vos pr\u00e9f\u00e9rences de navigation d\u2019une session \u00e0 l\u2019autre.<\/p>\n<h4>c. Utilisation<\/h4>\n<p>Il existe trois grandes cat\u00e9gories dans lesquelles nous pouvons r\u00e9partir nos cookies en fonction de leur utilisation:<\/p>\n<h5>Fonctionnement<\/h5>\n<p>Comme leur nom l\u2019indique, les cookies de fonctionnement servent au bon fonctionnement des sites. Ils r\u00e9pondent \u00e0 des exigences techniques et sont n\u00e9cessaires \u00e0 une connexion ais\u00e9e et s\u00e9curis\u00e9e aux sites.<\/p>\n<p>Dans cette cat\u00e9gorie, on retrouve notamment des cookies d\u2019analyse d\u2019audience et de performances. Ils nous fournissent des informations sur la fa\u00e7on dont les visiteurs utilisent nos sites et sur les performances de ceux-ci. Ils nous permettent d\u2019identifier les \u00e9ventuels dysfonctionnements de nos sites. Gr\u00e2ce \u00e0 eux, nous avons la possibilit\u00e9 d\u2019assurer la maintenance de nos sites en permanence et d\u2019offrir une exp\u00e9rience de navigation toujours plus agr\u00e9able \u00e0 nos utilisateurs.<\/p>\n<p>Les cookies de fonctionnement sont essentiels et ne peuvent donc pas \u00eatre d\u00e9sactiv\u00e9s.<\/p>\n<h5>Comportemental<\/h5>\n<p>Les cookies repris dans cette cat\u00e9gorie nous permettent de fournir des annonces pertinentes et en lien avec les centres d\u2019int\u00e9r\u00eats de nos utilisateurs. Ils ont pour objectif d\u2019am\u00e9liorer et de personnaliser leur exp\u00e9rience de navigation.<\/p>\n<p>Pour en savoir plus \u00e0 propos de la politique de cookies de nos partenaires qui utilisent ce type de cookies, nous vous invitons \u00e0 cliquer sur les liens suivants :<\/p>\n<ul>\n<li><a href=\"https:\/\/policies.google.com\/technologies\/cookies?hl=fr\">Google (Utilisation des cookies)<\/a><\/li>\n<li><a href=\"https:\/\/support.google.com\/adsense\/answer\/7549925?hl=fr\">AdSense (Utilisation des cookies)<\/a><\/li>\n<li><a href=\"https:\/\/policies.google.com\/privacy?hl=fr#infocollect\">Google (R\u00e8gles de confidentialit\u00e9)<\/a><\/li>\n<\/ul>\n<h5>Social<\/h5>\n<p>Cette cat\u00e9gorie comprend les cookies qui nous permettent d\u2019offrir la possibilit\u00e9 \u00e0 nos utilisateurs de partager et commenter des contenus provenant de nos sites via les r\u00e9seaux sociaux.<\/p>\n<p>Les cookies de partage des r\u00e9seaux sociaux sont \u00e9mis et g\u00e9r\u00e9s par l\u2019\u00e9diteur du r\u00e9seau social concern\u00e9. Ces cookies vous permettent de partager facilement une partie du contenu publi\u00e9 sur le(s) site(s) de <i>BasketClubs.be<\/i>, notamment par l\u2019interm\u00e9diaire d\u2019un \u00ab bouton \u00bb applicatif de partage selon le r\u00e9seau social concern\u00e9.<\/p>\n<p>Plusieurs types de cookies de partage des r\u00e9seaux sociaux sont pr\u00e9sents sur le site du <i>Club<\/i> :<\/p>\n<ul>\n<li>Facebook, dont vous pouvez consulter la politique en mati\u00e8re de cookies en cliquant sur le lien suivant : <a href=\"https:\/\/fr-fr.facebook.com\/policies\/cookies\/\">https:\/\/fr-fr.facebook.com\/policies\/cookies\/<\/a><\/li>\n<li>Instagram, dont vous trouverez la politique relative aux cookies en cliquant sur le lien suivant : <a href=\"https:\/\/www.instagram.com\/legal\/cookies\/\">https:\/\/www.instagram.com\/legal\/cookies\/<\/a><\/li>\n<li>Twitter, dont vous trouverez les options d\u00e9di\u00e9es au contr\u00f4le ou \u00e0 la restriction de l\u2019utilisation des cookies ainsi que la politique d\u2019utilisation des cookies : <a href=\"https:\/\/support.twitter.com\/articles\/20170518#\">https:\/\/support.twitter.com\/articles\/20170518#<\/a><\/li>\n<li>YouTube, dont vous trouverez l\u2019aide n\u00e9cessaire pour supprimer les cookies \u00e0 partir du navigateur Google Chrome en cliquant sur le lien suivant : <a href=\"https:\/\/support.google.com\/youtube\/answer\/32050?hl=fr\">https:\/\/support.google.com\/youtube\/answer\/32050?hl=fr<\/a> mais \u00e9galement la politique compl\u00e8te en mati\u00e8re de cookies \u00e0 partir du lien suivant : <a href=\"https:\/\/www.google.fr\/intl\/fr\/policies\/technologies\/cookies\/\">https:\/\/www.google.fr\/intl\/fr\/policies\/technologies\/cookies\/<\/a><\/li>\n<\/ul>\n<h3>3. Comment g\u00e9rer les cookies<\/h3>\n<h4>a. Vous disposez de divers outils de param\u00e9trage des cookies<\/h4>\n<p>La plupart des navigateurs Internet sont configur\u00e9s par d\u00e9faut de fa\u00e7on \u00e0 ce que le d\u00e9p\u00f4t de cookies soit autoris\u00e9. Votre navigateur vous offre l\u2019opportunit\u00e9 de modifier ces param\u00e8tres standards de mani\u00e8re \u00e0 ce que l\u2019ensemble des cookies soit rejet\u00e9 syst\u00e9matiquement ou bien \u00e0 ce qu\u2019une partie seulement des cookies soit accept\u00e9e ou refus\u00e9e en fonction de leur \u00e9metteur.<\/p>\n<p>ATTENTION : Nous attirons votre attention sur le fait que le refus du d\u00e9p\u00f4t de cookies sur votre terminal est n\u00e9anmoins susceptible d\u2019alt\u00e9rer votre exp\u00e9rience d\u2019utilisateur ainsi que votre acc\u00e8s \u00e0 certains services ou fonctionnalit\u00e9s du pr\u00e9sent site web. Le cas \u00e9ch\u00e9ant, le <i>Club<\/i> d\u00e9cline toute responsabilit\u00e9 concernant les cons\u00e9quences li\u00e9es \u00e0 la d\u00e9gradation de vos conditions de navigation qui interviennent en raison de votre choix de refuser, supprimer ou bloquer les cookies n\u00e9cessaires au fonctionnement du site. Ces cons\u00e9quences ne sauraient constituer un dommage et vous ne pourrez pr\u00e9tendre \u00e0 aucune indemnit\u00e9 de ce fait.<\/p>\n<p>Votre navigateur vous permet \u00e9galement de supprimer les cookies existants sur votre terminal ou encore de vous signaler lorsque de nouveaux cookies sont susceptibles d\u2019\u00eatre d\u00e9pos\u00e9s sur votre terminal. Ces param\u00e9trages n\u2019ont pas d\u2019incidence sur votre navigation mais vous font perdre tout le b\u00e9n\u00e9fice apport\u00e9 par le cookie.<\/p>\n<p>Veuillez ci-dessous prendre connaissance des multiples outils mis \u00e0 votre disposition afin que vous puissiez param\u00e9trer les cookies d\u00e9pos\u00e9s sur votre terminal.<\/p>\n<h4>b. Le param\u00e9trage de votre navigateur Internet<\/h4>\n<p>Chaque navigateur Internet propose ses propres param\u00e8tres de gestion des cookies. Pour savoir de quelle mani\u00e8re modifier vos pr\u00e9f\u00e9rences en mati\u00e8re de cookies, vous trouverez ci-dessous les liens vers l\u2019aide n\u00e9cessaire pour acc\u00e9der au menu de votre navigateur pr\u00e9vu \u00e0 cet effet :<\/p>\n<ul>\n<li>Chrome : <a href=\"https:\/\/support.google.com\/chrome\/answer\/95647?hl=fr\">https:\/\/support.google.com\/chrome\/answer\/95647?hl=fr<\/a><\/li>\n<li>Firefox : <a href=\"https:\/\/support.mozilla.org\/fr\/kb\/activer-desactiver-cookies\">https:\/\/support.mozilla.org\/fr\/kb\/activer-desactiver-cookies<\/a><\/li>\n<li>Internet Explorer : <a href=\"https:\/\/support.microsoft.com\/fr-fr\/help\/17442\/windows-internet-explorer-delete-manage-cookies#ie=ie-11\">https:\/\/support.microsoft.com\/fr-fr\/help\/17442\/windows-internet-explorer-delete-manage-cookies#ie=ie-11<\/a><\/li>\n<li>Opera : <a href=\"http:\/\/help.opera.com\/Windows\/10.20\/fr\/cookies.html\">http:\/\/help.opera.com\/Windows\/10.20\/fr\/cookies.html<\/a><\/li>\n<li>Safari : <a href=\"https:\/\/support.apple.com\/kb\/PH21411?viewlocale=fr_FR&amp;locale=fr_FR\">https:\/\/support.apple.com\/kb\/PH21411?viewlocale=fr_FR&amp;locale=fr_FR<\/a><\/li>\n<\/ul>\n<p>Pour toute interrogation ou demande compl\u00e9mentaire d\u2019informations relative \u00e0 la pr\u00e9sente politique des cookies, merci de bien vouloir nous contacter par le biais du formulaire de contact pr\u00e9sent sur ce <em>Site<\/em> ou par email \u00e0 l\u2019adresse <a href=\"mailto:info@basketclubs.be\">info@basketclubs.be<\/a>.<\/p>\n<\/div>\n","protected":false},"excerpt":{"rendered":"<p>Derni\u00e8re mise \u00e0 jour : 20\/06\/2018 La pr\u00e9sente politique de confidentialit\u00e9 d\u00e9finit et vous informe de la mani\u00e8re dont le club ou l\u2019\u00e9quipe (ci apr\u00e8s le Club) utilise et prot\u00e8ge les informations que vous transmettez, le cas \u00e9ch\u00e9ant, lorsque vous utilisez le pr\u00e9sent site (ci-apr\u00e8s le \u00ab Site \u00bb).Veuillez noter que cette politique de confidentialit\u00e9 [&hellip;]<\/p>\n","protected":false},"author":208,"featured_media":0,"parent":0,"menu_order":0,"comment_status":"closed","ping_status":"closed","template":"","meta":{"footnotes":""},"class_list":["post-445","page","type-page","status-publish","hentry"],"_links":{"self":[{"href":"https:\/\/www.basketclubs.be\/chicagobulls\/wp-json\/wp\/v2\/pages\/445","targetHints":{"allow":["GET"]}}],"collection":[{"href":"https:\/\/www.basketclubs.be\/chicagobulls\/wp-json\/wp\/v2\/pages"}],"about":[{"href":"https:\/\/www.basketclubs.be\/chicagobulls\/wp-json\/wp\/v2\/types\/page"}],"author":[{"embeddable":true,"href":"https:\/\/www.basketclubs.be\/chicagobulls\/wp-json\/wp\/v2\/users\/208"}],"replies":[{"embeddable":true,"href":"https:\/\/www.basketclubs.be\/chicagobulls\/wp-json\/wp\/v2\/comments?post=445"}],"version-history":[{"count":0,"href":"https:\/\/www.basketclubs.be\/chicagobulls\/wp-json\/wp\/v2\/pages\/445\/revisions"}],"wp:attachment":[{"href":"https:\/\/www.basketclubs.be\/chicagobulls\/wp-json\/wp\/v2\/media?parent=445"}],"curies":[{"name":"wp","href":"https:\/\/api.w.org\/{rel}","templated":true}]}}