{"id":45,"date":"2014-08-06T15:27:46","date_gmt":"2014-08-06T13:27:46","guid":{"rendered":"https:\/\/www.basketclubs.be\/chicagobulls\/?page_id=45"},"modified":"2015-05-29T18:31:44","modified_gmt":"2015-05-29T16:31:44","slug":"sponsors","status":"publish","type":"page","link":"https:\/\/www.basketclubs.be\/chicagobulls\/sponsors\/","title":{"rendered":"Sponsors"},"content":{"rendered":"<p><a href=\"https:\/\/www.basketclubs.be\/chicagobulls\/wp-content\/uploads\/sites\/6\/2014\/08\/logo-basketclubs-128.png\" data-rel=\"lightbox-image-0\" data-rl_title=\"\" data-rl_caption=\"\" title=\"\"><img loading=\"lazy\" decoding=\"async\" class=\"alignnone size-full wp-image-153\" src=\"https:\/\/www.basketclubs.be\/chicagobulls\/wp-content\/uploads\/sites\/6\/2014\/08\/logo-basketclubs-128.png\" alt=\"logo-basketclubs-128\" width=\"832\" height=\"129\" srcset=\"https:\/\/www.basketclubs.be\/chicagobulls\/wp-content\/uploads\/sites\/6\/2014\/08\/logo-basketclubs-128.png 832w, https:\/\/www.basketclubs.be\/chicagobulls\/wp-content\/uploads\/sites\/6\/2014\/08\/logo-basketclubs-128-300x47.png 300w\" sizes=\"auto, (max-width: 832px) 100vw, 832px\" \/><\/a><\/p>\n<p>L\u2019outil de cr\u00e9ation de sites internet pour les clubs de basket AWBB et VBL.<\/p>\n<p>&nbsp;<\/p>\n<table style=\"table-layout: fixed; border: 0; margin: 0 -20px 20px;\">\n<tbody>\n<tr>\n<td style=\"border: 0; padding: 10px 20px;\" valign=\"top\"><img decoding=\"async\" class=\"\" title=\"logo-basketclubs-48\" src=\"https:\/\/www.basketclubs.be\/chicagobulls\/wp-content\/uploads\/sites\/6\/2014\/08\/logo-basketclubs-48.png\" alt=\"\" \/><\/p>\n<div><em>FACILE &#8211; Cr\u00e9ez votre site et g\u00e9rez son contenu vous-m\u00eame gr\u00e2ce \u00e0 une interface simple et intuitive. B\u00e9n\u00e9ficiez d\u2019une grande autonomie, sans qu\u2019aucune connaissance technique ne soit requise !<\/em><\/div>\n<\/td>\n<td style=\"border: 0; padding: 10px 20px;\" valign=\"top\"><img decoding=\"async\" class=\"\" title=\"logo-basketclubs-48\" src=\"https:\/\/www.basketclubs.be\/chicagobulls\/wp-content\/uploads\/sites\/6\/2014\/08\/logo-basketclubs-48.png\" alt=\"\" \/><\/p>\n<div><em>RAPIDE &#8211; Recevez votre site en quelques instants, et prenez en main l\u2019outil d\u2019administration en un temps record. Gagnez du temps en ne d\u00e9pendant plus de personne !<\/em><\/div>\n<\/td>\n<td style=\"border: 0; padding: 10px 20px;\" valign=\"top\"><img decoding=\"async\" class=\"\" title=\"logo-basketclubs-48\" src=\"https:\/\/www.basketclubs.be\/chicagobulls\/wp-content\/uploads\/sites\/6\/2014\/08\/logo-basketclubs-48.png\" alt=\"\" \/><\/p>\n<div><em>GRATUIT &#8211; Une version de base compl\u00e8te enti\u00e8rement gratuite vous permettant de partager l\u2019actualit\u00e9 de votre club, de pr\u00e9senter vos \u00e9quipes et vos membres, de mettre en avant vos partenaires,\u2026<\/em><\/div>\n<\/td>\n<\/tr>\n<\/tbody>\n<\/table>\n<table style=\"table-layout: fixed; border: 0; margin: 0 -20px 20px;\">\n<tbody>\n<tr>\n<td style=\"border: 0; padding: 10px 20px;\" valign=\"top\">\n<h5>BasketClubs.be<\/h5>\n<p><img decoding=\"async\" class=\"\" title=\"logo-basketclubs-24\" src=\"https:\/\/www.basketclubs.be\/chicagobulls\/wp-content\/uploads\/sites\/6\/2014\/08\/logo-basketclubs-24.png\" alt=\"\" \/><\/p>\n<div><em>Un site de basket pour votre club en un clin d&rsquo;oeil !<\/em><\/div>\n<\/td>\n<td style=\"border: 0; padding: 10px 20px;\" valign=\"top\">\n<h5>BasketClubs.be<\/h5>\n<p><img decoding=\"async\" class=\"\" title=\"logo-basketclubs-24\" src=\"https:\/\/www.basketclubs.be\/chicagobulls\/wp-content\/uploads\/sites\/6\/2014\/08\/logo-basketclubs-24.png\" alt=\"\" \/><\/p>\n<div><em>Un site de basket pour votre club en un clin d&rsquo;oeil !<\/em><\/div>\n<\/td>\n<td style=\"border: 0; padding: 10px 20px;\" valign=\"top\">\n<h5>BasketClubs.be<\/h5>\n<p><img decoding=\"async\" class=\"\" title=\"logo-basketclubs-24\" src=\"https:\/\/www.basketclubs.be\/chicagobulls\/wp-content\/uploads\/sites\/6\/2014\/08\/logo-basketclubs-24.png\" alt=\"\" \/><\/p>\n<div><em>Un site de basket pour votre club en un clin d&rsquo;oeil !<\/em><\/div>\n<\/td>\n<td style=\"border: 0; padding: 10px 20px;\" valign=\"top\">\n<h5>BasketClubs.be<\/h5>\n<p><img decoding=\"async\" class=\"\" title=\"logo-basketclubs-24\" src=\"https:\/\/www.basketclubs.be\/chicagobulls\/wp-content\/uploads\/sites\/6\/2014\/08\/logo-basketclubs-24.png\" alt=\"\" \/><\/p>\n<div><em>Un site de basket pour votre club en un clin d&rsquo;oeil !<\/em><\/div>\n<\/td>\n<\/tr>\n<tr>\n<td style=\"border: 0; padding: 10px 20px;\" valign=\"top\">\n<h5>BasketClubs.be<\/h5>\n<p><img decoding=\"async\" class=\"\" title=\"logo-basketclubs-24\" src=\"https:\/\/www.basketclubs.be\/chicagobulls\/wp-content\/uploads\/sites\/6\/2014\/08\/logo-basketclubs-24.png\" alt=\"\" \/><\/p>\n<div><em>Un site de basket pour votre club en un clin d&rsquo;oeil !<\/em><\/div>\n<\/td>\n<td style=\"border: 0; padding: 10px 20px;\" valign=\"top\">\n<h5>BasketClubs.be<\/h5>\n<p><img decoding=\"async\" class=\"\" title=\"logo-basketclubs-24\" src=\"https:\/\/www.basketclubs.be\/chicagobulls\/wp-content\/uploads\/sites\/6\/2014\/08\/logo-basketclubs-24.png\" alt=\"\" \/><\/p>\n<div><em>Un site de basket pour votre club en un clin d&rsquo;oeil !<\/em><\/div>\n<\/td>\n<td style=\"border: 0; padding: 10px 20px;\" valign=\"top\">\n<h5>BasketClubs.be<\/h5>\n<p><img decoding=\"async\" class=\"\" title=\"logo-basketclubs-24\" src=\"https:\/\/www.basketclubs.be\/chicagobulls\/wp-content\/uploads\/sites\/6\/2014\/08\/logo-basketclubs-24.png\" alt=\"\" \/><\/p>\n<div><em>Un site de basket pour votre club en un clin d&rsquo;oeil !<\/em><\/div>\n<\/td>\n<td style=\"border: 0; padding: 10px 20px;\" valign=\"top\">\n<h5>BasketClubs.be<\/h5>\n<p><img decoding=\"async\" class=\"\" title=\"logo-basketclubs-24\" src=\"https:\/\/www.basketclubs.be\/chicagobulls\/wp-content\/uploads\/sites\/6\/2014\/08\/logo-basketclubs-24.png\" alt=\"\" \/><\/p>\n<div><em>Un site de basket pour votre club en un clin d&rsquo;oeil !<\/em><\/div>\n<\/td>\n<\/tr>\n<\/tbody>\n<\/table>\n<p>&nbsp;<\/p>\n","protected":false},"excerpt":{"rendered":"<p>L\u2019outil de cr\u00e9ation de sites internet pour les clubs de basket AWBB et VBL. &nbsp; FACILE &#8211; Cr\u00e9ez votre site et g\u00e9rez son contenu vous-m\u00eame gr\u00e2ce \u00e0 une interface simple et intuitive. B\u00e9n\u00e9ficiez d\u2019une grande autonomie, sans qu\u2019aucune connaissance technique ne soit requise ! RAPIDE &#8211; Recevez votre site en quelques instants, et prenez en [&hellip;]<\/p>\n","protected":false},"author":4,"featured_media":0,"parent":0,"menu_order":0,"comment_status":"closed","ping_status":"closed","template":"page-templates\/page-sponsors.php","meta":{"footnotes":""},"class_list":["post-45","page","type-page","status-publish","hentry"],"_links":{"self":[{"href":"https:\/\/www.basketclubs.be\/chicagobulls\/wp-json\/wp\/v2\/pages\/45","targetHints":{"allow":["GET"]}}],"collection":[{"href":"https:\/\/www.basketclubs.be\/chicagobulls\/wp-json\/wp\/v2\/pages"}],"about":[{"href":"https:\/\/www.basketclubs.be\/chicagobulls\/wp-json\/wp\/v2\/types\/page"}],"author":[{"embeddable":true,"href":"https:\/\/www.basketclubs.be\/chicagobulls\/wp-json\/wp\/v2\/users\/4"}],"replies":[{"embeddable":true,"href":"https:\/\/www.basketclubs.be\/chicagobulls\/wp-json\/wp\/v2\/comments?post=45"}],"version-history":[{"count":15,"href":"https:\/\/www.basketclubs.be\/chicagobulls\/wp-json\/wp\/v2\/pages\/45\/revisions"}],"predecessor-version":[{"id":377,"href":"https:\/\/www.basketclubs.be\/chicagobulls\/wp-json\/wp\/v2\/pages\/45\/revisions\/377"}],"wp:attachment":[{"href":"https:\/\/www.basketclubs.be\/chicagobulls\/wp-json\/wp\/v2\/media?parent=45"}],"curies":[{"name":"wp","href":"https:\/\/api.w.org\/{rel}","templated":true}]}}