{"id":7,"date":"2014-08-06T13:56:32","date_gmt":"2014-08-06T11:56:32","guid":{"rendered":"https:\/\/www.basketclubs.be\/chicagobulls\/?page_id=7"},"modified":"2015-08-02T20:08:45","modified_gmt":"2015-08-02T18:08:45","slug":"records","status":"publish","type":"page","link":"https:\/\/www.basketclubs.be\/chicagobulls\/records\/","title":{"rendered":"Palmar\u00e8s"},"content":{"rendered":"<p>Les Chicago Bulls ont \u00e9t\u00e9 6 fois Champions NBA, 6 fois\u00a0Champions de la\u00a0<a title=\"Conf\u00e9rence Est de NBA\" href=\"http:\/\/fr.wikipedia.org\/wiki\/Conf%C3%A9rence_Est_de_NBA\">Conf\u00e9rence Est<\/a>\u00a0et 9 fois\u00a0Champions de la\u00a0<a title=\"Division Centrale de NBA\" href=\"http:\/\/fr.wikipedia.org\/wiki\/Division_Centrale_de_NBA\">Division Centrale<\/a>.<\/p>\n<p><span style=\"color: #252525;\">Lorem ipsum dolor sit amet, consectetur adipisicing elit, sed do eiusmod tempor incididunt ut labore et dolore magna aliqua. Ut enim ad minim veniam, quis nostrud exercitation ullamco laboris nisi ut aliquip ex ea commodo consequat. Duis aute irure dolor in reprehenderit in voluptate velit esse cillum dolore eu fugiat nulla pariatur. Excepteur sint occaecat cupidatat non proident, sunt in culpa qui officia deserunt mollit anim id est laborum.<\/span><\/p>\n","protected":false},"excerpt":{"rendered":"<p>Les Chicago Bulls ont \u00e9t\u00e9 6 fois Champions NBA, 6 fois\u00a0Champions de la\u00a0Conf\u00e9rence Est\u00a0et 9 fois\u00a0Champions de la\u00a0Division Centrale. Lorem ipsum dolor sit amet, consectetur adipisicing elit, sed do eiusmod tempor incididunt ut labore et dolore magna aliqua. Ut enim ad minim veniam, quis nostrud exercitation ullamco laboris nisi ut aliquip ex ea commodo consequat. [&hellip;]<\/p>\n","protected":false},"author":4,"featured_media":0,"parent":0,"menu_order":0,"comment_status":"closed","ping_status":"closed","template":"page-templates\/page-records.php","meta":{"footnotes":""},"class_list":["post-7","page","type-page","status-publish","hentry"],"_links":{"self":[{"href":"https:\/\/www.basketclubs.be\/chicagobulls\/wp-json\/wp\/v2\/pages\/7","targetHints":{"allow":["GET"]}}],"collection":[{"href":"https:\/\/www.basketclubs.be\/chicagobulls\/wp-json\/wp\/v2\/pages"}],"about":[{"href":"https:\/\/www.basketclubs.be\/chicagobulls\/wp-json\/wp\/v2\/types\/page"}],"author":[{"embeddable":true,"href":"https:\/\/www.basketclubs.be\/chicagobulls\/wp-json\/wp\/v2\/users\/4"}],"replies":[{"embeddable":true,"href":"https:\/\/www.basketclubs.be\/chicagobulls\/wp-json\/wp\/v2\/comments?post=7"}],"version-history":[{"count":7,"href":"https:\/\/www.basketclubs.be\/chicagobulls\/wp-json\/wp\/v2\/pages\/7\/revisions"}],"predecessor-version":[{"id":393,"href":"https:\/\/www.basketclubs.be\/chicagobulls\/wp-json\/wp\/v2\/pages\/7\/revisions\/393"}],"wp:attachment":[{"href":"https:\/\/www.basketclubs.be\/chicagobulls\/wp-json\/wp\/v2\/media?parent=7"}],"curies":[{"name":"wp","href":"https:\/\/api.w.org\/{rel}","templated":true}]}}