{"id":30,"date":"2026-02-17T18:12:48","date_gmt":"2026-02-17T17:12:48","guid":{"rendered":"https:\/\/www.basketclubs.be\/giantsbraives\/?page_id=30"},"modified":"2026-02-17T18:15:46","modified_gmt":"2026-02-17T17:15:46","slug":"the-club-2","status":"publish","type":"page","link":"https:\/\/www.basketclubs.be\/giantsbraives\/the-club-2\/","title":{"rendered":"Cotisations"},"content":{"rendered":"<p>Le montant de cette\u00a0<u>cotisation\u00a0<\/u>est fix\u00e9 pour l\u2019ann\u00e9e 2025-2026 :<\/p>\n<table>\n<tbody>\n<tr>\n<td>CATEGORIE<\/td>\n<td>Paiement avant 31\/10<\/td>\n<td>Paiement apr\u00e8s 31\/10<\/td>\n<\/tr>\n<tr>\n<td>Baby<\/td>\n<td>160 \u20ac<\/td>\n<td>180 \u20ac<\/td>\n<\/tr>\n<tr>\n<td>U7 *<\/td>\n<td>215 \u20ac<\/td>\n<td>235 \u20ac<\/td>\n<\/tr>\n<tr>\n<td>U8 \u00e0 U18 PRO<\/td>\n<td>\n<p>270 \u20ac &#8211; 2 entra\u00eenements<\/p>\n<p>300 \u20ac &#8211; 3 entra\u00eenements<\/td>\n<td>\n<p>290 \u20ac &#8211; 2 entra\u00eenements<\/p>\n<p>320 \u20ac &#8211; 3 entra\u00eenements<\/td>\n<\/tr>\n<tr>\n<td>U14 AWBB<\/td>\n<td>320 \u20ac<\/td>\n<td>340 \u20ac<\/td>\n<\/tr>\n<tr>\n<td>P3 Dames<\/td>\n<td>240 \u20ac<\/td>\n<td>260 \u20ac<\/td>\n<\/tr>\n<tr>\n<td>P4 Hommes<\/td>\n<td>240 \u20ac<\/td>\n<td>260 \u20ac<\/td>\n<\/tr>\n<\/tbody>\n<\/table>\n<p>*U7 = si 2 entrainements, cotisation U8 \u00e0 U18.<\/p>\n<p>Pour tous les joueurs, une r\u00e9duction suppl\u00e9mentaire de 30,00 \u20ac est \u00e9galement appliqu\u00e9e pour les 2\u00e8mes joueurs (et suivant).<\/p>\n<p>Le paiement de la\u00a0cotisation\u00a02025-2026 doit \u00eatre effectu\u00e9 sur le compte BE32 2400 8563 1402\u00a0(Giants Braives) en indiquant le nom et pr\u00e9nom du joueur.<\/p>\n<p><strong>Notez que votre mutuelle peut intervenir pour une partie de la\u00a0cotisation. N\u2019h\u00e9sitez pas \u00e0 transmettre vos documents \u00e0 compl\u00e9ter au secr\u00e9tariat.<\/strong><\/p>\n<p>En cas de difficult\u00e9, un arrangement est toujours envisageable.\u00a0Contactez un membre du comit\u00e9 pour en parler.<\/p>\n","protected":false},"excerpt":{"rendered":"<p>Le montant de cette\u00a0cotisation\u00a0est fix\u00e9 pour l\u2019ann\u00e9e 2025-2026 : CATEGORIE Paiement avant 31\/10 Paiement apr\u00e8s 31\/10 Baby 160 \u20ac 180 \u20ac U7 * 215 \u20ac 235 \u20ac U8 \u00e0 U18 PRO 270 \u20ac &#8211; 2 entra\u00eenements 300 \u20ac &#8211; 3 entra\u00eenements 290 \u20ac &#8211; 2 entra\u00eenements 320 \u20ac &#8211; 3 entra\u00eenements U14 AWBB 320 \u20ac [&hellip;]<\/p>\n","protected":false},"author":173,"featured_media":0,"parent":0,"menu_order":0,"comment_status":"closed","ping_status":"closed","template":"page-templates\/page-free.php","meta":{"footnotes":""},"class_list":["post-30","page","type-page","status-publish","hentry"],"_links":{"self":[{"href":"https:\/\/www.basketclubs.be\/giantsbraives\/wp-json\/wp\/v2\/pages\/30","targetHints":{"allow":["GET"]}}],"collection":[{"href":"https:\/\/www.basketclubs.be\/giantsbraives\/wp-json\/wp\/v2\/pages"}],"about":[{"href":"https:\/\/www.basketclubs.be\/giantsbraives\/wp-json\/wp\/v2\/types\/page"}],"author":[{"embeddable":true,"href":"https:\/\/www.basketclubs.be\/giantsbraives\/wp-json\/wp\/v2\/users\/173"}],"replies":[{"embeddable":true,"href":"https:\/\/www.basketclubs.be\/giantsbraives\/wp-json\/wp\/v2\/comments?post=30"}],"version-history":[{"count":2,"href":"https:\/\/www.basketclubs.be\/giantsbraives\/wp-json\/wp\/v2\/pages\/30\/revisions"}],"predecessor-version":[{"id":416,"href":"https:\/\/www.basketclubs.be\/giantsbraives\/wp-json\/wp\/v2\/pages\/30\/revisions\/416"}],"wp:attachment":[{"href":"https:\/\/www.basketclubs.be\/giantsbraives\/wp-json\/wp\/v2\/media?parent=30"}],"curies":[{"name":"wp","href":"https:\/\/api.w.org\/{rel}","templated":true}]}}