{"id":31,"date":"2026-02-17T18:13:10","date_gmt":"2026-02-17T17:13:10","guid":{"rendered":"https:\/\/www.basketclubs.be\/giantsbraives\/?page_id=31"},"modified":"2026-02-17T18:18:08","modified_gmt":"2026-02-17T17:18:08","slug":"the-club-3","status":"publish","type":"page","link":"https:\/\/www.basketclubs.be\/giantsbraives\/the-club-3\/","title":{"rendered":"Documents"},"content":{"rendered":"<p>Ci-apr\u00e8s le lien vers les documents importants de l&rsquo;AWBB :<\/p>\n<p><a href=\"http:\/\/www.awbb.be\/formulaires-pour-les-clubs\/\">Documents importants pour le club<\/a><\/p>\n<p><strong>CERTIFICAT MEDICAL<\/strong><\/p>\n<p>Le certificat m\u00e9dical est obligatoire \u00e0 partir de la cat\u00e9gorie U12. Pour les plus jeunes, il est vivement conseill\u00e9.<\/p>\n<p>Vous trouverez le document <a href=\"https:\/\/www.awbb.be\/wp-content\/uploads\/2025\/04\/CM2526.pdf\">ci-joint<\/a> \u00e0 faire compl\u00e9ter par votre m\u00e9decin (signature + cachet).<\/p>\n<p>Il faut compl\u00e9ter toutes les zones (nom, pr\u00e9nom, date et lieu de naissance ainsi que l\u2019adresse postale).<\/p>\n<p>Le document doit \u00eatre dat\u00e9 et sign\u00e9. Pour les moins de 18 ans, il doit \u00eatre sign\u00e9 par le joueur <strong><u>et<\/u><\/strong> un repr\u00e9sentant l\u00e9gal\u00a0!!<\/p>\n<p>Il doit \u00eatre scann\u00e9 \/ photographi\u00e9 et envoy\u00e9 par email \u00e0 <a href=\"mailto:giantsbraives@outlook.be\">giantsbraives@outlook.be<\/a> puis puis transmis \u00e0 l\u2019entraineur ou \u00e0 un membre du comit\u00e9 le plus rapidement possible, <u>dans tous les cas avant le 1er match<\/u>. Il sera alors ajout\u00e9 \u00e0 la licence AWBB et ne devra plus \u00eatre pr\u00e9sent\u00e9 lors des matchs. Vous pouvez fournir plusieurs exemplaires si vous jouez dans plusieurs \u00e9quipes.<\/p>\n<p>ATTENTION\u00a0! Ni les certificats libres, ni les certificats de l\u2019ann\u00e9e pr\u00e9c\u00e9dente ne sont accept\u00e9s par l\u2019AWBB.<\/p>\n<p>&nbsp;<\/p>\n","protected":false},"excerpt":{"rendered":"<p>Ci-apr\u00e8s le lien vers les documents importants de l&rsquo;AWBB : Documents importants pour le club CERTIFICAT MEDICAL Le certificat m\u00e9dical est obligatoire \u00e0 partir de la cat\u00e9gorie U12. Pour les plus jeunes, il est vivement conseill\u00e9. Vous trouverez le document ci-joint \u00e0 faire compl\u00e9ter par votre m\u00e9decin (signature + cachet). Il faut compl\u00e9ter toutes les [&hellip;]<\/p>\n","protected":false},"author":173,"featured_media":0,"parent":0,"menu_order":0,"comment_status":"closed","ping_status":"closed","template":"page-templates\/page-free.php","meta":{"footnotes":""},"class_list":["post-31","page","type-page","status-publish","hentry"],"_links":{"self":[{"href":"https:\/\/www.basketclubs.be\/giantsbraives\/wp-json\/wp\/v2\/pages\/31","targetHints":{"allow":["GET"]}}],"collection":[{"href":"https:\/\/www.basketclubs.be\/giantsbraives\/wp-json\/wp\/v2\/pages"}],"about":[{"href":"https:\/\/www.basketclubs.be\/giantsbraives\/wp-json\/wp\/v2\/types\/page"}],"author":[{"embeddable":true,"href":"https:\/\/www.basketclubs.be\/giantsbraives\/wp-json\/wp\/v2\/users\/173"}],"replies":[{"embeddable":true,"href":"https:\/\/www.basketclubs.be\/giantsbraives\/wp-json\/wp\/v2\/comments?post=31"}],"version-history":[{"count":2,"href":"https:\/\/www.basketclubs.be\/giantsbraives\/wp-json\/wp\/v2\/pages\/31\/revisions"}],"predecessor-version":[{"id":417,"href":"https:\/\/www.basketclubs.be\/giantsbraives\/wp-json\/wp\/v2\/pages\/31\/revisions\/417"}],"wp:attachment":[{"href":"https:\/\/www.basketclubs.be\/giantsbraives\/wp-json\/wp\/v2\/media?parent=31"}],"curies":[{"name":"wp","href":"https:\/\/api.w.org\/{rel}","templated":true}]}}