{"id":40,"date":"2026-02-17T18:07:01","date_gmt":"2026-02-17T17:07:01","guid":{"rendered":"https:\/\/www.basketclubs.be\/giantsbraives\/?page_id=40"},"modified":"2026-02-17T18:10:49","modified_gmt":"2026-02-17T17:10:49","slug":"infos-2","status":"publish","type":"page","link":"https:\/\/www.basketclubs.be\/giantsbraives\/infos-2\/","title":{"rendered":"Boutique en ligne"},"content":{"rendered":"<p>Grande nouvelle pour tous les passionn\u00e9s des Giants Braives\u00a0!<\/p>\n<p>Nous sommes fiers de vous annoncer l\u2019ouverture officielle de notre boutique en ligne\u00a0!<\/p>\n<p>Retrouvez d\u00e8s maintenant notre ligne de v\u00eatements et de goodies aux couleurs du club\u00a0: tenues, accessoires et articles exclusifs pour afficher fi\u00e8rement votre soutien.<\/p>\n<p>Et ce n\u2019est qu\u2019un d\u00e9but\u00a0: la boutique sera r\u00e9guli\u00e8rement enrichie de nouveaut\u00e9s, au fil des saisons et des \u00e9v\u00e9nements du club. Restez connect\u00e9s\u00a0!<\/p>\n<p>Cette boutique est rendue possible gr\u00e2ce \u00e0 notre partenaire TEAMMATE\u00a0: <a href=\"http:\/\/www.team-mate.be\">www.team-mate.be<\/a><\/p>\n<p>Expert dans\u00a0:<\/p>\n<ul>\n<li>La conception et la personnalisation d\u2019\u00e9quipements<\/li>\n<li>La cr\u00e9ation de tenues, accessoires et textiles sportifs<\/li>\n<li>Des solutions sur mesure adapt\u00e9es \u00e0 vois besoins<\/li>\n<\/ul>\n<p>D\u00e9couvrez la collection en ligne d\u00e8s aujourd\u2019hui\u00a0en cliquant sur le lien ci-dessous ou en scannant le QR code\u00a0: <a href=\"https:\/\/tinyurl.com\/GiantsBraives\">https:\/\/tinyurl.com\/GiantsBraives<\/a><\/p>\n<p>(Frais de livraison r\u00e9duits \u00e0 partir de 150\u20ac de commandes, donc n&rsquo;h\u00e9sitez pas \u00e0 faire des commandes group\u00e9es)<\/p>\n<p>Merci pour votre soutien, ensemble nous faisons grandir notre club\u00a0!<\/p>\n","protected":false},"excerpt":{"rendered":"<p>Grande nouvelle pour tous les passionn\u00e9s des Giants Braives\u00a0! Nous sommes fiers de vous annoncer l\u2019ouverture officielle de notre boutique en ligne\u00a0! Retrouvez d\u00e8s maintenant notre ligne de v\u00eatements et de goodies aux couleurs du club\u00a0: tenues, accessoires et articles exclusifs pour afficher fi\u00e8rement votre soutien. Et ce n\u2019est qu\u2019un d\u00e9but\u00a0: la boutique sera r\u00e9guli\u00e8rement [&hellip;]<\/p>\n","protected":false},"author":173,"featured_media":0,"parent":0,"menu_order":0,"comment_status":"closed","ping_status":"closed","template":"page-templates\/page-free.php","meta":{"footnotes":""},"class_list":["post-40","page","type-page","status-publish","hentry"],"_links":{"self":[{"href":"https:\/\/www.basketclubs.be\/giantsbraives\/wp-json\/wp\/v2\/pages\/40","targetHints":{"allow":["GET"]}}],"collection":[{"href":"https:\/\/www.basketclubs.be\/giantsbraives\/wp-json\/wp\/v2\/pages"}],"about":[{"href":"https:\/\/www.basketclubs.be\/giantsbraives\/wp-json\/wp\/v2\/types\/page"}],"author":[{"embeddable":true,"href":"https:\/\/www.basketclubs.be\/giantsbraives\/wp-json\/wp\/v2\/users\/173"}],"replies":[{"embeddable":true,"href":"https:\/\/www.basketclubs.be\/giantsbraives\/wp-json\/wp\/v2\/comments?post=40"}],"version-history":[{"count":3,"href":"https:\/\/www.basketclubs.be\/giantsbraives\/wp-json\/wp\/v2\/pages\/40\/revisions"}],"predecessor-version":[{"id":413,"href":"https:\/\/www.basketclubs.be\/giantsbraives\/wp-json\/wp\/v2\/pages\/40\/revisions\/413"}],"wp:attachment":[{"href":"https:\/\/www.basketclubs.be\/giantsbraives\/wp-json\/wp\/v2\/media?parent=40"}],"curies":[{"name":"wp","href":"https:\/\/api.w.org\/{rel}","templated":true}]}}