{"id":28,"date":"2021-03-14T14:44:16","date_gmt":"2021-03-14T13:44:16","guid":{"rendered":"https:\/\/www.basketclubs.be\/hoopsbasket\/?page_id=28"},"modified":"2021-03-14T14:44:16","modified_gmt":"2021-03-14T13:44:16","slug":"sport-centers","status":"publish","type":"page","link":"https:\/\/www.basketclubs.be\/hoopsbasket\/sport-centers\/","title":{"rendered":"Nos infras"},"content":{"rendered":"<p>\u00ab\u00a0HOOPS\u00a0\u00bb a \u00e9lu domicile au Centre Omnisports de Jette, avenue du Comt\u00e9 de Jette 3 \u00e0 1090 Bruxelles. Situ\u00e9 au Nord-Ouest de la capitale, le Centre inaugur\u00e9 en septembre 2016 dispose de 3 terrains aux normes FIBA, ainsi que de plusieurs autres salles sportives (gymnastique, psychomotricit\u00e9, escalade, danse) et d&rsquo;une caf\u00e9t\u00e9ria.<\/p>\n<p>Face au Centre Omnisports de Jette, le Parc de la Jeunesse avec son c\u00e9l\u00e8bre playground et un terrain de tennis d\u00e9di\u00e9 au basket en p\u00e9riode printani\u00e8re et estivale.<\/p>\n","protected":false},"excerpt":{"rendered":"<p>\u00ab\u00a0HOOPS\u00a0\u00bb a \u00e9lu domicile au Centre Omnisports de Jette, avenue du Comt\u00e9 de Jette 3 \u00e0 1090 Bruxelles. Situ\u00e9 au Nord-Ouest de la capitale, le Centre inaugur\u00e9 en septembre 2016 dispose de 3 terrains aux normes FIBA, ainsi que de plusieurs autres salles sportives (gymnastique, psychomotricit\u00e9, escalade, danse) et d&rsquo;une caf\u00e9t\u00e9ria. Face au Centre Omnisports [&hellip;]<\/p>\n","protected":false},"author":311,"featured_media":0,"parent":0,"menu_order":0,"comment_status":"closed","ping_status":"closed","template":"page-templates\/page-sport-centers.php","meta":{"footnotes":""},"class_list":["post-28","page","type-page","status-publish","hentry"],"_links":{"self":[{"href":"https:\/\/www.basketclubs.be\/hoopsbasket\/wp-json\/wp\/v2\/pages\/28","targetHints":{"allow":["GET"]}}],"collection":[{"href":"https:\/\/www.basketclubs.be\/hoopsbasket\/wp-json\/wp\/v2\/pages"}],"about":[{"href":"https:\/\/www.basketclubs.be\/hoopsbasket\/wp-json\/wp\/v2\/types\/page"}],"author":[{"embeddable":true,"href":"https:\/\/www.basketclubs.be\/hoopsbasket\/wp-json\/wp\/v2\/users\/311"}],"replies":[{"embeddable":true,"href":"https:\/\/www.basketclubs.be\/hoopsbasket\/wp-json\/wp\/v2\/comments?post=28"}],"version-history":[{"count":2,"href":"https:\/\/www.basketclubs.be\/hoopsbasket\/wp-json\/wp\/v2\/pages\/28\/revisions"}],"predecessor-version":[{"id":148,"href":"https:\/\/www.basketclubs.be\/hoopsbasket\/wp-json\/wp\/v2\/pages\/28\/revisions\/148"}],"wp:attachment":[{"href":"https:\/\/www.basketclubs.be\/hoopsbasket\/wp-json\/wp\/v2\/media?parent=28"}],"curies":[{"name":"wp","href":"https:\/\/api.w.org\/{rel}","templated":true}]}}