{"id":10,"date":"2015-11-18T21:38:10","date_gmt":"2015-11-18T19:38:10","guid":{"rendered":"https:\/\/www.basketclubs.be\/jeunessebaskethotton\/?page_id=10"},"modified":"2021-07-06T20:16:25","modified_gmt":"2021-07-06T18:16:25","slug":"the-club-2","status":"publish","type":"page","link":"https:\/\/www.basketclubs.be\/jeunessebaskethotton\/the-club-2\/","title":{"rendered":"Le mot de bienvenue !"},"content":{"rendered":"<address>\u00a0Chers parents,<\/address>\n<p>Depuis maintenant quelques ann\u00e9es, le village de Hotton peut compter sur notre club familial et convivial pour d\u00e9fendre ses couleurs dans le domaine du Basketball. Nous vous souhaitons la bienvenue \u00e0 la J-B-H (Jeunesse Basket Hotton).<\/p>\n<p>Vous venez d\u2019inscrire (ou de r\u00e9inscrire) votre (vos) enfant(s) pour la saison <strong>2021-2022<\/strong>\u00a0et nous vous en remercions chaleureusement. Nous esp\u00e9rons que cette saison vous apportera beaucoup de satisfactions.<\/p>\n<p><strong>Cette saison sera marqu\u00e9e par une nouvelle exp\u00e9rience pour notre club.<br \/>\n<\/strong><\/p>\n<ul>\n<li><strong>En effet, la JBH a l&rsquo;honneur d&rsquo;aligner, cette ann\u00e9e non seulement une \u00e9quipe s\u00e9nior masculine en 3\u00e8me Provinciale mais \u00e9galement une \u00e9quipe s\u00e9nior f\u00e9minine en 2\u00e8me Provinciale.<\/strong><\/li>\n<li><strong>Notre club \u00e9voluera dans le championnat de la province de Namur. Ceci donnera \u00e0 nos jeunes l&rsquo;opportunit\u00e9 de se forger une exp\u00e9rience outre nos fronti\u00e8res provinciales.<\/strong><\/li>\n<\/ul>\n<p><strong> Le comit\u00e9 mettra tout en \u0153uvre pour que cette saison 2021-2022 se d\u00e9roule dans les meilleures conditions.<\/strong><\/p>\n<p>Si les joueurs et joueuses ainsi que les entra\u00eeneurs constituent la partie sportive et certainement la plus importante d&rsquo;un club sportif, la J-B-H ne pourrait survivre sans l&rsquo;investissement des parents et des b\u00e9n\u00e9voles sympathisants au club.<br \/>\nEn effet, pour que cette nouvelle saison se d\u00e9roule sans le moindre tracas pour les joueurs, tout ce petit monde doit travailler dans la bonne humeur et en parfaite symbiose durant toute l&rsquo;ann\u00e9e sportive. C&rsquo;est pourquoi nous vous demandons un minimum d&rsquo;investissement dans l&rsquo;encadrement de l&rsquo;\u00e9quipe de vos enfants.<\/p>\n<p>Id\u00e9alement, chaque cat\u00e9gorie devra poss\u00e9der son <strong>\u00ab\u00a0D\u00e9l\u00e9gu\u00e9 d&rsquo;\u00e9quipe\u00a0\u00bb<\/strong>. Son r\u00f4le sera surtout organisationnel lors des rencontres de\u00a0son \u00e9quipe. Il veillera :<\/p>\n<ol>\n<li>A organiser une tournante\u00a0pour le nettoyage des vareuses et gourdes de son groupe.<\/li>\n<li>Pour chaque match \u00e0 domicile :\n<ul>\n<li>\u00e0 accueillir l&rsquo;\u00e9quipe adverse ainsi que les arbitres.<\/li>\n<li>\u00e0 pr\u00e9parer la feuille de match.<\/li>\n<li>\u00e0 pr\u00e9voir deux \u00e0 trois personnes,\u00a0en fonction de la cat\u00e9gorie de l&rsquo;\u00e9quipe, pour tenir les r\u00f4les\u00a0officiels de <b>\u00ab\u00a0d\u00e9l\u00e9gu\u00e9 au banc<\/b><strong>\u00ab\u00a0<\/strong>, <strong>\u00ab\u00a0Chrono\u00a0\u00bb<\/strong> et\u00a0 <strong>\u00ab\u00a024-14 secondes\u00a0\u00bb<\/strong>.<\/li>\n<li><strong>au ramassage de la feuille de match et \u00e0 la transmission\u00a0de celle-ci au secr\u00e9taire<\/strong>.<\/li>\n<\/ul>\n<\/li>\n<li>Pour chaque match en d\u00e9placement:\n<ul>\n<li>\u00e0 pr\u00e9voir deux personnes\u00a0pour tenir les r\u00f4les officiels de <strong>\u00ab\u00a0<\/strong><b>d\u00e9l\u00e9gu\u00e9 au banc\u00a0\u00bb<\/b> et de <strong>\u00ab\u00a0marqueur de la feuille de match\u00a0\u00bb<\/strong>.<\/li>\n<\/ul>\n<\/li>\n<\/ol>\n<p>Ces t\u00e2ches ne sont pas tr\u00e8s compliqu\u00e9es mais il est indispensable d\u2019effectuer une tournante dans le groupe des parents afin que celles-ci ne deviennent pas une corv\u00e9e pour l&rsquo;un d&rsquo;entre eux.\u00a0Des s\u00e9ances d\u2019informations et d&rsquo;initiations \u00e0 ces t\u00e2ches peuvent \u00eatre organis\u00e9es sur demande au comit\u00e9.<\/p>\n<p>Nous vous rappelons \u00e9galement que, pour le bon fonctionnement de chaque \u00e9quipe, le coach compte \u00e9videmment sur chacun de ses petits basketteurs. En effet, si votre enfant devait \u00eatre absent pour quelque raison qu\u2019il soit lors d&rsquo;un entra\u00eenement ou d&rsquo;un match, merci d\u2019en avertir le coach par sms ou t\u00e9l\u00e9phone (voir la rubrique\u00a0 \u00ab\u00a0<a href=\"https:\/\/www.basketclubs.be\/jeunessebaskethotton\/coaches\/\" target=\"_blank\" rel=\"noopener\">entra\u00eeneurs<\/a>\u00ab\u00a0).<\/p>\n<p>Pour terminer, comme chaque ann\u00e9e, notre club organise plusieurs activit\u00e9s qui constituent les seules rentr\u00e9es du club. En voici quelques dates:<\/p>\n<ul>\n<li><strong>Pr\u00e9sentation des \u00e9quipes du club:\u00a0<\/strong><\/li>\n<li><strong>Souper Spaghetti \u00e0\u00a0 l&rsquo;occasion de la Saint-Nicolas:\u00a0<\/strong><\/li>\n<li><strong>Souper Club (buffet raclette):\u00a0<\/strong><\/li>\n<li><strong>Marche ADEPS et F\u00eate du Club (matchs amicaux):\u00a0<\/strong><\/li>\n<li><b>Carnaval de\u00a0 Hotton: en avril<\/b><\/li>\n<\/ul>\n<p>Nous y avons toujours besoin d\u2019aide afin que tout se d\u00e9roule au mieux. N\u2019h\u00e9sitez pas \u00e0 proposer un coup de main en contactant l\u2019un des membres du <a href=\"https:\/\/www.basketclubs.be\/jeunessebaskethotton\/committee\/\" target=\"_blank\" rel=\"noopener\">comit\u00e9.<\/a><br \/>\nToutes ces manifestations seront rappel\u00e9es durant la saison. Surveillez r\u00e9guli\u00e8rement notre <strong><u>tableau d&rsquo;affichage<\/u><\/strong><u><\/u>, ainsi que <strong><span style=\"text-decoration: underline\">ce site<\/span> <\/strong>gr\u00e2ce auquel vous pouvez \u00eatre tenu inform\u00e9 de toutes informations ou activit\u00e9s via un simple clic sur le lien! N&rsquo;h\u00e9sitez pas \u00e0 prendre \u00e9galement la plume pour r\u00e9diger un commentaire de match ou autre. Nous collectons aussi vos photos de matchs ou des activit\u00e9s club pour agr\u00e9menter ce site.<\/p>\n<p>Pour toute autre information, n\u2019h\u00e9sitez pas \u00e0 contacter un membre du <a href=\"https:\/\/www.basketclubs.be\/jeunessebaskethotton\/committee\/\" target=\"_blank\" rel=\"noopener\">comit\u00e9<\/a>.<\/p>\n<p><strong>\u00a0<\/strong>En esp\u00e9rant vous rencontrer tr\u00e8s nombreux lors des diff\u00e9rentes manifestations, le comit\u00e9 de la J-B-H vous remercie d\u2019avance pour tout ce que vous ferez.<\/p>\n<p>Le comit\u00e9<img loading=\"lazy\" decoding=\"async\" class=\" size-medium wp-image-58 aligncenter\" src=\"https:\/\/www.basketclubs.be\/jeunessebaskethotton\/wp-content\/uploads\/sites\/62\/2015\/10\/LOGO-copie-300x212.jpg\" alt=\"LOGO copie\" width=\"300\" height=\"212\" \/><\/p>\n","protected":false},"excerpt":{"rendered":"<p>\u00a0Chers parents, Depuis maintenant quelques ann\u00e9es, le village de Hotton peut compter sur notre club familial et convivial pour d\u00e9fendre ses couleurs dans le domaine du Basketball. Nous vous souhaitons la bienvenue \u00e0 la J-B-H (Jeunesse Basket Hotton). Vous venez d\u2019inscrire (ou de r\u00e9inscrire) votre (vos) enfant(s) pour la saison 2021-2022\u00a0et nous vous en remercions [&hellip;]<\/p>\n","protected":false},"author":70,"featured_media":0,"parent":0,"menu_order":0,"comment_status":"closed","ping_status":"closed","template":"page-templates\/page-free.php","meta":{"footnotes":""},"class_list":["post-10","page","type-page","status-publish","hentry"],"_links":{"self":[{"href":"https:\/\/www.basketclubs.be\/jeunessebaskethotton\/wp-json\/wp\/v2\/pages\/10","targetHints":{"allow":["GET"]}}],"collection":[{"href":"https:\/\/www.basketclubs.be\/jeunessebaskethotton\/wp-json\/wp\/v2\/pages"}],"about":[{"href":"https:\/\/www.basketclubs.be\/jeunessebaskethotton\/wp-json\/wp\/v2\/types\/page"}],"author":[{"embeddable":true,"href":"https:\/\/www.basketclubs.be\/jeunessebaskethotton\/wp-json\/wp\/v2\/users\/70"}],"replies":[{"embeddable":true,"href":"https:\/\/www.basketclubs.be\/jeunessebaskethotton\/wp-json\/wp\/v2\/comments?post=10"}],"version-history":[{"count":23,"href":"https:\/\/www.basketclubs.be\/jeunessebaskethotton\/wp-json\/wp\/v2\/pages\/10\/revisions"}],"predecessor-version":[{"id":1624,"href":"https:\/\/www.basketclubs.be\/jeunessebaskethotton\/wp-json\/wp\/v2\/pages\/10\/revisions\/1624"}],"wp:attachment":[{"href":"https:\/\/www.basketclubs.be\/jeunessebaskethotton\/wp-json\/wp\/v2\/media?parent=10"}],"curies":[{"name":"wp","href":"https:\/\/api.w.org\/{rel}","templated":true}]}}