{"id":12,"date":"2015-10-25T15:08:22","date_gmt":"2015-10-25T13:08:22","guid":{"rendered":"https:\/\/www.basketclubs.be\/jeunessebaskethotton\/?page_id=12"},"modified":"2022-06-08T21:00:08","modified_gmt":"2022-06-08T19:00:08","slug":"join","status":"publish","type":"page","link":"https:\/\/www.basketclubs.be\/jeunessebaskethotton\/join\/","title":{"rendered":"S&rsquo;inscrire"},"content":{"rendered":"<p><img decoding=\"async\" class=\" aligncenter\" src=\"http:\/\/www.icone-gif.com\/gif\/emoticones\/metier\/emoticones-metiers-067.gif\" alt=\"\" \/><\/p>\n<p>Afin que nous puissions avoir un maximum de renseignements qui permettront de faciliter nos futurs contacts, merci de compl\u00e9ter le \u00ab\u00a0<a href=\"https:\/\/www.basketclubs.be\/jeunessebaskethotton\/wp-content\/uploads\/sites\/62\/2018\/08\/doc-inscription-new-membre.docx\">formulaire d&rsquo;inscription<\/a>\u00a0\u00bb et le faire parvenir par mail au <a href=\"https:\/\/www.basketclubs.be\/jeunessebaskethotton\/committee\/\">secr\u00e9taire de la J-B-H<\/a> ou le remettre \u00e0 l&rsquo;<a href=\"https:\/\/www.basketclubs.be\/jeunessebaskethotton\/coaches\/\">entra\u00eeneur<\/a> lors du 1er entra\u00eenement.<\/p>\n<p>Il est \u00e9galement n\u00e9cessaire de fournir un <a href=\"https:\/\/www.awbb.be\/wp-content\/uploads\/2022\/04\/CM2223.pdf\">certificat m\u00e9dical d&rsquo;aptitude<\/a> \u00e0 la pratique du Basket-Ball<\/p>\n<p>&nbsp;<\/p>\n","protected":false},"excerpt":{"rendered":"<p>Afin que nous puissions avoir un maximum de renseignements qui permettront de faciliter nos futurs contacts, merci de compl\u00e9ter le \u00ab\u00a0formulaire d&rsquo;inscription\u00a0\u00bb et le faire parvenir par mail au secr\u00e9taire de la J-B-H ou le remettre \u00e0 l&rsquo;entra\u00eeneur lors du 1er entra\u00eenement. Il est \u00e9galement n\u00e9cessaire de fournir un certificat m\u00e9dical d&rsquo;aptitude \u00e0 la pratique [&hellip;]<\/p>\n","protected":false},"author":70,"featured_media":0,"parent":0,"menu_order":0,"comment_status":"closed","ping_status":"closed","template":"page-templates\/page-join.php","meta":{"footnotes":""},"class_list":["post-12","page","type-page","status-publish","hentry"],"_links":{"self":[{"href":"https:\/\/www.basketclubs.be\/jeunessebaskethotton\/wp-json\/wp\/v2\/pages\/12","targetHints":{"allow":["GET"]}}],"collection":[{"href":"https:\/\/www.basketclubs.be\/jeunessebaskethotton\/wp-json\/wp\/v2\/pages"}],"about":[{"href":"https:\/\/www.basketclubs.be\/jeunessebaskethotton\/wp-json\/wp\/v2\/types\/page"}],"author":[{"embeddable":true,"href":"https:\/\/www.basketclubs.be\/jeunessebaskethotton\/wp-json\/wp\/v2\/users\/70"}],"replies":[{"embeddable":true,"href":"https:\/\/www.basketclubs.be\/jeunessebaskethotton\/wp-json\/wp\/v2\/comments?post=12"}],"version-history":[{"count":8,"href":"https:\/\/www.basketclubs.be\/jeunessebaskethotton\/wp-json\/wp\/v2\/pages\/12\/revisions"}],"predecessor-version":[{"id":1706,"href":"https:\/\/www.basketclubs.be\/jeunessebaskethotton\/wp-json\/wp\/v2\/pages\/12\/revisions\/1706"}],"wp:attachment":[{"href":"https:\/\/www.basketclubs.be\/jeunessebaskethotton\/wp-json\/wp\/v2\/media?parent=12"}],"curies":[{"name":"wp","href":"https:\/\/api.w.org\/{rel}","templated":true}]}}