{"id":19,"date":"2015-10-23T17:25:25","date_gmt":"2015-10-23T15:25:25","guid":{"rendered":"https:\/\/www.basketclubs.be\/jeunessebaskethotton\/?page_id=19"},"modified":"2023-09-12T23:17:15","modified_gmt":"2023-09-12T21:17:15","slug":"sponsors","status":"publish","type":"page","link":"https:\/\/www.basketclubs.be\/jeunessebaskethotton\/sponsors\/","title":{"rendered":"Nos Sponsors"},"content":{"rendered":"<h1>\u00a0\u00a0\u00a0\u00a0\u00a0\u00a0N&rsquo;h\u00e9sitez pas \u00e0 faire appel \u00e0 leur savoir faire !!!<\/h1>\n","protected":false},"excerpt":{"rendered":"<p>\u00a0\u00a0\u00a0\u00a0\u00a0\u00a0N&rsquo;h\u00e9sitez pas \u00e0 faire appel \u00e0 leur savoir faire !!!<\/p>\n","protected":false},"author":70,"featured_media":0,"parent":0,"menu_order":0,"comment_status":"closed","ping_status":"closed","template":"page-templates\/page-sponsors.php","meta":{"footnotes":""},"class_list":["post-19","page","type-page","status-publish","hentry"],"_links":{"self":[{"href":"https:\/\/www.basketclubs.be\/jeunessebaskethotton\/wp-json\/wp\/v2\/pages\/19","targetHints":{"allow":["GET"]}}],"collection":[{"href":"https:\/\/www.basketclubs.be\/jeunessebaskethotton\/wp-json\/wp\/v2\/pages"}],"about":[{"href":"https:\/\/www.basketclubs.be\/jeunessebaskethotton\/wp-json\/wp\/v2\/types\/page"}],"author":[{"embeddable":true,"href":"https:\/\/www.basketclubs.be\/jeunessebaskethotton\/wp-json\/wp\/v2\/users\/70"}],"replies":[{"embeddable":true,"href":"https:\/\/www.basketclubs.be\/jeunessebaskethotton\/wp-json\/wp\/v2\/comments?post=19"}],"version-history":[{"count":24,"href":"https:\/\/www.basketclubs.be\/jeunessebaskethotton\/wp-json\/wp\/v2\/pages\/19\/revisions"}],"predecessor-version":[{"id":1767,"href":"https:\/\/www.basketclubs.be\/jeunessebaskethotton\/wp-json\/wp\/v2\/pages\/19\/revisions\/1767"}],"wp:attachment":[{"href":"https:\/\/www.basketclubs.be\/jeunessebaskethotton\/wp-json\/wp\/v2\/media?parent=19"}],"curies":[{"name":"wp","href":"https:\/\/api.w.org\/{rel}","templated":true}]}}