{"id":5,"date":"2015-10-16T17:30:02","date_gmt":"2015-10-16T15:30:02","guid":{"rendered":"https:\/\/www.basketclubs.be\/jeunessebaskethotton\/?page_id=5"},"modified":"2022-09-07T22:31:02","modified_gmt":"2022-09-07T20:31:02","slug":"committee","status":"publish","type":"page","link":"https:\/\/www.basketclubs.be\/jeunessebaskethotton\/committee\/","title":{"rendered":"Comit\u00e9"},"content":{"rendered":"<p>La saison 2021-2022 se termine \u00e0 peine que d\u00e9j\u00e0 le comit\u00e9 se penche sur la saison 2022-2023. Nous mettrons tout en \u0153uvre pour que celle-ci se d\u00e9roule dans les meilleures conditions.<\/p>\n<p>&nbsp;<\/p>\n","protected":false},"excerpt":{"rendered":"<p>La saison 2021-2022 se termine \u00e0 peine que d\u00e9j\u00e0 le comit\u00e9 se penche sur la saison 2022-2023. Nous mettrons tout en \u0153uvre pour que celle-ci se d\u00e9roule dans les meilleures conditions. &nbsp;<\/p>\n","protected":false},"author":70,"featured_media":0,"parent":0,"menu_order":0,"comment_status":"closed","ping_status":"closed","template":"page-templates\/page-committee.php","meta":{"footnotes":""},"class_list":["post-5","page","type-page","status-publish","hentry"],"_links":{"self":[{"href":"https:\/\/www.basketclubs.be\/jeunessebaskethotton\/wp-json\/wp\/v2\/pages\/5","targetHints":{"allow":["GET"]}}],"collection":[{"href":"https:\/\/www.basketclubs.be\/jeunessebaskethotton\/wp-json\/wp\/v2\/pages"}],"about":[{"href":"https:\/\/www.basketclubs.be\/jeunessebaskethotton\/wp-json\/wp\/v2\/types\/page"}],"author":[{"embeddable":true,"href":"https:\/\/www.basketclubs.be\/jeunessebaskethotton\/wp-json\/wp\/v2\/users\/70"}],"replies":[{"embeddable":true,"href":"https:\/\/www.basketclubs.be\/jeunessebaskethotton\/wp-json\/wp\/v2\/comments?post=5"}],"version-history":[{"count":35,"href":"https:\/\/www.basketclubs.be\/jeunessebaskethotton\/wp-json\/wp\/v2\/pages\/5\/revisions"}],"predecessor-version":[{"id":1710,"href":"https:\/\/www.basketclubs.be\/jeunessebaskethotton\/wp-json\/wp\/v2\/pages\/5\/revisions\/1710"}],"wp:attachment":[{"href":"https:\/\/www.basketclubs.be\/jeunessebaskethotton\/wp-json\/wp\/v2\/media?parent=5"}],"curies":[{"name":"wp","href":"https:\/\/api.w.org\/{rel}","templated":true}]}}