{"id":8,"date":"2020-07-07T18:00:14","date_gmt":"2020-07-07T16:00:14","guid":{"rendered":"https:\/\/www.basketclubs.be\/jeunessebaskethotton\/?page_id=8"},"modified":"2023-09-12T22:59:29","modified_gmt":"2023-09-12T20:59:29","slug":"sport-centers","status":"publish","type":"page","link":"https:\/\/www.basketclubs.be\/jeunessebaskethotton\/sport-centers\/","title":{"rendered":"Salles"},"content":{"rendered":"<p><span style=\"color: #ff0000\">Le rev\u00eatement du sol de nos salles ayant \u00e9t\u00e9 r\u00e9nov\u00e9 compl\u00e8tement, il est imp\u00e9ratif de veillez \u00a0\u00e0 vous munir de chaussures destin\u00e9es uniquement \u00e0 la salle (<strong>semelles non tra\u00e7antes<\/strong>). Le personnel de la caf\u00e9t\u00e9ria ainsi que les entra\u00eeneurs veilleront scrupuleusement au respect de cette consigne.<\/span><\/p>\n<p><span style=\"color: #ff0000\">Merci pour votre compr\u00e9hension.\u00a0<\/span><\/p>\n","protected":false},"excerpt":{"rendered":"<p>Le rev\u00eatement du sol de nos salles ayant \u00e9t\u00e9 r\u00e9nov\u00e9 compl\u00e8tement, il est imp\u00e9ratif de veillez \u00a0\u00e0 vous munir de chaussures destin\u00e9es uniquement \u00e0 la salle (semelles non tra\u00e7antes). Le personnel de la caf\u00e9t\u00e9ria ainsi que les entra\u00eeneurs veilleront scrupuleusement au respect de cette consigne. Merci pour votre compr\u00e9hension.\u00a0<\/p>\n","protected":false},"author":70,"featured_media":0,"parent":0,"menu_order":0,"comment_status":"closed","ping_status":"closed","template":"page-templates\/page-sport-centers.php","meta":{"footnotes":""},"class_list":["post-8","page","type-page","status-publish","hentry"],"_links":{"self":[{"href":"https:\/\/www.basketclubs.be\/jeunessebaskethotton\/wp-json\/wp\/v2\/pages\/8","targetHints":{"allow":["GET"]}}],"collection":[{"href":"https:\/\/www.basketclubs.be\/jeunessebaskethotton\/wp-json\/wp\/v2\/pages"}],"about":[{"href":"https:\/\/www.basketclubs.be\/jeunessebaskethotton\/wp-json\/wp\/v2\/types\/page"}],"author":[{"embeddable":true,"href":"https:\/\/www.basketclubs.be\/jeunessebaskethotton\/wp-json\/wp\/v2\/users\/70"}],"replies":[{"embeddable":true,"href":"https:\/\/www.basketclubs.be\/jeunessebaskethotton\/wp-json\/wp\/v2\/comments?post=8"}],"version-history":[{"count":10,"href":"https:\/\/www.basketclubs.be\/jeunessebaskethotton\/wp-json\/wp\/v2\/pages\/8\/revisions"}],"predecessor-version":[{"id":1761,"href":"https:\/\/www.basketclubs.be\/jeunessebaskethotton\/wp-json\/wp\/v2\/pages\/8\/revisions\/1761"}],"wp:attachment":[{"href":"https:\/\/www.basketclubs.be\/jeunessebaskethotton\/wp-json\/wp\/v2\/media?parent=8"}],"curies":[{"name":"wp","href":"https:\/\/api.w.org\/{rel}","templated":true}]}}