{"id":27,"date":"2019-08-12T13:54:52","date_gmt":"2019-08-12T11:54:52","guid":{"rendered":"https:\/\/www.basketclubs.be\/jslbframeries\/?page_id=27"},"modified":"2019-08-12T14:04:58","modified_gmt":"2019-08-12T12:04:58","slug":"practices","status":"publish","type":"page","link":"https:\/\/www.basketclubs.be\/jslbframeries\/practices\/","title":{"rendered":"Entra\u00eenements"},"content":{"rendered":"<p style=\"text-align: center\"><strong>Horaires provisoires des entra\u00eenements saison 2019-2020<\/strong>.<\/p>\n<p style=\"text-align: center\">Des modifications pourront avoir lieu en d\u00e9but de saison en fonction des souhaits des<br \/>\nentra\u00eeneurs et de l&rsquo;occupation de la salle.<\/p>\n<p style=\"text-align: center\">Centre Sportif MAX AUDAIN<\/p>\n<p style=\"text-align: center\">Rue du Chapitre, 3\u00a0 \u00a0&#8211;\u00a0 7080 FRAMERIES<\/p>\n<p>&nbsp;<\/p>\n<p><img loading=\"lazy\" decoding=\"async\" class=\"alignnone wp-image-135\" src=\"https:\/\/www.basketclubs.be\/jslbframeries\/wp-content\/uploads\/sites\/161\/2019\/08\/planning-entrainements-2019-2020-300x300.jpg\" alt=\"\" width=\"574\" height=\"574\" srcset=\"https:\/\/www.basketclubs.be\/jslbframeries\/wp-content\/uploads\/sites\/161\/2019\/08\/planning-entrainements-2019-2020-300x300.jpg 300w, https:\/\/www.basketclubs.be\/jslbframeries\/wp-content\/uploads\/sites\/161\/2019\/08\/planning-entrainements-2019-2020-150x150.jpg 150w, https:\/\/www.basketclubs.be\/jslbframeries\/wp-content\/uploads\/sites\/161\/2019\/08\/planning-entrainements-2019-2020.jpg 400w\" sizes=\"auto, (max-width: 574px) 100vw, 574px\" \/><\/p>\n","protected":false},"excerpt":{"rendered":"<p>Horaires provisoires des entra\u00eenements saison 2019-2020. Des modifications pourront avoir lieu en d\u00e9but de saison en fonction des souhaits des entra\u00eeneurs et de l&rsquo;occupation de la salle. Centre Sportif MAX AUDAIN Rue du Chapitre, 3\u00a0 \u00a0&#8211;\u00a0 7080 FRAMERIES &nbsp;<\/p>\n","protected":false},"author":239,"featured_media":0,"parent":0,"menu_order":0,"comment_status":"closed","ping_status":"closed","template":"page-templates\/page-practices.php","meta":{"footnotes":""},"class_list":["post-27","page","type-page","status-publish","hentry"],"_links":{"self":[{"href":"https:\/\/www.basketclubs.be\/jslbframeries\/wp-json\/wp\/v2\/pages\/27","targetHints":{"allow":["GET"]}}],"collection":[{"href":"https:\/\/www.basketclubs.be\/jslbframeries\/wp-json\/wp\/v2\/pages"}],"about":[{"href":"https:\/\/www.basketclubs.be\/jslbframeries\/wp-json\/wp\/v2\/types\/page"}],"author":[{"embeddable":true,"href":"https:\/\/www.basketclubs.be\/jslbframeries\/wp-json\/wp\/v2\/users\/239"}],"replies":[{"embeddable":true,"href":"https:\/\/www.basketclubs.be\/jslbframeries\/wp-json\/wp\/v2\/comments?post=27"}],"version-history":[{"count":5,"href":"https:\/\/www.basketclubs.be\/jslbframeries\/wp-json\/wp\/v2\/pages\/27\/revisions"}],"predecessor-version":[{"id":139,"href":"https:\/\/www.basketclubs.be\/jslbframeries\/wp-json\/wp\/v2\/pages\/27\/revisions\/139"}],"wp:attachment":[{"href":"https:\/\/www.basketclubs.be\/jslbframeries\/wp-json\/wp\/v2\/media?parent=27"}],"curies":[{"name":"wp","href":"https:\/\/api.w.org\/{rel}","templated":true}]}}