{"id":12,"date":"2015-05-06T21:17:56","date_gmt":"2015-05-06T19:17:56","guid":{"rendered":"https:\/\/www.basketclubs.be\/laaj0057\/?page_id=12"},"modified":"2016-10-09T22:12:13","modified_gmt":"2016-10-09T20:12:13","slug":"join","status":"publish","type":"page","link":"https:\/\/www.basketclubs.be\/laaj0057\/join\/","title":{"rendered":"S&rsquo;inscrire"},"content":{"rendered":"<p>1<\/p>\n<p class=\"aoclubs-enrollment-form-title\"><label for=\"widget-aoclubs-enrollment-form-2-title\">Titre:<\/label> <\/p>\n<p class=\"aoclubs-enrollment-form-recipient\"><label for=\"widget-aoclubs-enrollment-form-2-recipient\">Email du destinataire:<\/label> <\/p>\n<p class=\"aoclubs-enrollment-form-intro\"><label for=\"widget-aoclubs-enrollment-form-2-intro\">Texte d\u2019introduction:<\/label> <textarea id=\"widget-aoclubs-enrollment-form-2-intro\" class=\"widefat\" name=\"widget-aoclubs-enrollment-form[2][intro]\" rows=\"4\"><\/textarea><\/p>\n<p><label for=\"widget-aoclubs-enrollment-form-2-name\">Nom<\/label><\/p>\n<p><label for=\"widget-aoclubs-enrollment-form-2-firstname\">Pr\u00e9nom<\/label> <label for=\"widget-aoclubs-enrollment-form-2-birthdate\">Date de naissance<\/label> <label for=\"widget-aoclubs-enrollment-form-2-email\">Adresse email<\/label> <label for=\"widget-aoclubs-enrollment-form-2-phone\">T\u00e9l\u00e9phone<\/label> <label for=\"widget-aoclubs-enrollment-form-2-lastclub\">Dernier club<\/label> <label for=\"widget-aoclubs-enrollment-form-2-comment\">Commentaire<\/label><\/p>\n<div align=\"center\"><\/div>\n<p>2<\/p>\n","protected":false},"excerpt":{"rendered":"<p>1 Titre: Email du destinataire: Texte d\u2019introduction: Nom Pr\u00e9nom Date de naissance Adresse email T\u00e9l\u00e9phone Dernier club Commentaire 2<\/p>\n","protected":false},"author":27,"featured_media":0,"parent":0,"menu_order":0,"comment_status":"closed","ping_status":"closed","template":"page-templates\/page-join.php","meta":{"footnotes":""},"class_list":["post-12","page","type-page","status-publish","hentry"],"_links":{"self":[{"href":"https:\/\/www.basketclubs.be\/laaj0057\/wp-json\/wp\/v2\/pages\/12","targetHints":{"allow":["GET"]}}],"collection":[{"href":"https:\/\/www.basketclubs.be\/laaj0057\/wp-json\/wp\/v2\/pages"}],"about":[{"href":"https:\/\/www.basketclubs.be\/laaj0057\/wp-json\/wp\/v2\/types\/page"}],"author":[{"embeddable":true,"href":"https:\/\/www.basketclubs.be\/laaj0057\/wp-json\/wp\/v2\/users\/27"}],"replies":[{"embeddable":true,"href":"https:\/\/www.basketclubs.be\/laaj0057\/wp-json\/wp\/v2\/comments?post=12"}],"version-history":[{"count":5,"href":"https:\/\/www.basketclubs.be\/laaj0057\/wp-json\/wp\/v2\/pages\/12\/revisions"}],"predecessor-version":[{"id":3960,"href":"https:\/\/www.basketclubs.be\/laaj0057\/wp-json\/wp\/v2\/pages\/12\/revisions\/3960"}],"wp:attachment":[{"href":"https:\/\/www.basketclubs.be\/laaj0057\/wp-json\/wp\/v2\/media?parent=12"}],"curies":[{"name":"wp","href":"https:\/\/api.w.org\/{rel}","templated":true}]}}