{"id":14,"date":"2021-06-23T17:30:44","date_gmt":"2021-06-23T15:30:44","guid":{"rendered":"https:\/\/www.basketclubs.be\/laaj0057\/?page_id=14"},"modified":"2021-06-23T17:26:34","modified_gmt":"2021-06-23T15:26:34","slug":"documents","status":"publish","type":"page","link":"https:\/\/www.basketclubs.be\/laaj0057\/documents\/","title":{"rendered":"ASSURANCE SPORTIVE"},"content":{"rendered":"<h5><span style=\"color: #ff0000\"><span style=\"color: #0000ff\">VOICI LA NOUVELLE ADRESSE DE L&rsquo;ASSURANCE SPORTIVE<\/span><br \/>\n<\/span><\/h5>\n<h5>Veuillez transmettre le formulaire \u00e0 l\u2019adresse suivante svp ::<\/h5>\n<h5>ETHIAS<\/h5>\n<h5><strong>cpliege documents\u00a0 \u00e0 t\u00e9l\u00e9charger\/d\u00e9claration Accident AWBB<br \/>\n<\/strong><\/h5>\n","protected":false},"excerpt":{"rendered":"<p>VOICI LA NOUVELLE ADRESSE DE L&rsquo;ASSURANCE SPORTIVE Veuillez transmettre le formulaire \u00e0 l\u2019adresse suivante svp :: ETHIAS cpliege documents\u00a0 \u00e0 t\u00e9l\u00e9charger\/d\u00e9claration Accident AWBB<\/p>\n","protected":false},"author":27,"featured_media":0,"parent":0,"menu_order":0,"comment_status":"closed","ping_status":"closed","template":"page-templates\/page-documents.php","meta":{"footnotes":""},"class_list":["post-14","page","type-page","status-publish","hentry"],"_links":{"self":[{"href":"https:\/\/www.basketclubs.be\/laaj0057\/wp-json\/wp\/v2\/pages\/14","targetHints":{"allow":["GET"]}}],"collection":[{"href":"https:\/\/www.basketclubs.be\/laaj0057\/wp-json\/wp\/v2\/pages"}],"about":[{"href":"https:\/\/www.basketclubs.be\/laaj0057\/wp-json\/wp\/v2\/types\/page"}],"author":[{"embeddable":true,"href":"https:\/\/www.basketclubs.be\/laaj0057\/wp-json\/wp\/v2\/users\/27"}],"replies":[{"embeddable":true,"href":"https:\/\/www.basketclubs.be\/laaj0057\/wp-json\/wp\/v2\/comments?post=14"}],"version-history":[{"count":21,"href":"https:\/\/www.basketclubs.be\/laaj0057\/wp-json\/wp\/v2\/pages\/14\/revisions"}],"predecessor-version":[{"id":5017,"href":"https:\/\/www.basketclubs.be\/laaj0057\/wp-json\/wp\/v2\/pages\/14\/revisions\/5017"}],"wp:attachment":[{"href":"https:\/\/www.basketclubs.be\/laaj0057\/wp-json\/wp\/v2\/media?parent=14"}],"curies":[{"name":"wp","href":"https:\/\/api.w.org\/{rel}","templated":true}]}}