{"id":15,"date":"2021-06-23T17:05:32","date_gmt":"2021-06-23T15:05:32","guid":{"rendered":"https:\/\/www.basketclubs.be\/laaj0057\/?page_id=15"},"modified":"2021-06-23T17:25:25","modified_gmt":"2021-06-23T15:25:25","slug":"infos-1","status":"publish","type":"page","link":"https:\/\/www.basketclubs.be\/laaj0057\/infos-1\/","title":{"rendered":"MODIFICATIONS Coordonn\u00e9es"},"content":{"rendered":"<ul>\n<li>\n<h1><strong>En cas de modifications dans vos coordonn\u00e9es<br \/>\n<\/strong><\/h1>\n<h5>ADRESSE MAIL&#8212;GSM&#8212;D\u00c9M\u00c9NAGEMENT<\/h5>\n<h3>Veuillez pr\u00e9venir le secr\u00e9taire:<\/p>\n<p><span style=\"color: #073763;font-family: georgia, serif;font-size: large\"><b><u>Secr\u00e9tariat de Li\u00e8ge Atlas Ath\u00e9n\u00e9e de Jupille<\/u><\/b><\/span><\/h3>\n<p>En vous remerciant<\/li>\n<\/ul>\n","protected":false},"excerpt":{"rendered":"<p>En cas de modifications dans vos coordonn\u00e9es ADRESSE MAIL&#8212;GSM&#8212;D\u00c9M\u00c9NAGEMENT Veuillez pr\u00e9venir le secr\u00e9taire: Secr\u00e9tariat de Li\u00e8ge Atlas Ath\u00e9n\u00e9e de Jupille En vous remerciant<\/p>\n","protected":false},"author":27,"featured_media":0,"parent":0,"menu_order":0,"comment_status":"closed","ping_status":"closed","template":"page-templates\/page-free.php","meta":{"footnotes":""},"class_list":["post-15","page","type-page","status-publish","hentry"],"_links":{"self":[{"href":"https:\/\/www.basketclubs.be\/laaj0057\/wp-json\/wp\/v2\/pages\/15","targetHints":{"allow":["GET"]}}],"collection":[{"href":"https:\/\/www.basketclubs.be\/laaj0057\/wp-json\/wp\/v2\/pages"}],"about":[{"href":"https:\/\/www.basketclubs.be\/laaj0057\/wp-json\/wp\/v2\/types\/page"}],"author":[{"embeddable":true,"href":"https:\/\/www.basketclubs.be\/laaj0057\/wp-json\/wp\/v2\/users\/27"}],"replies":[{"embeddable":true,"href":"https:\/\/www.basketclubs.be\/laaj0057\/wp-json\/wp\/v2\/comments?post=15"}],"version-history":[{"count":15,"href":"https:\/\/www.basketclubs.be\/laaj0057\/wp-json\/wp\/v2\/pages\/15\/revisions"}],"predecessor-version":[{"id":5016,"href":"https:\/\/www.basketclubs.be\/laaj0057\/wp-json\/wp\/v2\/pages\/15\/revisions\/5016"}],"wp:attachment":[{"href":"https:\/\/www.basketclubs.be\/laaj0057\/wp-json\/wp\/v2\/media?parent=15"}],"curies":[{"name":"wp","href":"https:\/\/api.w.org\/{rel}","templated":true}]}}