{"id":16,"date":"2021-06-25T18:00:07","date_gmt":"2021-06-25T16:00:07","guid":{"rendered":"https:\/\/www.basketclubs.be\/laaj0057\/?page_id=16"},"modified":"2021-06-23T17:28:23","modified_gmt":"2021-06-23T15:28:23","slug":"infos-2","status":"publish","type":"page","link":"https:\/\/www.basketclubs.be\/laaj0057\/infos-2\/","title":{"rendered":"Le r\u00f4le du d\u00e9l\u00e9gu\u00e9"},"content":{"rendered":"<p>Le saviez-vous ? Quel est le r\u00f4le d\u2019un D\u00e9l\u00e9gu\u00e9 ? Est-il obligatoire ?<\/p>\n<p>Bonjour \u00e0 toutes et tous,<\/p>\n<p>Un D\u00e9l\u00e9gu\u00e9, est-ce obligatoire ? Oui, sinon c\u2019est l\u2019application du forfait, du moins dans tous les championnats donnant lieu \u00e0 un classement (art 76 du r\u00e8glement AWBB partie comp\u00e9tition).<\/p>\n<p>Quel est son r\u00f4le ? C\u2019est ce que vous allez pouvoir lire, ou relire, ci-dessous (extrait du r\u00e8glement AWBB, partie comp\u00e9tition) :<\/p>\n<p>ARTICLE 28 : DELEGUES AUX ARBITRES OU DE CLUB<br \/>\nIl y a deux types de d\u00e9l\u00e9gu\u00e9s<br \/>\na) \u00ab D\u00e9l\u00e9gu\u00e9 aux arbitres \u00bb pour toutes les rencontres 5c5 impliquant un arbitrage officiel<br \/>\nb) \u00ab D\u00e9l\u00e9gu\u00e9 de club \u00bb pour toutes les animations de mini-basket.<br \/>\n1. Obligations<br \/>\na) le club visit\u00e9, ainsi que le club visiteur, devront chacun pr\u00e9senter, avant le d\u00e9but de la rencontre, un d\u00e9l\u00e9gu\u00e9 aux arbitres ou un d\u00e9l\u00e9gu\u00e9 de club, licenci\u00e9 majeur, ou joueur majeur non align\u00e9. Le d\u00e9l\u00e9gu\u00e9 aux arbitres du club visit\u00e9 ou organisateur doit \u00eatre pr\u00e9sent 30 minutes avant le d\u00e9but de la rencontre afin d\u2019accueillir les arbitres;<br \/>\nb) ces d\u00e9l\u00e9gu\u00e9s, obligatoirement porteurs d\u2019un brassard aux couleurs du club auquel ils sont affect\u00e9s, seront continuellement \u00e0 la disposition des arbitres ou des clubs et ne pourront exercer d\u2019autres fonctions pendant la rencontre;<br \/>\nc) le d\u00e9l\u00e9gu\u00e9 aux arbitres ou du club visit\u00e9 doit, en outre, prendre toutes dispositions utiles pour obtenir la pr\u00e9sence de la police au terrain jusqu\u2019au d\u00e9part des officiels et des visiteurs. S\u2019il ne parvient pas \u00e0 obtenir cette pr\u00e9sence, il doit y suppl\u00e9er lui-m\u00eame par l\u2019adoption de toutes mesures utiles \u00e0 l\u2019effet d\u2019\u00e9viter des incidents.<br \/>\nLes rencontres pour les cat\u00e9gories mini-basket ne n\u00e9cessitent qu\u2019un d\u00e9l\u00e9gu\u00e9 de club.<br \/>\nSi le d\u00e9l\u00e9gu\u00e9 de club n\u2019est pas inscrit sur la feuille de marque ou est absent, une amende pr\u00e9vue au TTA sera appliqu\u00e9e.<br \/>\n2. Les d\u00e9l\u00e9gu\u00e9s aux arbitres auront notamment pour t\u00e2ches :<br \/>\na) A l\u2019arriv\u00e9e des arbitres et au plus tard 30 minutes avant le d\u00e9but de la rencontre, le d\u00e9l\u00e9gu\u00e9 visit\u00e9 doit leur remettre les cl\u00e9s des vestiaires et les r\u00e9cup\u00e9rer apr\u00e8s le match.<br \/>\nLe d\u00e9l\u00e9gu\u00e9 visiteur doit se pr\u00e9senter dans le vestiaire des arbitres 15 minutes avant le d\u00e9but de la rencontre;<br \/>\nb) Ils doivent<br \/>\n\u2013 se mettre continuellement \u00e0 la disposition des arbitres et veiller \u00e0 la s\u00e9curit\u00e9 et au confort des arbitres, des officiels et des joueurs;<br \/>\n\u2013 apporter leur concours \u00e0 l\u2019expulsion, d\u00e9cr\u00e9t\u00e9e par les arbitres, de personnes, soit de la zone neutre, soit dans le public;<br \/>\n\u2013 \u00eatre \u00e0 m\u00eame de renseigner les arbitres sur la conduite de leurs propres supporters et faire en sorte que l\u2019identit\u00e9 d\u2019un perturbateur soit imm\u00e9diatement connue;<br \/>\n\u2013 pr\u00e9venir, voire d\u2019emp\u00eacher, tout envahissement de terrain, avant, pendant ou apr\u00e8s la rencontre.<br \/>\n\u2013 Assister les joueurs, mineurs d\u2019\u00e2ge, lors de contr\u00f4le anti-dopage organis\u00e9 par la Communaut\u00e9 fran\u00e7aise, en cas d\u2019absence d\u2019un de leurs repr\u00e9sentants l\u00e9gaux.<br \/>\nLes d\u00e9l\u00e9gu\u00e9s aux arbitres devront se trouver dans la salle, EN DEHORS du public. Les arbitres pourront exiger que ces d\u00e9l\u00e9gu\u00e9s se trouvent \u00e0 une place qui leur sera d\u00e9sign\u00e9e.<br \/>\nS\u2019ils ne remplissent pas correctement leurs fonctions, l\u2019arbitre peut exiger leur remplacement.<br \/>\nEn cas d\u2019incidents, si les d\u00e9l\u00e9gu\u00e9s ne remplissent pas correctement leurs fonctions, les arbitres peuvent exiger leur<br \/>\nremplacement ou arr\u00eater la rencontre s\u2019ils ne trouvent pas de rempla\u00e7ant.<br \/>\nOutre l\u2019application de l\u2019article PC.49, le forfait de l\u2019une ou de l\u2019autre \u00e9quipe pourra \u00eatre prononc\u00e9, selon l\u2019article PC.73.<br \/>\n3. Le d\u00e9l\u00e9gu\u00e9 de club aura pour t\u00e2che d\u2019apporter son aide et sa collaboration en toutes circonstances, dans le cas d\u2019incident qui pourrait \u00e9mailler une animation de mini-basket.<br \/>\nIl pourra \u00e9galement encadrer les animations U12 \u00e0 condition d\u2019avoir suivi la formation correspondante.<\/p>\n<p>JMS.<\/p>\n","protected":false},"excerpt":{"rendered":"<p>Le saviez-vous ? Quel est le r\u00f4le d\u2019un D\u00e9l\u00e9gu\u00e9 ? Est-il obligatoire ? Bonjour \u00e0 toutes et tous, Un D\u00e9l\u00e9gu\u00e9, est-ce obligatoire ? Oui, sinon c\u2019est l\u2019application du forfait, du moins dans tous les championnats donnant lieu \u00e0 un classement (art 76 du r\u00e8glement AWBB partie comp\u00e9tition). Quel est son r\u00f4le ? C\u2019est ce que [&hellip;]<\/p>\n","protected":false},"author":27,"featured_media":0,"parent":0,"menu_order":0,"comment_status":"closed","ping_status":"closed","template":"page-templates\/page-free.php","meta":{"footnotes":""},"class_list":["post-16","page","type-page","status-publish","hentry"],"_links":{"self":[{"href":"https:\/\/www.basketclubs.be\/laaj0057\/wp-json\/wp\/v2\/pages\/16","targetHints":{"allow":["GET"]}}],"collection":[{"href":"https:\/\/www.basketclubs.be\/laaj0057\/wp-json\/wp\/v2\/pages"}],"about":[{"href":"https:\/\/www.basketclubs.be\/laaj0057\/wp-json\/wp\/v2\/types\/page"}],"author":[{"embeddable":true,"href":"https:\/\/www.basketclubs.be\/laaj0057\/wp-json\/wp\/v2\/users\/27"}],"replies":[{"embeddable":true,"href":"https:\/\/www.basketclubs.be\/laaj0057\/wp-json\/wp\/v2\/comments?post=16"}],"version-history":[{"count":8,"href":"https:\/\/www.basketclubs.be\/laaj0057\/wp-json\/wp\/v2\/pages\/16\/revisions"}],"predecessor-version":[{"id":5019,"href":"https:\/\/www.basketclubs.be\/laaj0057\/wp-json\/wp\/v2\/pages\/16\/revisions\/5019"}],"wp:attachment":[{"href":"https:\/\/www.basketclubs.be\/laaj0057\/wp-json\/wp\/v2\/media?parent=16"}],"curies":[{"name":"wp","href":"https:\/\/api.w.org\/{rel}","templated":true}]}}