{"id":17,"date":"2016-11-04T08:49:44","date_gmt":"2016-11-04T06:49:44","guid":{"rendered":"https:\/\/www.basketclubs.be\/laaj0057\/?page_id=17"},"modified":"2016-11-04T08:49:44","modified_gmt":"2016-11-04T06:49:44","slug":"infos-3","status":"publish","type":"page","link":"https:\/\/www.basketclubs.be\/laaj0057\/infos-3\/","title":{"rendered":"ITINERAIRE"},"content":{"rendered":"<p><img loading=\"lazy\" decoding=\"async\" src=\"http:\/\/ath0057.free.fr\/clip_image002_0073.jpg\" width=\"593\" height=\"455\" \/><\/p>\n<p align=\"center\"><u><span class=\"Style5\">AUTOROUTE E25 &#8211; MAASTRICHT\/LI\u00c8GE <\/span><\/u><\/p>\n<div id=\"rb\" class=\"Style1\">\n<div align=\"center\">\n<p><u><span class=\"Style9\">Sortie N\u00b06<\/span><\/u> &#8211;<u><span class=\"Style10\">Jupille\/Ile\u00a0 Monsin<\/span><\/u>,prendre \u00e0 gauche et puis \u00e0 droite<\/p>\n<p>Avenue Georges Truffaut(270m),puis \u00e0 gauche Rue du Gay Village<\/p>\n<p>(200m),arriv\u00e9 au rond point ,prendre \u00e0 gauche &#8212;Avenue de<\/p>\n<p>Jupille(130m) .<\/p>\n<p>Prendre \u00e0 droite &#8212;Avenue Georges Pr\u00e9vers(290m),prendre \u00e0 droite<\/p>\n<p>Rue de Vis\u00e9(N642)(390m),<\/p>\n<p>Prendre \u00e0 gauche &#8212;Rue Charlemagne (310m) ,continuer sur la &#8212;<\/p>\n<p>Rue du Commandant Duchesne(180m),puis prendre \u00e0 droite&#8212;Rue de<\/p>\n<p>Bois de Breux(640m) ,prendre \u00e0 gauche &#8212; Voie du Herdier (43m)et<\/p>\n<p>vous \u00eates arriv\u00e9 .<\/p>\n<\/div>\n<\/div>\n","protected":false},"excerpt":{"rendered":"<p>AUTOROUTE E25 &#8211; MAASTRICHT\/LI\u00c8GE Sortie N\u00b06 &#8211;Jupille\/Ile\u00a0 Monsin,prendre \u00e0 gauche et puis \u00e0 droite Avenue Georges Truffaut(270m),puis \u00e0 gauche Rue du Gay Village (200m),arriv\u00e9 au rond point ,prendre \u00e0 gauche &#8212;Avenue de Jupille(130m) . Prendre \u00e0 droite &#8212;Avenue Georges Pr\u00e9vers(290m),prendre \u00e0 droite Rue de Vis\u00e9(N642)(390m), Prendre \u00e0 gauche &#8212;Rue Charlemagne (310m) ,continuer sur la &#8212; [&hellip;]<\/p>\n","protected":false},"author":27,"featured_media":0,"parent":0,"menu_order":0,"comment_status":"closed","ping_status":"closed","template":"page-templates\/page-free.php","meta":{"footnotes":""},"class_list":["post-17","page","type-page","status-publish","hentry"],"_links":{"self":[{"href":"https:\/\/www.basketclubs.be\/laaj0057\/wp-json\/wp\/v2\/pages\/17","targetHints":{"allow":["GET"]}}],"collection":[{"href":"https:\/\/www.basketclubs.be\/laaj0057\/wp-json\/wp\/v2\/pages"}],"about":[{"href":"https:\/\/www.basketclubs.be\/laaj0057\/wp-json\/wp\/v2\/types\/page"}],"author":[{"embeddable":true,"href":"https:\/\/www.basketclubs.be\/laaj0057\/wp-json\/wp\/v2\/users\/27"}],"replies":[{"embeddable":true,"href":"https:\/\/www.basketclubs.be\/laaj0057\/wp-json\/wp\/v2\/comments?post=17"}],"version-history":[{"count":2,"href":"https:\/\/www.basketclubs.be\/laaj0057\/wp-json\/wp\/v2\/pages\/17\/revisions"}],"predecessor-version":[{"id":3967,"href":"https:\/\/www.basketclubs.be\/laaj0057\/wp-json\/wp\/v2\/pages\/17\/revisions\/3967"}],"wp:attachment":[{"href":"https:\/\/www.basketclubs.be\/laaj0057\/wp-json\/wp\/v2\/media?parent=17"}],"curies":[{"name":"wp","href":"https:\/\/api.w.org\/{rel}","templated":true}]}}